{"id":14967,"date":"2023-11-03T21:54:38","date_gmt":"2023-11-03T21:54:38","guid":{"rendered":"https:\/\/kind.ee\/?post_type=product&#038;p=14967"},"modified":"2025-06-15T17:27:38","modified_gmt":"2025-06-15T17:27:38","slug":"koogiratik-kitch","status":"publish","type":"product","link":"https:\/\/kind.ee\/et\/toode\/koogiratik-kitch\/","title":{"rendered":"k\u00f6\u00f6gir\u00e4tik Kitch"},"content":{"rendered":"","protected":false},"excerpt":{"rendered":"","protected":false},"featured_media":14972,"template":"","meta":[],"product_brand":[],"product_cat":[619,616],"product_tag":[],"class_list":{"0":"post-14967","1":"product","2":"type-product","3":"status-publish","4":"has-post-thumbnail","6":"product_cat-kodu","7":"product_cat-meened","9":"first","10":"instock","11":"shipping-taxable","12":"purchasable","13":"product-type-simple"},"acf":{"muugi_argumendid":[],"sertifikaadid":[],"season":[],"loige":"","suuruste_tabel":false,"paksus":"","min_kogus":"5","kangas":"","kanga-info":"","mootmed":"K\u00f5rgus: 65 cm<br \/>\r\nLaius: 40 cm<br \/>\r\nKaal: 53 g","toote_pildid_varvide_kaupa":[{"pildid":[{"ID":14978,"id":14978,"title":"mo6871-07","filename":"mo6871-07.jpeg","filesize":17420,"url":"https:\/\/kind.ee\/wp-content\/uploads\/2023\/11\/mo6871-07.jpeg","link":"https:\/\/kind.ee\/et\/?attachment_id=14978","alt":"","author":"4","description":"","caption":"","name":"mo6871-07","status":"inherit","uploaded_to":14967,"date":"2023-11-03 21:52:40","modified":"2023-11-03 21:52:40","menu_order":0,"mime_type":"image\/jpeg","type":"image","subtype":"jpeg","icon":"https:\/\/kind.ee\/wp-includes\/images\/media\/default.png","width":700,"height":700,"sizes":{"thumbnail":"https:\/\/kind.ee\/wp-content\/uploads\/2023\/11\/mo6871-07-150x150.jpeg","thumbnail-width":150,"thumbnail-height":150,"medium":"https:\/\/kind.ee\/wp-content\/uploads\/2023\/11\/mo6871-07-300x300.jpeg","medium-width":300,"medium-height":300,"medium_large":"https:\/\/kind.ee\/wp-content\/uploads\/2023\/11\/mo6871-07.jpeg","medium_large-width":700,"medium_large-height":700,"large":"https:\/\/kind.ee\/wp-content\/uploads\/2023\/11\/mo6871-07.jpeg","large-width":700,"large-height":700,"1536x1536":"https:\/\/kind.ee\/wp-content\/uploads\/2023\/11\/mo6871-07.jpeg","1536x1536-width":700,"1536x1536-height":700,"2048x2048":"https:\/\/kind.ee\/wp-content\/uploads\/2023\/11\/mo6871-07.jpeg","2048x2048-width":700,"2048x2048-height":700,"galerii_large":"https:\/\/kind.ee\/wp-content\/uploads\/2023\/11\/mo6871-07.jpeg","galerii_large-width":700,"galerii_large-height":700,"galerii_large_retina":"https:\/\/kind.ee\/wp-content\/uploads\/2023\/11\/mo6871-07.jpeg","galerii_large_retina-width":700,"galerii_large_retina-height":700,"woocommerce_thumbnail":"https:\/\/kind.ee\/wp-content\/uploads\/2023\/11\/mo6871-07-300x300.jpeg","woocommerce_thumbnail-width":300,"woocommerce_thumbnail-height":300,"woocommerce_single":"https:\/\/kind.ee\/wp-content\/uploads\/2023\/11\/mo6871-07-600x600.jpeg","woocommerce_single-width":600,"woocommerce_single-height":600,"woocommerce_gallery_thumbnail":"https:\/\/kind.ee\/wp-content\/uploads\/2023\/11\/mo6871-07-100x100.jpeg","woocommerce_gallery_thumbnail-width":100,"woocommerce_gallery_thumbnail-height":100}},{"ID":14976,"id":14976,"title":"mo6871-07-side","filename":"mo6871-07-side.jpeg","filesize":40434,"url":"https:\/\/kind.ee\/wp-content\/uploads\/2023\/11\/mo6871-07-side.jpeg","link":"https:\/\/kind.ee\/et\/?attachment_id=14976","alt":"","author":"4","description":"","caption":"","name":"mo6871-07-side","status":"inherit","uploaded_to":14967,"date":"2023-11-03 21:52:37","modified":"2023-11-03 21:54:01","menu_order":0,"mime_type":"image\/jpeg","type":"image","subtype":"jpeg","icon":"https:\/\/kind.ee\/wp-includes\/images\/media\/default.png","width":700,"height":700,"sizes":{"thumbnail":"https:\/\/kind.ee\/wp-content\/uploads\/2023\/11\/mo6871-07-side-150x150.jpeg","thumbnail-width":150,"thumbnail-height":150,"medium":"https:\/\/kind.ee\/wp-content\/uploads\/2023\/11\/mo6871-07-side-300x300.jpeg","medium-width":300,"medium-height":300,"medium_large":"https:\/\/kind.ee\/wp-content\/uploads\/2023\/11\/mo6871-07-side.jpeg","medium_large-width":700,"medium_large-height":700,"large":"https:\/\/kind.ee\/wp-content\/uploads\/2023\/11\/mo6871-07-side.jpeg","large-width":700,"large-height":700,"1536x1536":"https:\/\/kind.ee\/wp-content\/uploads\/2023\/11\/mo6871-07-side.jpeg","1536x1536-width":700,"1536x1536-height":700,"2048x2048":"https:\/\/kind.ee\/wp-content\/uploads\/2023\/11\/mo6871-07-side.jpeg","2048x2048-width":700,"2048x2048-height":700,"galerii_large":"https:\/\/kind.ee\/wp-content\/uploads\/2023\/11\/mo6871-07-side.jpeg","galerii_large-width":700,"galerii_large-height":700,"galerii_large_retina":"https:\/\/kind.ee\/wp-content\/uploads\/2023\/11\/mo6871-07-side.jpeg","galerii_large_retina-width":700,"galerii_large_retina-height":700,"woocommerce_thumbnail":"https:\/\/kind.ee\/wp-content\/uploads\/2023\/11\/mo6871-07-side-300x300.jpeg","woocommerce_thumbnail-width":300,"woocommerce_thumbnail-height":300,"woocommerce_single":"https:\/\/kind.ee\/wp-content\/uploads\/2023\/11\/mo6871-07-side-600x600.jpeg","woocommerce_single-width":600,"woocommerce_single-height":600,"woocommerce_gallery_thumbnail":"https:\/\/kind.ee\/wp-content\/uploads\/2023\/11\/mo6871-07-side-100x100.jpeg","woocommerce_gallery_thumbnail-width":100,"woocommerce_gallery_thumbnail-height":100}}],"varvikood":false,"varvid-native":false,"varvid-stedman":false,"varvikood-neutral":false,"varvid-sols":false,"midoceani_varvid":711,"purewaste":false,"beechfield-varvid":false,"bagbase":false,"mepal":false},{"pildid":[{"ID":14974,"id":14974,"title":"mo6871-05","filename":"mo6871-05.jpeg","filesize":19787,"url":"https:\/\/kind.ee\/wp-content\/uploads\/2023\/11\/mo6871-05.jpeg","link":"https:\/\/kind.ee\/et\/?attachment_id=14974","alt":"","author":"4","description":"","caption":"","name":"mo6871-05","status":"inherit","uploaded_to":14967,"date":"2023-11-03 21:52:34","modified":"2023-11-03 21:52:34","menu_order":0,"mime_type":"image\/jpeg","type":"image","subtype":"jpeg","icon":"https:\/\/kind.ee\/wp-includes\/images\/media\/default.png","width":700,"height":700,"sizes":{"thumbnail":"https:\/\/kind.ee\/wp-content\/uploads\/2023\/11\/mo6871-05-150x150.jpeg","thumbnail-width":150,"thumbnail-height":150,"medium":"https:\/\/kind.ee\/wp-content\/uploads\/2023\/11\/mo6871-05-300x300.jpeg","medium-width":300,"medium-height":300,"medium_large":"https:\/\/kind.ee\/wp-content\/uploads\/2023\/11\/mo6871-05.jpeg","medium_large-width":700,"medium_large-height":700,"large":"https:\/\/kind.ee\/wp-content\/uploads\/2023\/11\/mo6871-05.jpeg","large-width":700,"large-height":700,"1536x1536":"https:\/\/kind.ee\/wp-content\/uploads\/2023\/11\/mo6871-05.jpeg","1536x1536-width":700,"1536x1536-height":700,"2048x2048":"https:\/\/kind.ee\/wp-content\/uploads\/2023\/11\/mo6871-05.jpeg","2048x2048-width":700,"2048x2048-height":700,"galerii_large":"https:\/\/kind.ee\/wp-content\/uploads\/2023\/11\/mo6871-05.jpeg","galerii_large-width":700,"galerii_large-height":700,"galerii_large_retina":"https:\/\/kind.ee\/wp-content\/uploads\/2023\/11\/mo6871-05.jpeg","galerii_large_retina-width":700,"galerii_large_retina-height":700,"woocommerce_thumbnail":"https:\/\/kind.ee\/wp-content\/uploads\/2023\/11\/mo6871-05-300x300.jpeg","woocommerce_thumbnail-width":300,"woocommerce_thumbnail-height":300,"woocommerce_single":"https:\/\/kind.ee\/wp-content\/uploads\/2023\/11\/mo6871-05-600x600.jpeg","woocommerce_single-width":600,"woocommerce_single-height":600,"woocommerce_gallery_thumbnail":"https:\/\/kind.ee\/wp-content\/uploads\/2023\/11\/mo6871-05-100x100.jpeg","woocommerce_gallery_thumbnail-width":100,"woocommerce_gallery_thumbnail-height":100}},{"ID":14972,"id":14972,"title":"mo6871-05-side","filename":"mo6871-05-side.jpeg","filesize":54845,"url":"https:\/\/kind.ee\/wp-content\/uploads\/2023\/11\/mo6871-05-side.jpeg","link":"https:\/\/kind.ee\/et\/?attachment_id=14972","alt":"","author":"4","description":"","caption":"","name":"mo6871-05-side","status":"inherit","uploaded_to":14967,"date":"2023-11-03 21:52:31","modified":"2023-11-03 21:54:16","menu_order":0,"mime_type":"image\/jpeg","type":"image","subtype":"jpeg","icon":"https:\/\/kind.ee\/wp-includes\/images\/media\/default.png","width":700,"height":700,"sizes":{"thumbnail":"https:\/\/kind.ee\/wp-content\/uploads\/2023\/11\/mo6871-05-side-150x150.jpeg","thumbnail-width":150,"thumbnail-height":150,"medium":"https:\/\/kind.ee\/wp-content\/uploads\/2023\/11\/mo6871-05-side-300x300.jpeg","medium-width":300,"medium-height":300,"medium_large":"https:\/\/kind.ee\/wp-content\/uploads\/2023\/11\/mo6871-05-side.jpeg","medium_large-width":700,"medium_large-height":700,"large":"https:\/\/kind.ee\/wp-content\/uploads\/2023\/11\/mo6871-05-side.jpeg","large-width":700,"large-height":700,"1536x1536":"https:\/\/kind.ee\/wp-content\/uploads\/2023\/11\/mo6871-05-side.jpeg","1536x1536-width":700,"1536x1536-height":700,"2048x2048":"https:\/\/kind.ee\/wp-content\/uploads\/2023\/11\/mo6871-05-side.jpeg","2048x2048-width":700,"2048x2048-height":700,"galerii_large":"https:\/\/kind.ee\/wp-content\/uploads\/2023\/11\/mo6871-05-side.jpeg","galerii_large-width":700,"galerii_large-height":700,"galerii_large_retina":"https:\/\/kind.ee\/wp-content\/uploads\/2023\/11\/mo6871-05-side.jpeg","galerii_large_retina-width":700,"galerii_large_retina-height":700,"woocommerce_thumbnail":"https:\/\/kind.ee\/wp-content\/uploads\/2023\/11\/mo6871-05-side-300x300.jpeg","woocommerce_thumbnail-width":300,"woocommerce_thumbnail-height":300,"woocommerce_single":"https:\/\/kind.ee\/wp-content\/uploads\/2023\/11\/mo6871-05-side-600x600.jpeg","woocommerce_single-width":600,"woocommerce_single-height":600,"woocommerce_gallery_thumbnail":"https:\/\/kind.ee\/wp-content\/uploads\/2023\/11\/mo6871-05-side-100x100.jpeg","woocommerce_gallery_thumbnail-width":100,"woocommerce_gallery_thumbnail-height":100}}],"varvikood":false,"varvid-native":false,"varvid-stedman":false,"varvikood-neutral":false,"varvid-sols":false,"midoceani_varvid":683,"purewaste":false,"beechfield-varvid":false,"bagbase":false,"mepal":false},{"pildid":[{"ID":14970,"id":14970,"title":"mo6871-04","filename":"mo6871-04.jpeg","filesize":19651,"url":"https:\/\/kind.ee\/wp-content\/uploads\/2023\/11\/mo6871-04.jpeg","link":"https:\/\/kind.ee\/et\/?attachment_id=14970","alt":"","author":"4","description":"","caption":"","name":"mo6871-04","status":"inherit","uploaded_to":14967,"date":"2023-11-03 21:52:28","modified":"2023-11-03 21:52:28","menu_order":0,"mime_type":"image\/jpeg","type":"image","subtype":"jpeg","icon":"https:\/\/kind.ee\/wp-includes\/images\/media\/default.png","width":700,"height":700,"sizes":{"thumbnail":"https:\/\/kind.ee\/wp-content\/uploads\/2023\/11\/mo6871-04-150x150.jpeg","thumbnail-width":150,"thumbnail-height":150,"medium":"https:\/\/kind.ee\/wp-content\/uploads\/2023\/11\/mo6871-04-300x300.jpeg","medium-width":300,"medium-height":300,"medium_large":"https:\/\/kind.ee\/wp-content\/uploads\/2023\/11\/mo6871-04.jpeg","medium_large-width":700,"medium_large-height":700,"large":"https:\/\/kind.ee\/wp-content\/uploads\/2023\/11\/mo6871-04.jpeg","large-width":700,"large-height":700,"1536x1536":"https:\/\/kind.ee\/wp-content\/uploads\/2023\/11\/mo6871-04.jpeg","1536x1536-width":700,"1536x1536-height":700,"2048x2048":"https:\/\/kind.ee\/wp-content\/uploads\/2023\/11\/mo6871-04.jpeg","2048x2048-width":700,"2048x2048-height":700,"galerii_large":"https:\/\/kind.ee\/wp-content\/uploads\/2023\/11\/mo6871-04.jpeg","galerii_large-width":700,"galerii_large-height":700,"galerii_large_retina":"https:\/\/kind.ee\/wp-content\/uploads\/2023\/11\/mo6871-04.jpeg","galerii_large_retina-width":700,"galerii_large_retina-height":700,"woocommerce_thumbnail":"https:\/\/kind.ee\/wp-content\/uploads\/2023\/11\/mo6871-04-300x300.jpeg","woocommerce_thumbnail-width":300,"woocommerce_thumbnail-height":300,"woocommerce_single":"https:\/\/kind.ee\/wp-content\/uploads\/2023\/11\/mo6871-04-600x600.jpeg","woocommerce_single-width":600,"woocommerce_single-height":600,"woocommerce_gallery_thumbnail":"https:\/\/kind.ee\/wp-content\/uploads\/2023\/11\/mo6871-04-100x100.jpeg","woocommerce_gallery_thumbnail-width":100,"woocommerce_gallery_thumbnail-height":100}},{"ID":14968,"id":14968,"title":"mo6871-04-side","filename":"mo6871-04-side.jpeg","filesize":53759,"url":"https:\/\/kind.ee\/wp-content\/uploads\/2023\/11\/mo6871-04-side.jpeg","link":"https:\/\/kind.ee\/et\/?attachment_id=14968","alt":"","author":"4","description":"","caption":"","name":"mo6871-04-side","status":"inherit","uploaded_to":14967,"date":"2023-11-03 21:52:24","modified":"2023-11-03 21:54:26","menu_order":0,"mime_type":"image\/jpeg","type":"image","subtype":"jpeg","icon":"https:\/\/kind.ee\/wp-includes\/images\/media\/default.png","width":700,"height":700,"sizes":{"thumbnail":"https:\/\/kind.ee\/wp-content\/uploads\/2023\/11\/mo6871-04-side-150x150.jpeg","thumbnail-width":150,"thumbnail-height":150,"medium":"https:\/\/kind.ee\/wp-content\/uploads\/2023\/11\/mo6871-04-side-300x300.jpeg","medium-width":300,"medium-height":300,"medium_large":"https:\/\/kind.ee\/wp-content\/uploads\/2023\/11\/mo6871-04-side.jpeg","medium_large-width":700,"medium_large-height":700,"large":"https:\/\/kind.ee\/wp-content\/uploads\/2023\/11\/mo6871-04-side.jpeg","large-width":700,"large-height":700,"1536x1536":"https:\/\/kind.ee\/wp-content\/uploads\/2023\/11\/mo6871-04-side.jpeg","1536x1536-width":700,"1536x1536-height":700,"2048x2048":"https:\/\/kind.ee\/wp-content\/uploads\/2023\/11\/mo6871-04-side.jpeg","2048x2048-width":700,"2048x2048-height":700,"galerii_large":"https:\/\/kind.ee\/wp-content\/uploads\/2023\/11\/mo6871-04-side.jpeg","galerii_large-width":700,"galerii_large-height":700,"galerii_large_retina":"https:\/\/kind.ee\/wp-content\/uploads\/2023\/11\/mo6871-04-side.jpeg","galerii_large_retina-width":700,"galerii_large_retina-height":700,"woocommerce_thumbnail":"https:\/\/kind.ee\/wp-content\/uploads\/2023\/11\/mo6871-04-side-300x300.jpeg","woocommerce_thumbnail-width":300,"woocommerce_thumbnail-height":300,"woocommerce_single":"https:\/\/kind.ee\/wp-content\/uploads\/2023\/11\/mo6871-04-side-600x600.jpeg","woocommerce_single-width":600,"woocommerce_single-height":600,"woocommerce_gallery_thumbnail":"https:\/\/kind.ee\/wp-content\/uploads\/2023\/11\/mo6871-04-side-100x100.jpeg","woocommerce_gallery_thumbnail-width":100,"woocommerce_gallery_thumbnail-height":100}}],"varvikood":false,"varvid-native":false,"varvid-stedman":false,"varvikood-neutral":false,"varvid-sols":false,"midoceani_varvid":709,"purewaste":false,"beechfield-varvid":false,"bagbase":false,"mepal":false}],"tooteinfo":"Taaskasutatud materjalist k\u00f6\u00f6gir\u00e4tik.","materjal":"Taaskasutatud rPET","varvus":""},"_links":{"self":[{"href":"https:\/\/kind.ee\/et\/wp-json\/wp\/v2\/product\/14967","targetHints":{"allow":["GET"]}}],"collection":[{"href":"https:\/\/kind.ee\/et\/wp-json\/wp\/v2\/product"}],"about":[{"href":"https:\/\/kind.ee\/et\/wp-json\/wp\/v2\/types\/product"}],"wp:featuredmedia":[{"embeddable":true,"href":"https:\/\/kind.ee\/et\/wp-json\/wp\/v2\/media\/14972"}],"wp:attachment":[{"href":"https:\/\/kind.ee\/et\/wp-json\/wp\/v2\/media?parent=14967"}],"wp:term":[{"taxonomy":"product_brand","embeddable":true,"href":"https:\/\/kind.ee\/et\/wp-json\/wp\/v2\/product_brand?post=14967"},{"taxonomy":"product_cat","embeddable":true,"href":"https:\/\/kind.ee\/et\/wp-json\/wp\/v2\/product_cat?post=14967"},{"taxonomy":"product_tag","embeddable":true,"href":"https:\/\/kind.ee\/et\/wp-json\/wp\/v2\/product_tag?post=14967"}],"curies":[{"name":"wp","href":"https:\/\/api.w.org\/{rel}","templated":true}]}}