{"id":14863,"date":"2023-11-03T20:55:25","date_gmt":"2023-11-03T20:55:25","guid":{"rendered":"https:\/\/kind.ee\/?post_type=product&#038;p=14863"},"modified":"2025-06-15T17:27:42","modified_gmt":"2025-06-15T17:27:42","slug":"kaepidemega-joogipudel-tenere","status":"publish","type":"product","link":"https:\/\/kind.ee\/et\/toode\/kaepidemega-joogipudel-tenere\/","title":{"rendered":"k\u00e4epidemega joogipudel Tenere"},"content":{"rendered":"","protected":false},"excerpt":{"rendered":"","protected":false},"featured_media":14868,"template":"","meta":[],"product_brand":[],"product_cat":[616,624],"product_tag":[748],"class_list":{"0":"post-14863","1":"product","2":"type-product","3":"status-publish","4":"has-post-thumbnail","6":"product_cat-meened","7":"product_cat-noud","8":"product_tag-veepudel","10":"first","11":"instock","12":"shipping-taxable","13":"purchasable","14":"product-type-simple"},"acf":{"muugi_argumendid":[],"sertifikaadid":[],"season":[],"loige":"","suuruste_tabel":false,"paksus":"","min_kogus":"5","kangas":"","kanga-info":"","mootmed":"Mahutavus: 750 ml<br \/>\r\nK\u00f5rgus: 26.5 cm<br \/>\r\nDiameeter: 7 cm<br \/>\r\nKaal: 162 g","toote_pildid_varvide_kaupa":[{"pildid":[{"ID":14870,"id":14870,"title":"mo7490-16","filename":"mo7490-16.jpeg","filesize":17192,"url":"https:\/\/kind.ee\/wp-content\/uploads\/2023\/11\/mo7490-16.jpeg","link":"https:\/\/kind.ee\/et\/?attachment_id=14870","alt":"","author":"4","description":"","caption":"","name":"mo7490-16","status":"inherit","uploaded_to":14863,"date":"2023-11-03 20:52:33","modified":"2023-11-03 20:54:20","menu_order":0,"mime_type":"image\/jpeg","type":"image","subtype":"jpeg","icon":"https:\/\/kind.ee\/wp-includes\/images\/media\/default.png","width":700,"height":700,"sizes":{"thumbnail":"https:\/\/kind.ee\/wp-content\/uploads\/2023\/11\/mo7490-16-150x150.jpeg","thumbnail-width":150,"thumbnail-height":150,"medium":"https:\/\/kind.ee\/wp-content\/uploads\/2023\/11\/mo7490-16-300x300.jpeg","medium-width":300,"medium-height":300,"medium_large":"https:\/\/kind.ee\/wp-content\/uploads\/2023\/11\/mo7490-16.jpeg","medium_large-width":700,"medium_large-height":700,"large":"https:\/\/kind.ee\/wp-content\/uploads\/2023\/11\/mo7490-16.jpeg","large-width":700,"large-height":700,"1536x1536":"https:\/\/kind.ee\/wp-content\/uploads\/2023\/11\/mo7490-16.jpeg","1536x1536-width":700,"1536x1536-height":700,"2048x2048":"https:\/\/kind.ee\/wp-content\/uploads\/2023\/11\/mo7490-16.jpeg","2048x2048-width":700,"2048x2048-height":700,"galerii_large":"https:\/\/kind.ee\/wp-content\/uploads\/2023\/11\/mo7490-16.jpeg","galerii_large-width":700,"galerii_large-height":700,"galerii_large_retina":"https:\/\/kind.ee\/wp-content\/uploads\/2023\/11\/mo7490-16.jpeg","galerii_large_retina-width":700,"galerii_large_retina-height":700,"woocommerce_thumbnail":"https:\/\/kind.ee\/wp-content\/uploads\/2023\/11\/mo7490-16-300x300.jpeg","woocommerce_thumbnail-width":300,"woocommerce_thumbnail-height":300,"woocommerce_single":"https:\/\/kind.ee\/wp-content\/uploads\/2023\/11\/mo7490-16-600x600.jpeg","woocommerce_single-width":600,"woocommerce_single-height":600,"woocommerce_gallery_thumbnail":"https:\/\/kind.ee\/wp-content\/uploads\/2023\/11\/mo7490-16-100x100.jpeg","woocommerce_gallery_thumbnail-width":100,"woocommerce_gallery_thumbnail-height":100}}],"varvikood":false,"varvid-native":false,"varvid-stedman":false,"varvikood-neutral":false,"varvid-sols":false,"midoceani_varvid":686,"purewaste":false,"beechfield-varvid":false,"bagbase":false,"mepal":false},{"pildid":[{"ID":14864,"id":14864,"title":"mo7490-03","filename":"mo7490-03.jpeg","filesize":15646,"url":"https:\/\/kind.ee\/wp-content\/uploads\/2023\/11\/mo7490-03.jpeg","link":"https:\/\/kind.ee\/et\/?attachment_id=14864","alt":"","author":"4","description":"","caption":"","name":"mo7490-03","status":"inherit","uploaded_to":14863,"date":"2023-11-03 20:52:21","modified":"2023-11-03 20:54:47","menu_order":0,"mime_type":"image\/jpeg","type":"image","subtype":"jpeg","icon":"https:\/\/kind.ee\/wp-includes\/images\/media\/default.png","width":700,"height":700,"sizes":{"thumbnail":"https:\/\/kind.ee\/wp-content\/uploads\/2023\/11\/mo7490-03-150x150.jpeg","thumbnail-width":150,"thumbnail-height":150,"medium":"https:\/\/kind.ee\/wp-content\/uploads\/2023\/11\/mo7490-03-300x300.jpeg","medium-width":300,"medium-height":300,"medium_large":"https:\/\/kind.ee\/wp-content\/uploads\/2023\/11\/mo7490-03.jpeg","medium_large-width":700,"medium_large-height":700,"large":"https:\/\/kind.ee\/wp-content\/uploads\/2023\/11\/mo7490-03.jpeg","large-width":700,"large-height":700,"1536x1536":"https:\/\/kind.ee\/wp-content\/uploads\/2023\/11\/mo7490-03.jpeg","1536x1536-width":700,"1536x1536-height":700,"2048x2048":"https:\/\/kind.ee\/wp-content\/uploads\/2023\/11\/mo7490-03.jpeg","2048x2048-width":700,"2048x2048-height":700,"galerii_large":"https:\/\/kind.ee\/wp-content\/uploads\/2023\/11\/mo7490-03.jpeg","galerii_large-width":700,"galerii_large-height":700,"galerii_large_retina":"https:\/\/kind.ee\/wp-content\/uploads\/2023\/11\/mo7490-03.jpeg","galerii_large_retina-width":700,"galerii_large_retina-height":700,"woocommerce_thumbnail":"https:\/\/kind.ee\/wp-content\/uploads\/2023\/11\/mo7490-03-300x300.jpeg","woocommerce_thumbnail-width":300,"woocommerce_thumbnail-height":300,"woocommerce_single":"https:\/\/kind.ee\/wp-content\/uploads\/2023\/11\/mo7490-03-600x600.jpeg","woocommerce_single-width":600,"woocommerce_single-height":600,"woocommerce_gallery_thumbnail":"https:\/\/kind.ee\/wp-content\/uploads\/2023\/11\/mo7490-03-100x100.jpeg","woocommerce_gallery_thumbnail-width":100,"woocommerce_gallery_thumbnail-height":100}}],"varvikood":false,"varvid-native":false,"varvid-stedman":false,"varvikood-neutral":false,"varvid-sols":false,"midoceani_varvid":682,"purewaste":false,"beechfield-varvid":false,"bagbase":false,"mepal":false},{"pildid":[{"ID":14868,"id":14868,"title":"mo7490-05","filename":"mo7490-05-e1699044972951.jpeg","filesize":21359,"url":"https:\/\/kind.ee\/wp-content\/uploads\/2023\/11\/mo7490-05-e1699044972951.jpeg","link":"https:\/\/kind.ee\/et\/?attachment_id=14868","alt":"","author":"4","description":"","caption":"","name":"mo7490-05","status":"inherit","uploaded_to":14863,"date":"2023-11-03 20:52:29","modified":"2023-11-03 20:55:06","menu_order":0,"mime_type":"image\/jpeg","type":"image","subtype":"jpeg","icon":"https:\/\/kind.ee\/wp-includes\/images\/media\/default.png","width":609,"height":632,"sizes":{"thumbnail":"https:\/\/kind.ee\/wp-content\/uploads\/2023\/11\/mo7490-05-e1699044972951-150x150.jpeg","thumbnail-width":150,"thumbnail-height":150,"medium":"https:\/\/kind.ee\/wp-content\/uploads\/2023\/11\/mo7490-05-e1699044972951-289x300.jpeg","medium-width":289,"medium-height":300,"medium_large":"https:\/\/kind.ee\/wp-content\/uploads\/2023\/11\/mo7490-05-e1699044972951.jpeg","medium_large-width":609,"medium_large-height":632,"large":"https:\/\/kind.ee\/wp-content\/uploads\/2023\/11\/mo7490-05-e1699044972951.jpeg","large-width":609,"large-height":632,"1536x1536":"https:\/\/kind.ee\/wp-content\/uploads\/2023\/11\/mo7490-05-e1699044972951.jpeg","1536x1536-width":609,"1536x1536-height":632,"2048x2048":"https:\/\/kind.ee\/wp-content\/uploads\/2023\/11\/mo7490-05-e1699044972951.jpeg","2048x2048-width":609,"2048x2048-height":632,"galerii_large":"https:\/\/kind.ee\/wp-content\/uploads\/2023\/11\/mo7490-05-e1699044972951.jpeg","galerii_large-width":609,"galerii_large-height":632,"galerii_large_retina":"https:\/\/kind.ee\/wp-content\/uploads\/2023\/11\/mo7490-05-e1699044972951.jpeg","galerii_large_retina-width":609,"galerii_large_retina-height":632,"woocommerce_thumbnail":"https:\/\/kind.ee\/wp-content\/uploads\/2023\/11\/mo7490-05-e1699044972951-300x300.jpeg","woocommerce_thumbnail-width":300,"woocommerce_thumbnail-height":300,"woocommerce_single":"https:\/\/kind.ee\/wp-content\/uploads\/2023\/11\/mo7490-05-e1699044972951-600x623.jpeg","woocommerce_single-width":600,"woocommerce_single-height":623,"woocommerce_gallery_thumbnail":"https:\/\/kind.ee\/wp-content\/uploads\/2023\/11\/mo7490-05-e1699044972951-100x100.jpeg","woocommerce_gallery_thumbnail-width":100,"woocommerce_gallery_thumbnail-height":100}}],"varvikood":false,"varvid-native":false,"varvid-stedman":false,"varvikood-neutral":false,"varvid-sols":false,"midoceani_varvid":683,"purewaste":false,"beechfield-varvid":false,"bagbase":false,"mepal":false},{"pildid":[{"ID":14866,"id":14866,"title":"mo7490-04","filename":"mo7490-04.jpeg","filesize":18997,"url":"https:\/\/kind.ee\/wp-content\/uploads\/2023\/11\/mo7490-04.jpeg","link":"https:\/\/kind.ee\/et\/?attachment_id=14866","alt":"","author":"4","description":"","caption":"","name":"mo7490-04","status":"inherit","uploaded_to":14863,"date":"2023-11-03 20:52:25","modified":"2023-11-03 20:55:15","menu_order":0,"mime_type":"image\/jpeg","type":"image","subtype":"jpeg","icon":"https:\/\/kind.ee\/wp-includes\/images\/media\/default.png","width":700,"height":700,"sizes":{"thumbnail":"https:\/\/kind.ee\/wp-content\/uploads\/2023\/11\/mo7490-04-150x150.jpeg","thumbnail-width":150,"thumbnail-height":150,"medium":"https:\/\/kind.ee\/wp-content\/uploads\/2023\/11\/mo7490-04-300x300.jpeg","medium-width":300,"medium-height":300,"medium_large":"https:\/\/kind.ee\/wp-content\/uploads\/2023\/11\/mo7490-04.jpeg","medium_large-width":700,"medium_large-height":700,"large":"https:\/\/kind.ee\/wp-content\/uploads\/2023\/11\/mo7490-04.jpeg","large-width":700,"large-height":700,"1536x1536":"https:\/\/kind.ee\/wp-content\/uploads\/2023\/11\/mo7490-04.jpeg","1536x1536-width":700,"1536x1536-height":700,"2048x2048":"https:\/\/kind.ee\/wp-content\/uploads\/2023\/11\/mo7490-04.jpeg","2048x2048-width":700,"2048x2048-height":700,"galerii_large":"https:\/\/kind.ee\/wp-content\/uploads\/2023\/11\/mo7490-04.jpeg","galerii_large-width":700,"galerii_large-height":700,"galerii_large_retina":"https:\/\/kind.ee\/wp-content\/uploads\/2023\/11\/mo7490-04.jpeg","galerii_large_retina-width":700,"galerii_large_retina-height":700,"woocommerce_thumbnail":"https:\/\/kind.ee\/wp-content\/uploads\/2023\/11\/mo7490-04-300x300.jpeg","woocommerce_thumbnail-width":300,"woocommerce_thumbnail-height":300,"woocommerce_single":"https:\/\/kind.ee\/wp-content\/uploads\/2023\/11\/mo7490-04-600x600.jpeg","woocommerce_single-width":600,"woocommerce_single-height":600,"woocommerce_gallery_thumbnail":"https:\/\/kind.ee\/wp-content\/uploads\/2023\/11\/mo7490-04-100x100.jpeg","woocommerce_gallery_thumbnail-width":100,"woocommerce_gallery_thumbnail-height":100}}],"varvikood":false,"varvid-native":false,"varvid-stedman":false,"varvikood-neutral":false,"varvid-sols":false,"midoceani_varvid":709,"purewaste":false,"beechfield-varvid":false,"bagbase":false,"mepal":false}],"tooteinfo":"\u00dcheseinaline joogipudel, millel on kummist k\u00e4epide ja karabiinist konksuga, millega on seda mugav koti k\u00fclge kinnitada.","materjal":"Roostevaba teras","varvus":""},"_links":{"self":[{"href":"https:\/\/kind.ee\/et\/wp-json\/wp\/v2\/product\/14863","targetHints":{"allow":["GET"]}}],"collection":[{"href":"https:\/\/kind.ee\/et\/wp-json\/wp\/v2\/product"}],"about":[{"href":"https:\/\/kind.ee\/et\/wp-json\/wp\/v2\/types\/product"}],"wp:featuredmedia":[{"embeddable":true,"href":"https:\/\/kind.ee\/et\/wp-json\/wp\/v2\/media\/14868"}],"wp:attachment":[{"href":"https:\/\/kind.ee\/et\/wp-json\/wp\/v2\/media?parent=14863"}],"wp:term":[{"taxonomy":"product_brand","embeddable":true,"href":"https:\/\/kind.ee\/et\/wp-json\/wp\/v2\/product_brand?post=14863"},{"taxonomy":"product_cat","embeddable":true,"href":"https:\/\/kind.ee\/et\/wp-json\/wp\/v2\/product_cat?post=14863"},{"taxonomy":"product_tag","embeddable":true,"href":"https:\/\/kind.ee\/et\/wp-json\/wp\/v2\/product_tag?post=14863"}],"curies":[{"name":"wp","href":"https:\/\/api.w.org\/{rel}","templated":true}]}}