{"id":14688,"date":"2023-11-03T19:45:22","date_gmt":"2023-11-03T19:45:22","guid":{"rendered":"https:\/\/kind.ee\/?post_type=product&#038;p=14688"},"modified":"2025-06-15T17:28:13","modified_gmt":"2025-06-15T17:28:13","slug":"vegan-tukksampoon","status":"publish","type":"product","link":"https:\/\/kind.ee\/et\/toode\/vegan-tukksampoon\/","title":{"rendered":"vegan t\u00fckk\u0161ampoon"},"content":{"rendered":"","protected":false},"excerpt":{"rendered":"","protected":false},"featured_media":14691,"template":"","meta":[],"product_brand":[],"product_cat":[715,616],"product_tag":[],"class_list":{"0":"post-14688","1":"product","2":"type-product","3":"status-publish","4":"has-post-thumbnail","6":"product_cat-ilu-ja-tervis","7":"product_cat-meened","9":"first","10":"instock","11":"shipping-taxable","12":"purchasable","13":"product-type-simple"},"acf":{"muugi_argumendid":[],"sertifikaadid":[],"season":[],"loige":"","suuruste_tabel":false,"paksus":"","min_kogus":"5","kangas":"","kanga-info":"","mootmed":"K\u00f5rgus: 10.3 cm<br \/>\r\nDiameeter: 3.5 cm<br \/>\r\nKaal: 49 g","toote_pildid_varvide_kaupa":[{"pildid":[{"ID":14691,"id":14691,"title":"mo6687-40","filename":"mo6687-40.jpeg","filesize":33541,"url":"https:\/\/kind.ee\/wp-content\/uploads\/2023\/11\/mo6687-40.jpeg","link":"https:\/\/kind.ee\/et\/?attachment_id=14691","alt":"","author":"4","description":"","caption":"","name":"mo6687-40","status":"inherit","uploaded_to":14688,"date":"2023-11-03 19:44:24","modified":"2023-11-03 19:44:24","menu_order":0,"mime_type":"image\/jpeg","type":"image","subtype":"jpeg","icon":"https:\/\/kind.ee\/wp-includes\/images\/media\/default.png","width":700,"height":700,"sizes":{"thumbnail":"https:\/\/kind.ee\/wp-content\/uploads\/2023\/11\/mo6687-40-150x150.jpeg","thumbnail-width":150,"thumbnail-height":150,"medium":"https:\/\/kind.ee\/wp-content\/uploads\/2023\/11\/mo6687-40-300x300.jpeg","medium-width":300,"medium-height":300,"medium_large":"https:\/\/kind.ee\/wp-content\/uploads\/2023\/11\/mo6687-40.jpeg","medium_large-width":700,"medium_large-height":700,"large":"https:\/\/kind.ee\/wp-content\/uploads\/2023\/11\/mo6687-40.jpeg","large-width":700,"large-height":700,"1536x1536":"https:\/\/kind.ee\/wp-content\/uploads\/2023\/11\/mo6687-40.jpeg","1536x1536-width":700,"1536x1536-height":700,"2048x2048":"https:\/\/kind.ee\/wp-content\/uploads\/2023\/11\/mo6687-40.jpeg","2048x2048-width":700,"2048x2048-height":700,"galerii_large":"https:\/\/kind.ee\/wp-content\/uploads\/2023\/11\/mo6687-40.jpeg","galerii_large-width":700,"galerii_large-height":700,"galerii_large_retina":"https:\/\/kind.ee\/wp-content\/uploads\/2023\/11\/mo6687-40.jpeg","galerii_large_retina-width":700,"galerii_large_retina-height":700,"woocommerce_thumbnail":"https:\/\/kind.ee\/wp-content\/uploads\/2023\/11\/mo6687-40-300x300.jpeg","woocommerce_thumbnail-width":300,"woocommerce_thumbnail-height":300,"woocommerce_single":"https:\/\/kind.ee\/wp-content\/uploads\/2023\/11\/mo6687-40-600x600.jpeg","woocommerce_single-width":600,"woocommerce_single-height":600,"woocommerce_gallery_thumbnail":"https:\/\/kind.ee\/wp-content\/uploads\/2023\/11\/mo6687-40-100x100.jpeg","woocommerce_gallery_thumbnail-width":100,"woocommerce_gallery_thumbnail-height":100}},{"ID":14689,"id":14689,"title":"mo6687-40-detail","filename":"mo6687-40-detail.jpeg","filesize":24567,"url":"https:\/\/kind.ee\/wp-content\/uploads\/2023\/11\/mo6687-40-detail.jpeg","link":"https:\/\/kind.ee\/et\/?attachment_id=14689","alt":"","author":"4","description":"","caption":"","name":"mo6687-40-detail","status":"inherit","uploaded_to":14688,"date":"2023-11-03 19:44:22","modified":"2023-11-03 19:45:08","menu_order":0,"mime_type":"image\/jpeg","type":"image","subtype":"jpeg","icon":"https:\/\/kind.ee\/wp-includes\/images\/media\/default.png","width":687,"height":513,"sizes":{"thumbnail":"https:\/\/kind.ee\/wp-content\/uploads\/2023\/11\/mo6687-40-detail-150x150.jpeg","thumbnail-width":150,"thumbnail-height":150,"medium":"https:\/\/kind.ee\/wp-content\/uploads\/2023\/11\/mo6687-40-detail-300x224.jpeg","medium-width":300,"medium-height":224,"medium_large":"https:\/\/kind.ee\/wp-content\/uploads\/2023\/11\/mo6687-40-detail.jpeg","medium_large-width":687,"medium_large-height":513,"large":"https:\/\/kind.ee\/wp-content\/uploads\/2023\/11\/mo6687-40-detail.jpeg","large-width":687,"large-height":513,"1536x1536":"https:\/\/kind.ee\/wp-content\/uploads\/2023\/11\/mo6687-40-detail.jpeg","1536x1536-width":687,"1536x1536-height":513,"2048x2048":"https:\/\/kind.ee\/wp-content\/uploads\/2023\/11\/mo6687-40-detail.jpeg","2048x2048-width":687,"2048x2048-height":513,"galerii_large":"https:\/\/kind.ee\/wp-content\/uploads\/2023\/11\/mo6687-40-detail.jpeg","galerii_large-width":687,"galerii_large-height":513,"galerii_large_retina":"https:\/\/kind.ee\/wp-content\/uploads\/2023\/11\/mo6687-40-detail.jpeg","galerii_large_retina-width":687,"galerii_large_retina-height":513,"woocommerce_thumbnail":"https:\/\/kind.ee\/wp-content\/uploads\/2023\/11\/mo6687-40-detail-300x300.jpeg","woocommerce_thumbnail-width":300,"woocommerce_thumbnail-height":300,"woocommerce_single":"https:\/\/kind.ee\/wp-content\/uploads\/2023\/11\/mo6687-40-detail-600x448.jpeg","woocommerce_single-width":600,"woocommerce_single-height":448,"woocommerce_gallery_thumbnail":"https:\/\/kind.ee\/wp-content\/uploads\/2023\/11\/mo6687-40-detail-100x100.jpeg","woocommerce_gallery_thumbnail-width":100,"woocommerce_gallery_thumbnail-height":100}}],"varvikood":false,"varvid-native":false,"varvid-stedman":false,"varvikood-neutral":false,"varvid-sols":false,"midoceani_varvid":false,"purewaste":false,"beechfield-varvid":false,"bagbase":false,"mepal":false}],"tooteinfo":"Vegan unisex t\u00fckk\u0161ampoon firmalt Branded by Earth. Kompaktses pabertorus on 12 t\u00fckk\u0161ampooni. Valmistatud EL-is.","materjal":"Naturaalne pruun kartong","varvus":""},"_links":{"self":[{"href":"https:\/\/kind.ee\/et\/wp-json\/wp\/v2\/product\/14688","targetHints":{"allow":["GET"]}}],"collection":[{"href":"https:\/\/kind.ee\/et\/wp-json\/wp\/v2\/product"}],"about":[{"href":"https:\/\/kind.ee\/et\/wp-json\/wp\/v2\/types\/product"}],"wp:featuredmedia":[{"embeddable":true,"href":"https:\/\/kind.ee\/et\/wp-json\/wp\/v2\/media\/14691"}],"wp:attachment":[{"href":"https:\/\/kind.ee\/et\/wp-json\/wp\/v2\/media?parent=14688"}],"wp:term":[{"taxonomy":"product_brand","embeddable":true,"href":"https:\/\/kind.ee\/et\/wp-json\/wp\/v2\/product_brand?post=14688"},{"taxonomy":"product_cat","embeddable":true,"href":"https:\/\/kind.ee\/et\/wp-json\/wp\/v2\/product_cat?post=14688"},{"taxonomy":"product_tag","embeddable":true,"href":"https:\/\/kind.ee\/et\/wp-json\/wp\/v2\/product_tag?post=14688"}],"curies":[{"name":"wp","href":"https:\/\/api.w.org\/{rel}","templated":true}]}}