{"id":14646,"date":"2023-11-03T19:27:05","date_gmt":"2023-11-03T19:27:05","guid":{"rendered":"https:\/\/kind.ee\/?post_type=product&#038;p=14646"},"modified":"2026-02-04T05:50:06","modified_gmt":"2026-02-04T05:50:06","slug":"40-osaline-joonistus-ja-visandikomplekt","status":"publish","type":"product","link":"https:\/\/kind.ee\/et\/toode\/40-osaline-joonistus-ja-visandikomplekt\/","title":{"rendered":"40-osaline joonistus- ja visandikomplekt"},"content":{"rendered":"","protected":false},"excerpt":{"rendered":"","protected":false},"featured_media":14651,"template":"","meta":[],"product_brand":[],"product_cat":[725,616],"product_tag":[],"class_list":{"0":"post-14646","1":"product","2":"type-product","3":"status-publish","4":"has-post-thumbnail","6":"product_cat-lastele","7":"product_cat-meened","9":"first","10":"instock","11":"shipping-taxable","12":"purchasable","13":"product-type-simple"},"acf":{"muugi_argumendid":[],"sertifikaadid":[],"season":[],"loige":"","suuruste_tabel":false,"paksus":"","min_kogus":"5","kangas":"","kanga-info":"","mootmed":"K\u00f5rgus: 3 cm<br \/>\r\nPikkus: 24.3 cm<br \/>\r\nLaius: 20.7 cm<br \/>\r\nKaal: 490 g","toote_pildid_varvide_kaupa":[{"pildid":[{"ID":14651,"id":14651,"title":"mo2054-03","filename":"mo2054-03-e1699039618205.jpeg","filesize":41034,"url":"https:\/\/kind.ee\/wp-content\/uploads\/2023\/11\/mo2054-03-e1699039618205.jpeg","link":"https:\/\/kind.ee\/et\/?attachment_id=14651","alt":"","author":"4","description":"","caption":"","name":"mo2054-03","status":"inherit","uploaded_to":14646,"date":"2023-11-03 19:24:57","modified":"2023-11-03 19:26:41","menu_order":0,"mime_type":"image\/jpeg","type":"image","subtype":"jpeg","icon":"https:\/\/kind.ee\/wp-includes\/images\/media\/default.png","width":578,"height":541,"sizes":{"thumbnail":"https:\/\/kind.ee\/wp-content\/uploads\/2023\/11\/mo2054-03-e1699039618205-150x150.jpeg","thumbnail-width":150,"thumbnail-height":150,"medium":"https:\/\/kind.ee\/wp-content\/uploads\/2023\/11\/mo2054-03-e1699039618205-300x281.jpeg","medium-width":300,"medium-height":281,"medium_large":"https:\/\/kind.ee\/wp-content\/uploads\/2023\/11\/mo2054-03-e1699039618205.jpeg","medium_large-width":578,"medium_large-height":541,"large":"https:\/\/kind.ee\/wp-content\/uploads\/2023\/11\/mo2054-03-e1699039618205.jpeg","large-width":578,"large-height":541,"1536x1536":"https:\/\/kind.ee\/wp-content\/uploads\/2023\/11\/mo2054-03-e1699039618205.jpeg","1536x1536-width":578,"1536x1536-height":541,"2048x2048":"https:\/\/kind.ee\/wp-content\/uploads\/2023\/11\/mo2054-03-e1699039618205.jpeg","2048x2048-width":578,"2048x2048-height":541,"galerii_large":"https:\/\/kind.ee\/wp-content\/uploads\/2023\/11\/mo2054-03-e1699039618205.jpeg","galerii_large-width":578,"galerii_large-height":541,"galerii_large_retina":"https:\/\/kind.ee\/wp-content\/uploads\/2023\/11\/mo2054-03-e1699039618205.jpeg","galerii_large_retina-width":578,"galerii_large_retina-height":541,"woocommerce_thumbnail":"https:\/\/kind.ee\/wp-content\/uploads\/2023\/11\/mo2054-03-e1699039618205-300x300.jpeg","woocommerce_thumbnail-width":300,"woocommerce_thumbnail-height":300,"woocommerce_single":"https:\/\/kind.ee\/wp-content\/uploads\/2023\/11\/mo2054-03-e1699039618205.jpeg","woocommerce_single-width":578,"woocommerce_single-height":541,"woocommerce_gallery_thumbnail":"https:\/\/kind.ee\/wp-content\/uploads\/2023\/11\/mo2054-03-e1699039618205-100x100.jpeg","woocommerce_gallery_thumbnail-width":100,"woocommerce_gallery_thumbnail-height":100}},{"ID":14647,"id":14647,"title":"mo2054-03-back","filename":"mo2054-03-back.jpeg","filesize":72078,"url":"https:\/\/kind.ee\/wp-content\/uploads\/2023\/11\/mo2054-03-back.jpeg","link":"https:\/\/kind.ee\/et\/?attachment_id=14647","alt":"","author":"4","description":"","caption":"","name":"mo2054-03-back","status":"inherit","uploaded_to":14646,"date":"2023-11-03 19:24:51","modified":"2023-11-03 19:24:51","menu_order":0,"mime_type":"image\/jpeg","type":"image","subtype":"jpeg","icon":"https:\/\/kind.ee\/wp-includes\/images\/media\/default.png","width":700,"height":700,"sizes":{"thumbnail":"https:\/\/kind.ee\/wp-content\/uploads\/2023\/11\/mo2054-03-back-150x150.jpeg","thumbnail-width":150,"thumbnail-height":150,"medium":"https:\/\/kind.ee\/wp-content\/uploads\/2023\/11\/mo2054-03-back-300x300.jpeg","medium-width":300,"medium-height":300,"medium_large":"https:\/\/kind.ee\/wp-content\/uploads\/2023\/11\/mo2054-03-back.jpeg","medium_large-width":700,"medium_large-height":700,"large":"https:\/\/kind.ee\/wp-content\/uploads\/2023\/11\/mo2054-03-back.jpeg","large-width":700,"large-height":700,"1536x1536":"https:\/\/kind.ee\/wp-content\/uploads\/2023\/11\/mo2054-03-back.jpeg","1536x1536-width":700,"1536x1536-height":700,"2048x2048":"https:\/\/kind.ee\/wp-content\/uploads\/2023\/11\/mo2054-03-back.jpeg","2048x2048-width":700,"2048x2048-height":700,"galerii_large":"https:\/\/kind.ee\/wp-content\/uploads\/2023\/11\/mo2054-03-back.jpeg","galerii_large-width":700,"galerii_large-height":700,"galerii_large_retina":"https:\/\/kind.ee\/wp-content\/uploads\/2023\/11\/mo2054-03-back.jpeg","galerii_large_retina-width":700,"galerii_large_retina-height":700,"woocommerce_thumbnail":"https:\/\/kind.ee\/wp-content\/uploads\/2023\/11\/mo2054-03-back-300x300.jpeg","woocommerce_thumbnail-width":300,"woocommerce_thumbnail-height":300,"woocommerce_single":"https:\/\/kind.ee\/wp-content\/uploads\/2023\/11\/mo2054-03-back-600x600.jpeg","woocommerce_single-width":600,"woocommerce_single-height":600,"woocommerce_gallery_thumbnail":"https:\/\/kind.ee\/wp-content\/uploads\/2023\/11\/mo2054-03-back-100x100.jpeg","woocommerce_gallery_thumbnail-width":100,"woocommerce_gallery_thumbnail-height":100}},{"ID":14649,"id":14649,"title":"mo2054-03-side","filename":"mo2054-03-side.jpeg","filesize":50538,"url":"https:\/\/kind.ee\/wp-content\/uploads\/2023\/11\/mo2054-03-side.jpeg","link":"https:\/\/kind.ee\/et\/?attachment_id=14649","alt":"","author":"4","description":"","caption":"","name":"mo2054-03-side","status":"inherit","uploaded_to":14646,"date":"2023-11-03 19:24:54","modified":"2023-11-03 19:26:11","menu_order":0,"mime_type":"image\/jpeg","type":"image","subtype":"jpeg","icon":"https:\/\/kind.ee\/wp-includes\/images\/media\/default.png","width":700,"height":700,"sizes":{"thumbnail":"https:\/\/kind.ee\/wp-content\/uploads\/2023\/11\/mo2054-03-side-150x150.jpeg","thumbnail-width":150,"thumbnail-height":150,"medium":"https:\/\/kind.ee\/wp-content\/uploads\/2023\/11\/mo2054-03-side-300x300.jpeg","medium-width":300,"medium-height":300,"medium_large":"https:\/\/kind.ee\/wp-content\/uploads\/2023\/11\/mo2054-03-side.jpeg","medium_large-width":700,"medium_large-height":700,"large":"https:\/\/kind.ee\/wp-content\/uploads\/2023\/11\/mo2054-03-side.jpeg","large-width":700,"large-height":700,"1536x1536":"https:\/\/kind.ee\/wp-content\/uploads\/2023\/11\/mo2054-03-side.jpeg","1536x1536-width":700,"1536x1536-height":700,"2048x2048":"https:\/\/kind.ee\/wp-content\/uploads\/2023\/11\/mo2054-03-side.jpeg","2048x2048-width":700,"2048x2048-height":700,"galerii_large":"https:\/\/kind.ee\/wp-content\/uploads\/2023\/11\/mo2054-03-side.jpeg","galerii_large-width":700,"galerii_large-height":700,"galerii_large_retina":"https:\/\/kind.ee\/wp-content\/uploads\/2023\/11\/mo2054-03-side.jpeg","galerii_large_retina-width":700,"galerii_large_retina-height":700,"woocommerce_thumbnail":"https:\/\/kind.ee\/wp-content\/uploads\/2023\/11\/mo2054-03-side-300x300.jpeg","woocommerce_thumbnail-width":300,"woocommerce_thumbnail-height":300,"woocommerce_single":"https:\/\/kind.ee\/wp-content\/uploads\/2023\/11\/mo2054-03-side-600x600.jpeg","woocommerce_single-width":600,"woocommerce_single-height":600,"woocommerce_gallery_thumbnail":"https:\/\/kind.ee\/wp-content\/uploads\/2023\/11\/mo2054-03-side-100x100.jpeg","woocommerce_gallery_thumbnail-width":100,"woocommerce_gallery_thumbnail-height":100}}],"varvikood":false,"varvid-native":false,"varvid-stedman":false,"varvikood-neutral":false,"varvid-sols":false,"midoceani_varvid":false,"purewaste":false,"beechfield-varvid":false,"bagbase":false,"mepal":false}],"tooteinfo":"40-osaline joonistus- ja visandikomplekt, mis sisaldab 14 v\u00e4rvipliiatsit, 12 harilikku pliiatsit, liivapaberit, s\u00f6epliiatseid, puiduvaba grafiidist pliiatsit, pliiatsipikendust, teritajat, kustutuskummi, pintslit ja k\u00e4sit\u00f6\u00f6nuga. Kogu komplekt on tugevas lukuga \u00fcmbrises.","materjal":"rPET","varvus":""},"_links":{"self":[{"href":"https:\/\/kind.ee\/et\/wp-json\/wp\/v2\/product\/14646","targetHints":{"allow":["GET"]}}],"collection":[{"href":"https:\/\/kind.ee\/et\/wp-json\/wp\/v2\/product"}],"about":[{"href":"https:\/\/kind.ee\/et\/wp-json\/wp\/v2\/types\/product"}],"wp:featuredmedia":[{"embeddable":true,"href":"https:\/\/kind.ee\/et\/wp-json\/wp\/v2\/media\/14651"}],"wp:attachment":[{"href":"https:\/\/kind.ee\/et\/wp-json\/wp\/v2\/media?parent=14646"}],"wp:term":[{"taxonomy":"product_brand","embeddable":true,"href":"https:\/\/kind.ee\/et\/wp-json\/wp\/v2\/product_brand?post=14646"},{"taxonomy":"product_cat","embeddable":true,"href":"https:\/\/kind.ee\/et\/wp-json\/wp\/v2\/product_cat?post=14646"},{"taxonomy":"product_tag","embeddable":true,"href":"https:\/\/kind.ee\/et\/wp-json\/wp\/v2\/product_tag?post=14646"}],"curies":[{"name":"wp","href":"https:\/\/api.w.org\/{rel}","templated":true}]}}