{"id":14617,"date":"2023-11-03T19:14:42","date_gmt":"2023-11-03T19:14:42","guid":{"rendered":"https:\/\/kind.ee\/?post_type=product&#038;p=14617"},"modified":"2025-06-15T17:28:16","modified_gmt":"2025-06-15T17:28:16","slug":"minikunstniku-komplekt-beau","status":"publish","type":"product","link":"https:\/\/kind.ee\/et\/toode\/minikunstniku-komplekt-beau\/","title":{"rendered":"minikunstniku komplekt Beau"},"content":{"rendered":"","protected":false},"excerpt":{"rendered":"","protected":false},"featured_media":14618,"template":"","meta":[],"product_brand":[],"product_cat":[725,616],"product_tag":[],"class_list":{"0":"post-14617","1":"product","2":"type-product","3":"status-publish","4":"has-post-thumbnail","6":"product_cat-lastele","7":"product_cat-meened","9":"first","10":"instock","11":"shipping-taxable","12":"purchasable","13":"product-type-simple"},"acf":{"muugi_argumendid":[],"sertifikaadid":[],"season":[],"loige":"","suuruste_tabel":false,"paksus":"","min_kogus":"5","kangas":"","kanga-info":"","mootmed":"K\u00f5rgus: 3.2 cm<br \/>\r\nPikkus: 15.5 cm<br \/>\r\nLaius: 11.5 cm<br \/>\r\nKaal: 202 g","toote_pildid_varvide_kaupa":[{"pildid":[{"ID":14618,"id":14618,"title":"mo8249-40-back","filename":"mo8249-40-back-e1699038945710.jpeg","filesize":67593,"url":"https:\/\/kind.ee\/wp-content\/uploads\/2023\/11\/mo8249-40-back-e1699038945710.jpeg","link":"https:\/\/kind.ee\/et\/?attachment_id=14618","alt":"","author":"4","description":"","caption":"","name":"mo8249-40-back","status":"inherit","uploaded_to":14617,"date":"2023-11-03 19:13:25","modified":"2023-11-03 19:13:25","menu_order":0,"mime_type":"image\/jpeg","type":"image","subtype":"jpeg","icon":"https:\/\/kind.ee\/wp-includes\/images\/media\/default.png","width":676,"height":607,"sizes":{"thumbnail":"https:\/\/kind.ee\/wp-content\/uploads\/2023\/11\/mo8249-40-back-e1699038945710-150x150.jpeg","thumbnail-width":150,"thumbnail-height":150,"medium":"https:\/\/kind.ee\/wp-content\/uploads\/2023\/11\/mo8249-40-back-e1699038945710-300x269.jpeg","medium-width":300,"medium-height":269,"medium_large":"https:\/\/kind.ee\/wp-content\/uploads\/2023\/11\/mo8249-40-back-e1699038945710.jpeg","medium_large-width":676,"medium_large-height":607,"large":"https:\/\/kind.ee\/wp-content\/uploads\/2023\/11\/mo8249-40-back-e1699038945710.jpeg","large-width":676,"large-height":607,"1536x1536":"https:\/\/kind.ee\/wp-content\/uploads\/2023\/11\/mo8249-40-back-e1699038945710.jpeg","1536x1536-width":676,"1536x1536-height":607,"2048x2048":"https:\/\/kind.ee\/wp-content\/uploads\/2023\/11\/mo8249-40-back-e1699038945710.jpeg","2048x2048-width":676,"2048x2048-height":607,"galerii_large":"https:\/\/kind.ee\/wp-content\/uploads\/2023\/11\/mo8249-40-back-e1699038945710.jpeg","galerii_large-width":676,"galerii_large-height":607,"galerii_large_retina":"https:\/\/kind.ee\/wp-content\/uploads\/2023\/11\/mo8249-40-back-e1699038945710.jpeg","galerii_large_retina-width":676,"galerii_large_retina-height":607,"woocommerce_thumbnail":"https:\/\/kind.ee\/wp-content\/uploads\/2023\/11\/mo8249-40-back-e1699038945710-300x300.jpeg","woocommerce_thumbnail-width":300,"woocommerce_thumbnail-height":300,"woocommerce_single":"https:\/\/kind.ee\/wp-content\/uploads\/2023\/11\/mo8249-40-back-e1699038945710-600x539.jpeg","woocommerce_single-width":600,"woocommerce_single-height":539,"woocommerce_gallery_thumbnail":"https:\/\/kind.ee\/wp-content\/uploads\/2023\/11\/mo8249-40-back-e1699038945710-100x100.jpeg","woocommerce_gallery_thumbnail-width":100,"woocommerce_gallery_thumbnail-height":100}},{"ID":14622,"id":14622,"title":"mo8249-40","filename":"mo8249-40.jpeg","filesize":84072,"url":"https:\/\/kind.ee\/wp-content\/uploads\/2023\/11\/mo8249-40.jpeg","link":"https:\/\/kind.ee\/et\/?attachment_id=14622","alt":"","author":"4","description":"","caption":"","name":"mo8249-40","status":"inherit","uploaded_to":14617,"date":"2023-11-03 19:13:31","modified":"2023-11-03 19:14:09","menu_order":0,"mime_type":"image\/jpeg","type":"image","subtype":"jpeg","icon":"https:\/\/kind.ee\/wp-includes\/images\/media\/default.png","width":700,"height":700,"sizes":{"thumbnail":"https:\/\/kind.ee\/wp-content\/uploads\/2023\/11\/mo8249-40-150x150.jpeg","thumbnail-width":150,"thumbnail-height":150,"medium":"https:\/\/kind.ee\/wp-content\/uploads\/2023\/11\/mo8249-40-300x300.jpeg","medium-width":300,"medium-height":300,"medium_large":"https:\/\/kind.ee\/wp-content\/uploads\/2023\/11\/mo8249-40.jpeg","medium_large-width":700,"medium_large-height":700,"large":"https:\/\/kind.ee\/wp-content\/uploads\/2023\/11\/mo8249-40.jpeg","large-width":700,"large-height":700,"1536x1536":"https:\/\/kind.ee\/wp-content\/uploads\/2023\/11\/mo8249-40.jpeg","1536x1536-width":700,"1536x1536-height":700,"2048x2048":"https:\/\/kind.ee\/wp-content\/uploads\/2023\/11\/mo8249-40.jpeg","2048x2048-width":700,"2048x2048-height":700,"galerii_large":"https:\/\/kind.ee\/wp-content\/uploads\/2023\/11\/mo8249-40.jpeg","galerii_large-width":700,"galerii_large-height":700,"galerii_large_retina":"https:\/\/kind.ee\/wp-content\/uploads\/2023\/11\/mo8249-40.jpeg","galerii_large_retina-width":700,"galerii_large_retina-height":700,"woocommerce_thumbnail":"https:\/\/kind.ee\/wp-content\/uploads\/2023\/11\/mo8249-40-300x300.jpeg","woocommerce_thumbnail-width":300,"woocommerce_thumbnail-height":300,"woocommerce_single":"https:\/\/kind.ee\/wp-content\/uploads\/2023\/11\/mo8249-40-600x600.jpeg","woocommerce_single-width":600,"woocommerce_single-height":600,"woocommerce_gallery_thumbnail":"https:\/\/kind.ee\/wp-content\/uploads\/2023\/11\/mo8249-40-100x100.jpeg","woocommerce_gallery_thumbnail-width":100,"woocommerce_gallery_thumbnail-height":100}},{"ID":14620,"id":14620,"title":"mo8249-40-top","filename":"mo8249-40-top.jpeg","filesize":25071,"url":"https:\/\/kind.ee\/wp-content\/uploads\/2023\/11\/mo8249-40-top.jpeg","link":"https:\/\/kind.ee\/et\/?attachment_id=14620","alt":"","author":"4","description":"","caption":"","name":"mo8249-40-top","status":"inherit","uploaded_to":14617,"date":"2023-11-03 19:13:28","modified":"2023-11-03 19:13:28","menu_order":0,"mime_type":"image\/jpeg","type":"image","subtype":"jpeg","icon":"https:\/\/kind.ee\/wp-includes\/images\/media\/default.png","width":700,"height":700,"sizes":{"thumbnail":"https:\/\/kind.ee\/wp-content\/uploads\/2023\/11\/mo8249-40-top-150x150.jpeg","thumbnail-width":150,"thumbnail-height":150,"medium":"https:\/\/kind.ee\/wp-content\/uploads\/2023\/11\/mo8249-40-top-300x300.jpeg","medium-width":300,"medium-height":300,"medium_large":"https:\/\/kind.ee\/wp-content\/uploads\/2023\/11\/mo8249-40-top.jpeg","medium_large-width":700,"medium_large-height":700,"large":"https:\/\/kind.ee\/wp-content\/uploads\/2023\/11\/mo8249-40-top.jpeg","large-width":700,"large-height":700,"1536x1536":"https:\/\/kind.ee\/wp-content\/uploads\/2023\/11\/mo8249-40-top.jpeg","1536x1536-width":700,"1536x1536-height":700,"2048x2048":"https:\/\/kind.ee\/wp-content\/uploads\/2023\/11\/mo8249-40-top.jpeg","2048x2048-width":700,"2048x2048-height":700,"galerii_large":"https:\/\/kind.ee\/wp-content\/uploads\/2023\/11\/mo8249-40-top.jpeg","galerii_large-width":700,"galerii_large-height":700,"galerii_large_retina":"https:\/\/kind.ee\/wp-content\/uploads\/2023\/11\/mo8249-40-top.jpeg","galerii_large_retina-width":700,"galerii_large_retina-height":700,"woocommerce_thumbnail":"https:\/\/kind.ee\/wp-content\/uploads\/2023\/11\/mo8249-40-top-300x300.jpeg","woocommerce_thumbnail-width":300,"woocommerce_thumbnail-height":300,"woocommerce_single":"https:\/\/kind.ee\/wp-content\/uploads\/2023\/11\/mo8249-40-top-600x600.jpeg","woocommerce_single-width":600,"woocommerce_single-height":600,"woocommerce_gallery_thumbnail":"https:\/\/kind.ee\/wp-content\/uploads\/2023\/11\/mo8249-40-top-100x100.jpeg","woocommerce_gallery_thumbnail-width":100,"woocommerce_gallery_thumbnail-height":100}}],"varvikood":false,"varvid-native":false,"varvid-stedman":false,"varvikood-neutral":false,"varvid-sols":false,"midoceani_varvid":false,"purewaste":false,"beechfield-varvid":false,"bagbase":false,"mepal":false}],"tooteinfo":"Lastele m\u00f5eldud kunstitarvete komplekt, mis on puidust karbis. Seda on lihtne transportida ja k\u00f5ik vajalikud tarbed on \u00fches kohas. Komplektis on kaheksa v\u00e4rvipliiatsit, 12 vesiv\u00e4rvi, \u00fcks pintsel, teritaja, kustutuskumm ja harilik pliiats.","materjal":"Puit","varvus":""},"_links":{"self":[{"href":"https:\/\/kind.ee\/et\/wp-json\/wp\/v2\/product\/14617","targetHints":{"allow":["GET"]}}],"collection":[{"href":"https:\/\/kind.ee\/et\/wp-json\/wp\/v2\/product"}],"about":[{"href":"https:\/\/kind.ee\/et\/wp-json\/wp\/v2\/types\/product"}],"wp:featuredmedia":[{"embeddable":true,"href":"https:\/\/kind.ee\/et\/wp-json\/wp\/v2\/media\/14618"}],"wp:attachment":[{"href":"https:\/\/kind.ee\/et\/wp-json\/wp\/v2\/media?parent=14617"}],"wp:term":[{"taxonomy":"product_brand","embeddable":true,"href":"https:\/\/kind.ee\/et\/wp-json\/wp\/v2\/product_brand?post=14617"},{"taxonomy":"product_cat","embeddable":true,"href":"https:\/\/kind.ee\/et\/wp-json\/wp\/v2\/product_cat?post=14617"},{"taxonomy":"product_tag","embeddable":true,"href":"https:\/\/kind.ee\/et\/wp-json\/wp\/v2\/product_tag?post=14617"}],"curies":[{"name":"wp","href":"https:\/\/api.w.org\/{rel}","templated":true}]}}