{"id":14579,"date":"2023-11-03T18:49:59","date_gmt":"2023-11-03T18:49:59","guid":{"rendered":"https:\/\/kind.ee\/?post_type=product&#038;p=14579"},"modified":"2025-06-10T10:03:27","modified_gmt":"2025-06-10T10:03:27","slug":"kaasaskantav-laste-varvimiskomplekt","status":"publish","type":"product","link":"https:\/\/kind.ee\/et\/toode\/kaasaskantav-laste-varvimiskomplekt\/","title":{"rendered":"kaasaskantav laste v\u00e4rvimiskomplekt"},"content":{"rendered":"","protected":false},"excerpt":{"rendered":"","protected":false},"featured_media":14580,"template":"","meta":[],"product_brand":[],"product_cat":[725,616],"product_tag":[],"class_list":{"0":"post-14579","1":"product","2":"type-product","3":"status-publish","4":"has-post-thumbnail","6":"product_cat-lastele","7":"product_cat-meened","9":"first","10":"instock","11":"shipping-taxable","12":"purchasable","13":"product-type-simple"},"acf":{"muugi_argumendid":[],"sertifikaadid":[],"season":[],"loige":"","suuruste_tabel":false,"paksus":"","min_kogus":"5","kangas":"","kanga-info":"","mootmed":"K\u00f5rgus: 21 cm<br \/>\r\nPikkus: 20 cm<br \/>\r\nLaius: 1.6 cm<br \/>\r\nKaal: 163 g","toote_pildid_varvide_kaupa":[{"pildid":[{"ID":14580,"id":14580,"title":"mo9544-13","filename":"mo9544-13-e1699037482162.jpeg","filesize":41105,"url":"https:\/\/kind.ee\/wp-content\/uploads\/2023\/11\/mo9544-13-e1699037482162.jpeg","link":"https:\/\/kind.ee\/et\/?attachment_id=14580","alt":"","author":"4","description":"","caption":"","name":"mo9544-13","status":"inherit","uploaded_to":14579,"date":"2023-11-03 18:48:31","modified":"2023-11-03 18:48:31","menu_order":0,"mime_type":"image\/jpeg","type":"image","subtype":"jpeg","icon":"https:\/\/kind.ee\/wp-includes\/images\/media\/default.png","width":654,"height":610,"sizes":{"thumbnail":"https:\/\/kind.ee\/wp-content\/uploads\/2023\/11\/mo9544-13-e1699037482162-150x150.jpeg","thumbnail-width":150,"thumbnail-height":150,"medium":"https:\/\/kind.ee\/wp-content\/uploads\/2023\/11\/mo9544-13-e1699037482162-300x280.jpeg","medium-width":300,"medium-height":280,"medium_large":"https:\/\/kind.ee\/wp-content\/uploads\/2023\/11\/mo9544-13-e1699037482162.jpeg","medium_large-width":654,"medium_large-height":610,"large":"https:\/\/kind.ee\/wp-content\/uploads\/2023\/11\/mo9544-13-e1699037482162.jpeg","large-width":654,"large-height":610,"1536x1536":"https:\/\/kind.ee\/wp-content\/uploads\/2023\/11\/mo9544-13-e1699037482162.jpeg","1536x1536-width":654,"1536x1536-height":610,"2048x2048":"https:\/\/kind.ee\/wp-content\/uploads\/2023\/11\/mo9544-13-e1699037482162.jpeg","2048x2048-width":654,"2048x2048-height":610,"galerii_large":"https:\/\/kind.ee\/wp-content\/uploads\/2023\/11\/mo9544-13-e1699037482162.jpeg","galerii_large-width":654,"galerii_large-height":610,"galerii_large_retina":"https:\/\/kind.ee\/wp-content\/uploads\/2023\/11\/mo9544-13-e1699037482162.jpeg","galerii_large_retina-width":654,"galerii_large_retina-height":610,"woocommerce_thumbnail":"https:\/\/kind.ee\/wp-content\/uploads\/2023\/11\/mo9544-13-e1699037482162-300x300.jpeg","woocommerce_thumbnail-width":300,"woocommerce_thumbnail-height":300,"woocommerce_single":"https:\/\/kind.ee\/wp-content\/uploads\/2023\/11\/mo9544-13-e1699037482162-600x560.jpeg","woocommerce_single-width":600,"woocommerce_single-height":560,"woocommerce_gallery_thumbnail":"https:\/\/kind.ee\/wp-content\/uploads\/2023\/11\/mo9544-13-e1699037482162-100x100.jpeg","woocommerce_gallery_thumbnail-width":100,"woocommerce_gallery_thumbnail-height":100}},{"ID":14582,"id":14582,"title":"mo9544-13b","filename":"mo9544-13b.jpeg","filesize":46257,"url":"https:\/\/kind.ee\/wp-content\/uploads\/2023\/11\/mo9544-13b.jpeg","link":"https:\/\/kind.ee\/et\/?attachment_id=14582","alt":"","author":"4","description":"","caption":"","name":"mo9544-13b","status":"inherit","uploaded_to":14579,"date":"2023-11-03 18:48:34","modified":"2023-11-03 18:48:34","menu_order":0,"mime_type":"image\/jpeg","type":"image","subtype":"jpeg","icon":"https:\/\/kind.ee\/wp-includes\/images\/media\/default.png","width":700,"height":700,"sizes":{"thumbnail":"https:\/\/kind.ee\/wp-content\/uploads\/2023\/11\/mo9544-13b-150x150.jpeg","thumbnail-width":150,"thumbnail-height":150,"medium":"https:\/\/kind.ee\/wp-content\/uploads\/2023\/11\/mo9544-13b-300x300.jpeg","medium-width":300,"medium-height":300,"medium_large":"https:\/\/kind.ee\/wp-content\/uploads\/2023\/11\/mo9544-13b.jpeg","medium_large-width":700,"medium_large-height":700,"large":"https:\/\/kind.ee\/wp-content\/uploads\/2023\/11\/mo9544-13b.jpeg","large-width":700,"large-height":700,"1536x1536":"https:\/\/kind.ee\/wp-content\/uploads\/2023\/11\/mo9544-13b.jpeg","1536x1536-width":700,"1536x1536-height":700,"2048x2048":"https:\/\/kind.ee\/wp-content\/uploads\/2023\/11\/mo9544-13b.jpeg","2048x2048-width":700,"2048x2048-height":700,"galerii_large":"https:\/\/kind.ee\/wp-content\/uploads\/2023\/11\/mo9544-13b.jpeg","galerii_large-width":700,"galerii_large-height":700,"galerii_large_retina":"https:\/\/kind.ee\/wp-content\/uploads\/2023\/11\/mo9544-13b.jpeg","galerii_large_retina-width":700,"galerii_large_retina-height":700,"woocommerce_thumbnail":"https:\/\/kind.ee\/wp-content\/uploads\/2023\/11\/mo9544-13b-300x300.jpeg","woocommerce_thumbnail-width":300,"woocommerce_thumbnail-height":300,"woocommerce_single":"https:\/\/kind.ee\/wp-content\/uploads\/2023\/11\/mo9544-13b-600x600.jpeg","woocommerce_single-width":600,"woocommerce_single-height":600,"woocommerce_gallery_thumbnail":"https:\/\/kind.ee\/wp-content\/uploads\/2023\/11\/mo9544-13b-100x100.jpeg","woocommerce_gallery_thumbnail-width":100,"woocommerce_gallery_thumbnail-height":100}},{"ID":14584,"id":14584,"title":"mo9544-13d","filename":"mo9544-13d.jpeg","filesize":72531,"url":"https:\/\/kind.ee\/wp-content\/uploads\/2023\/11\/mo9544-13d.jpeg","link":"https:\/\/kind.ee\/et\/?attachment_id=14584","alt":"","author":"4","description":"","caption":"","name":"mo9544-13d","status":"inherit","uploaded_to":14579,"date":"2023-11-03 18:48:37","modified":"2023-11-03 18:49:30","menu_order":0,"mime_type":"image\/jpeg","type":"image","subtype":"jpeg","icon":"https:\/\/kind.ee\/wp-includes\/images\/media\/default.png","width":700,"height":700,"sizes":{"thumbnail":"https:\/\/kind.ee\/wp-content\/uploads\/2023\/11\/mo9544-13d-150x150.jpeg","thumbnail-width":150,"thumbnail-height":150,"medium":"https:\/\/kind.ee\/wp-content\/uploads\/2023\/11\/mo9544-13d-300x300.jpeg","medium-width":300,"medium-height":300,"medium_large":"https:\/\/kind.ee\/wp-content\/uploads\/2023\/11\/mo9544-13d.jpeg","medium_large-width":700,"medium_large-height":700,"large":"https:\/\/kind.ee\/wp-content\/uploads\/2023\/11\/mo9544-13d.jpeg","large-width":700,"large-height":700,"1536x1536":"https:\/\/kind.ee\/wp-content\/uploads\/2023\/11\/mo9544-13d.jpeg","1536x1536-width":700,"1536x1536-height":700,"2048x2048":"https:\/\/kind.ee\/wp-content\/uploads\/2023\/11\/mo9544-13d.jpeg","2048x2048-width":700,"2048x2048-height":700,"galerii_large":"https:\/\/kind.ee\/wp-content\/uploads\/2023\/11\/mo9544-13d.jpeg","galerii_large-width":700,"galerii_large-height":700,"galerii_large_retina":"https:\/\/kind.ee\/wp-content\/uploads\/2023\/11\/mo9544-13d.jpeg","galerii_large_retina-width":700,"galerii_large_retina-height":700,"woocommerce_thumbnail":"https:\/\/kind.ee\/wp-content\/uploads\/2023\/11\/mo9544-13d-300x300.jpeg","woocommerce_thumbnail-width":300,"woocommerce_thumbnail-height":300,"woocommerce_single":"https:\/\/kind.ee\/wp-content\/uploads\/2023\/11\/mo9544-13d-600x600.jpeg","woocommerce_single-width":600,"woocommerce_single-height":600,"woocommerce_gallery_thumbnail":"https:\/\/kind.ee\/wp-content\/uploads\/2023\/11\/mo9544-13d-100x100.jpeg","woocommerce_gallery_thumbnail-width":100,"woocommerce_gallery_thumbnail-height":100}}],"varvikood":false,"varvid-native":false,"varvid-stedman":false,"varvikood-neutral":false,"varvid-sols":false,"midoceani_varvid":false,"purewaste":false,"beechfield-varvid":false,"bagbase":false,"mepal":false}],"tooteinfo":"Laste v\u00e4rvimiskomplekt koos 30-ne v\u00e4rvimislehega, kuue v\u00e4rvipliiatsiga, teritaja ja kustutuskummiga. Seda on mugav igale poole kaasa v\u00f5tta, et lapsel oleks tegevust.","materjal":"Paber","varvus":""},"_links":{"self":[{"href":"https:\/\/kind.ee\/et\/wp-json\/wp\/v2\/product\/14579","targetHints":{"allow":["GET"]}}],"collection":[{"href":"https:\/\/kind.ee\/et\/wp-json\/wp\/v2\/product"}],"about":[{"href":"https:\/\/kind.ee\/et\/wp-json\/wp\/v2\/types\/product"}],"wp:featuredmedia":[{"embeddable":true,"href":"https:\/\/kind.ee\/et\/wp-json\/wp\/v2\/media\/14580"}],"wp:attachment":[{"href":"https:\/\/kind.ee\/et\/wp-json\/wp\/v2\/media?parent=14579"}],"wp:term":[{"taxonomy":"product_brand","embeddable":true,"href":"https:\/\/kind.ee\/et\/wp-json\/wp\/v2\/product_brand?post=14579"},{"taxonomy":"product_cat","embeddable":true,"href":"https:\/\/kind.ee\/et\/wp-json\/wp\/v2\/product_cat?post=14579"},{"taxonomy":"product_tag","embeddable":true,"href":"https:\/\/kind.ee\/et\/wp-json\/wp\/v2\/product_tag?post=14579"}],"curies":[{"name":"wp","href":"https:\/\/api.w.org\/{rel}","templated":true}]}}