{"id":14500,"date":"2023-11-03T18:18:33","date_gmt":"2023-11-03T18:18:33","guid":{"rendered":"https:\/\/kind.ee\/?post_type=product&#038;p=14500"},"modified":"2025-06-10T10:03:28","modified_gmt":"2025-06-10T10:03:28","slug":"manniseemnetega-markmik","status":"publish","type":"product","link":"https:\/\/kind.ee\/et\/toode\/manniseemnetega-markmik\/","title":{"rendered":"m\u00e4nniseemnetega m\u00e4rkmik"},"content":{"rendered":"","protected":false},"excerpt":{"rendered":"","protected":false},"featured_media":14507,"template":"","meta":[],"product_brand":[],"product_cat":[620,616],"product_tag":[],"class_list":{"0":"post-14500","1":"product","2":"type-product","3":"status-publish","4":"has-post-thumbnail","6":"product_cat-kontor","7":"product_cat-meened","9":"first","10":"instock","11":"shipping-taxable","12":"purchasable","13":"product-type-simple"},"acf":{"muugi_argumendid":[],"sertifikaadid":[],"season":[],"loige":"","suuruste_tabel":false,"paksus":"","min_kogus":"5","kangas":"","kanga-info":"","mootmed":"K\u00f5rgus: 1.5 cm<br \/>\r\nPikkus: 14 cm<br \/>\r\nLaius: 21.2 cm<br \/>\r\nKaal: 284 g","toote_pildid_varvide_kaupa":[{"pildid":[{"ID":14507,"id":14507,"title":"mo6225-13-top","filename":"mo6225-13-top-e1699035500977.jpeg","filesize":34170,"url":"https:\/\/kind.ee\/wp-content\/uploads\/2023\/11\/mo6225-13-top-e1699035500977.jpeg","link":"https:\/\/kind.ee\/et\/?attachment_id=14507","alt":"","author":"4","description":"","caption":"","name":"mo6225-13-top","status":"inherit","uploaded_to":14500,"date":"2023-11-03 18:16:36","modified":"2023-11-03 18:18:02","menu_order":0,"mime_type":"image\/jpeg","type":"image","subtype":"jpeg","icon":"https:\/\/kind.ee\/wp-includes\/images\/media\/default.png","width":605,"height":634,"sizes":{"thumbnail":"https:\/\/kind.ee\/wp-content\/uploads\/2023\/11\/mo6225-13-top-e1699035500977-150x150.jpeg","thumbnail-width":150,"thumbnail-height":150,"medium":"https:\/\/kind.ee\/wp-content\/uploads\/2023\/11\/mo6225-13-top-e1699035500977-286x300.jpeg","medium-width":286,"medium-height":300,"medium_large":"https:\/\/kind.ee\/wp-content\/uploads\/2023\/11\/mo6225-13-top-e1699035500977.jpeg","medium_large-width":605,"medium_large-height":634,"large":"https:\/\/kind.ee\/wp-content\/uploads\/2023\/11\/mo6225-13-top-e1699035500977.jpeg","large-width":605,"large-height":634,"1536x1536":"https:\/\/kind.ee\/wp-content\/uploads\/2023\/11\/mo6225-13-top-e1699035500977.jpeg","1536x1536-width":605,"1536x1536-height":634,"2048x2048":"https:\/\/kind.ee\/wp-content\/uploads\/2023\/11\/mo6225-13-top-e1699035500977.jpeg","2048x2048-width":605,"2048x2048-height":634,"galerii_large":"https:\/\/kind.ee\/wp-content\/uploads\/2023\/11\/mo6225-13-top-e1699035500977.jpeg","galerii_large-width":605,"galerii_large-height":634,"galerii_large_retina":"https:\/\/kind.ee\/wp-content\/uploads\/2023\/11\/mo6225-13-top-e1699035500977.jpeg","galerii_large_retina-width":605,"galerii_large_retina-height":634,"woocommerce_thumbnail":"https:\/\/kind.ee\/wp-content\/uploads\/2023\/11\/mo6225-13-top-e1699035500977-300x300.jpeg","woocommerce_thumbnail-width":300,"woocommerce_thumbnail-height":300,"woocommerce_single":"https:\/\/kind.ee\/wp-content\/uploads\/2023\/11\/mo6225-13-top-e1699035500977-600x629.jpeg","woocommerce_single-width":600,"woocommerce_single-height":629,"woocommerce_gallery_thumbnail":"https:\/\/kind.ee\/wp-content\/uploads\/2023\/11\/mo6225-13-top-e1699035500977-100x100.jpeg","woocommerce_gallery_thumbnail-width":100,"woocommerce_gallery_thumbnail-height":100}},{"ID":14501,"id":14501,"title":"mo6225-13-open","filename":"mo6225-13-open.jpeg","filesize":32033,"url":"https:\/\/kind.ee\/wp-content\/uploads\/2023\/11\/mo6225-13-open.jpeg","link":"https:\/\/kind.ee\/et\/?attachment_id=14501","alt":"","author":"4","description":"","caption":"","name":"mo6225-13-open","status":"inherit","uploaded_to":14500,"date":"2023-11-03 18:15:53","modified":"2023-11-03 18:17:25","menu_order":0,"mime_type":"image\/jpeg","type":"image","subtype":"jpeg","icon":"https:\/\/kind.ee\/wp-includes\/images\/media\/default.png","width":700,"height":700,"sizes":{"thumbnail":"https:\/\/kind.ee\/wp-content\/uploads\/2023\/11\/mo6225-13-open-150x150.jpeg","thumbnail-width":150,"thumbnail-height":150,"medium":"https:\/\/kind.ee\/wp-content\/uploads\/2023\/11\/mo6225-13-open-300x300.jpeg","medium-width":300,"medium-height":300,"medium_large":"https:\/\/kind.ee\/wp-content\/uploads\/2023\/11\/mo6225-13-open.jpeg","medium_large-width":700,"medium_large-height":700,"large":"https:\/\/kind.ee\/wp-content\/uploads\/2023\/11\/mo6225-13-open.jpeg","large-width":700,"large-height":700,"1536x1536":"https:\/\/kind.ee\/wp-content\/uploads\/2023\/11\/mo6225-13-open.jpeg","1536x1536-width":700,"1536x1536-height":700,"2048x2048":"https:\/\/kind.ee\/wp-content\/uploads\/2023\/11\/mo6225-13-open.jpeg","2048x2048-width":700,"2048x2048-height":700,"galerii_large":"https:\/\/kind.ee\/wp-content\/uploads\/2023\/11\/mo6225-13-open.jpeg","galerii_large-width":700,"galerii_large-height":700,"galerii_large_retina":"https:\/\/kind.ee\/wp-content\/uploads\/2023\/11\/mo6225-13-open.jpeg","galerii_large_retina-width":700,"galerii_large_retina-height":700,"woocommerce_thumbnail":"https:\/\/kind.ee\/wp-content\/uploads\/2023\/11\/mo6225-13-open-300x300.jpeg","woocommerce_thumbnail-width":300,"woocommerce_thumbnail-height":300,"woocommerce_single":"https:\/\/kind.ee\/wp-content\/uploads\/2023\/11\/mo6225-13-open-600x600.jpeg","woocommerce_single-width":600,"woocommerce_single-height":600,"woocommerce_gallery_thumbnail":"https:\/\/kind.ee\/wp-content\/uploads\/2023\/11\/mo6225-13-open-100x100.jpeg","woocommerce_gallery_thumbnail-width":100,"woocommerce_gallery_thumbnail-height":100}},{"ID":14503,"id":14503,"title":"mo6225-13-print","filename":"mo6225-13-print.jpeg","filesize":50445,"url":"https:\/\/kind.ee\/wp-content\/uploads\/2023\/11\/mo6225-13-print.jpeg","link":"https:\/\/kind.ee\/et\/?attachment_id=14503","alt":"","author":"4","description":"","caption":"","name":"mo6225-13-print","status":"inherit","uploaded_to":14500,"date":"2023-11-03 18:15:56","modified":"2023-11-03 18:15:56","menu_order":0,"mime_type":"image\/jpeg","type":"image","subtype":"jpeg","icon":"https:\/\/kind.ee\/wp-includes\/images\/media\/default.png","width":700,"height":700,"sizes":{"thumbnail":"https:\/\/kind.ee\/wp-content\/uploads\/2023\/11\/mo6225-13-print-150x150.jpeg","thumbnail-width":150,"thumbnail-height":150,"medium":"https:\/\/kind.ee\/wp-content\/uploads\/2023\/11\/mo6225-13-print-300x300.jpeg","medium-width":300,"medium-height":300,"medium_large":"https:\/\/kind.ee\/wp-content\/uploads\/2023\/11\/mo6225-13-print.jpeg","medium_large-width":700,"medium_large-height":700,"large":"https:\/\/kind.ee\/wp-content\/uploads\/2023\/11\/mo6225-13-print.jpeg","large-width":700,"large-height":700,"1536x1536":"https:\/\/kind.ee\/wp-content\/uploads\/2023\/11\/mo6225-13-print.jpeg","1536x1536-width":700,"1536x1536-height":700,"2048x2048":"https:\/\/kind.ee\/wp-content\/uploads\/2023\/11\/mo6225-13-print.jpeg","2048x2048-width":700,"2048x2048-height":700,"galerii_large":"https:\/\/kind.ee\/wp-content\/uploads\/2023\/11\/mo6225-13-print.jpeg","galerii_large-width":700,"galerii_large-height":700,"galerii_large_retina":"https:\/\/kind.ee\/wp-content\/uploads\/2023\/11\/mo6225-13-print.jpeg","galerii_large_retina-width":700,"galerii_large_retina-height":700,"woocommerce_thumbnail":"https:\/\/kind.ee\/wp-content\/uploads\/2023\/11\/mo6225-13-print-300x300.jpeg","woocommerce_thumbnail-width":300,"woocommerce_thumbnail-height":300,"woocommerce_single":"https:\/\/kind.ee\/wp-content\/uploads\/2023\/11\/mo6225-13-print-600x600.jpeg","woocommerce_single-width":600,"woocommerce_single-height":600,"woocommerce_gallery_thumbnail":"https:\/\/kind.ee\/wp-content\/uploads\/2023\/11\/mo6225-13-print-100x100.jpeg","woocommerce_gallery_thumbnail-width":100,"woocommerce_gallery_thumbnail-height":100}}],"varvikood":false,"varvid-native":false,"varvid-stedman":false,"varvikood-neutral":false,"varvid-sols":false,"midoceani_varvid":false,"purewaste":false,"beechfield-varvid":false,"bagbase":false,"mepal":false}],"tooteinfo":"K\u00f5vakaaneline m\u00e4rkmik, mis tuleb koos m\u00e4nnipuu seemnetega, mida saab maha istutada, et planeedile tagasi anda. Valmistatud EL-is.","materjal":"Paber","varvus":""},"_links":{"self":[{"href":"https:\/\/kind.ee\/et\/wp-json\/wp\/v2\/product\/14500","targetHints":{"allow":["GET"]}}],"collection":[{"href":"https:\/\/kind.ee\/et\/wp-json\/wp\/v2\/product"}],"about":[{"href":"https:\/\/kind.ee\/et\/wp-json\/wp\/v2\/types\/product"}],"wp:featuredmedia":[{"embeddable":true,"href":"https:\/\/kind.ee\/et\/wp-json\/wp\/v2\/media\/14507"}],"wp:attachment":[{"href":"https:\/\/kind.ee\/et\/wp-json\/wp\/v2\/media?parent=14500"}],"wp:term":[{"taxonomy":"product_brand","embeddable":true,"href":"https:\/\/kind.ee\/et\/wp-json\/wp\/v2\/product_brand?post=14500"},{"taxonomy":"product_cat","embeddable":true,"href":"https:\/\/kind.ee\/et\/wp-json\/wp\/v2\/product_cat?post=14500"},{"taxonomy":"product_tag","embeddable":true,"href":"https:\/\/kind.ee\/et\/wp-json\/wp\/v2\/product_tag?post=14500"}],"curies":[{"name":"wp","href":"https:\/\/api.w.org\/{rel}","templated":true}]}}