{"id":14493,"date":"2023-11-03T18:13:00","date_gmt":"2023-11-03T18:13:00","guid":{"rendered":"https:\/\/kind.ee\/?post_type=product&#038;p=14493"},"modified":"2025-06-10T10:03:28","modified_gmt":"2025-06-10T10:03:28","slug":"telefonihoidjaga-markmik","status":"publish","type":"product","link":"https:\/\/kind.ee\/et\/toode\/telefonihoidjaga-markmik\/","title":{"rendered":"telefonihoidjaga m\u00e4rkmik"},"content":{"rendered":"","protected":false},"excerpt":{"rendered":"","protected":false},"featured_media":14498,"template":"","meta":[],"product_brand":[],"product_cat":[620,616],"product_tag":[],"class_list":{"0":"post-14493","1":"product","2":"type-product","3":"status-publish","4":"has-post-thumbnail","6":"product_cat-kontor","7":"product_cat-meened","9":"first","10":"instock","11":"shipping-taxable","12":"purchasable","13":"product-type-simple"},"acf":{"muugi_argumendid":[],"sertifikaadid":[],"season":[],"loige":"","suuruste_tabel":false,"paksus":"","min_kogus":"5","kangas":"","kanga-info":"","mootmed":"K\u00f5rgus: 1.8 cm<br \/>\r\nPikkus: 21 cm<br \/>\r\nLaius: 14.5 cm<br \/>\r\nKaal: 295 g","toote_pildid_varvide_kaupa":[{"pildid":[{"ID":14494,"id":14494,"title":"mo6576-03-back","filename":"mo6576-03-back.jpeg","filesize":52393,"url":"https:\/\/kind.ee\/wp-content\/uploads\/2023\/11\/mo6576-03-back.jpeg","link":"https:\/\/kind.ee\/et\/?attachment_id=14494","alt":"","author":"4","description":"","caption":"","name":"mo6576-03-back","status":"inherit","uploaded_to":14493,"date":"2023-11-03 18:10:26","modified":"2023-11-03 18:10:26","menu_order":0,"mime_type":"image\/jpeg","type":"image","subtype":"jpeg","icon":"https:\/\/kind.ee\/wp-includes\/images\/media\/default.png","width":700,"height":700,"sizes":{"thumbnail":"https:\/\/kind.ee\/wp-content\/uploads\/2023\/11\/mo6576-03-back-150x150.jpeg","thumbnail-width":150,"thumbnail-height":150,"medium":"https:\/\/kind.ee\/wp-content\/uploads\/2023\/11\/mo6576-03-back-300x300.jpeg","medium-width":300,"medium-height":300,"medium_large":"https:\/\/kind.ee\/wp-content\/uploads\/2023\/11\/mo6576-03-back.jpeg","medium_large-width":700,"medium_large-height":700,"large":"https:\/\/kind.ee\/wp-content\/uploads\/2023\/11\/mo6576-03-back.jpeg","large-width":700,"large-height":700,"1536x1536":"https:\/\/kind.ee\/wp-content\/uploads\/2023\/11\/mo6576-03-back.jpeg","1536x1536-width":700,"1536x1536-height":700,"2048x2048":"https:\/\/kind.ee\/wp-content\/uploads\/2023\/11\/mo6576-03-back.jpeg","2048x2048-width":700,"2048x2048-height":700,"galerii_large":"https:\/\/kind.ee\/wp-content\/uploads\/2023\/11\/mo6576-03-back.jpeg","galerii_large-width":700,"galerii_large-height":700,"galerii_large_retina":"https:\/\/kind.ee\/wp-content\/uploads\/2023\/11\/mo6576-03-back.jpeg","galerii_large_retina-width":700,"galerii_large_retina-height":700,"woocommerce_thumbnail":"https:\/\/kind.ee\/wp-content\/uploads\/2023\/11\/mo6576-03-back-300x300.jpeg","woocommerce_thumbnail-width":300,"woocommerce_thumbnail-height":300,"woocommerce_single":"https:\/\/kind.ee\/wp-content\/uploads\/2023\/11\/mo6576-03-back-600x600.jpeg","woocommerce_single-width":600,"woocommerce_single-height":600,"woocommerce_gallery_thumbnail":"https:\/\/kind.ee\/wp-content\/uploads\/2023\/11\/mo6576-03-back-100x100.jpeg","woocommerce_gallery_thumbnail-width":100,"woocommerce_gallery_thumbnail-height":100}},{"ID":14498,"id":14498,"title":"mo6576-03-side","filename":"mo6576-03-side-e1699035170938.jpeg","filesize":33808,"url":"https:\/\/kind.ee\/wp-content\/uploads\/2023\/11\/mo6576-03-side-e1699035170938.jpeg","link":"https:\/\/kind.ee\/et\/?attachment_id=14498","alt":"","author":"4","description":"","caption":"","name":"mo6576-03-side","status":"inherit","uploaded_to":14493,"date":"2023-11-03 18:10:32","modified":"2023-11-03 18:10:32","menu_order":0,"mime_type":"image\/jpeg","type":"image","subtype":"jpeg","icon":"https:\/\/kind.ee\/wp-includes\/images\/media\/default.png","width":614,"height":613,"sizes":{"thumbnail":"https:\/\/kind.ee\/wp-content\/uploads\/2023\/11\/mo6576-03-side-e1699035170938-150x150.jpeg","thumbnail-width":150,"thumbnail-height":150,"medium":"https:\/\/kind.ee\/wp-content\/uploads\/2023\/11\/mo6576-03-side-e1699035170938-300x300.jpeg","medium-width":300,"medium-height":300,"medium_large":"https:\/\/kind.ee\/wp-content\/uploads\/2023\/11\/mo6576-03-side-e1699035170938.jpeg","medium_large-width":614,"medium_large-height":613,"large":"https:\/\/kind.ee\/wp-content\/uploads\/2023\/11\/mo6576-03-side-e1699035170938.jpeg","large-width":614,"large-height":613,"1536x1536":"https:\/\/kind.ee\/wp-content\/uploads\/2023\/11\/mo6576-03-side-e1699035170938.jpeg","1536x1536-width":614,"1536x1536-height":613,"2048x2048":"https:\/\/kind.ee\/wp-content\/uploads\/2023\/11\/mo6576-03-side-e1699035170938.jpeg","2048x2048-width":614,"2048x2048-height":613,"galerii_large":"https:\/\/kind.ee\/wp-content\/uploads\/2023\/11\/mo6576-03-side-e1699035170938.jpeg","galerii_large-width":614,"galerii_large-height":613,"galerii_large_retina":"https:\/\/kind.ee\/wp-content\/uploads\/2023\/11\/mo6576-03-side-e1699035170938.jpeg","galerii_large_retina-width":614,"galerii_large_retina-height":613,"woocommerce_thumbnail":"https:\/\/kind.ee\/wp-content\/uploads\/2023\/11\/mo6576-03-side-e1699035170938-300x300.jpeg","woocommerce_thumbnail-width":300,"woocommerce_thumbnail-height":300,"woocommerce_single":"https:\/\/kind.ee\/wp-content\/uploads\/2023\/11\/mo6576-03-side-e1699035170938-600x599.jpeg","woocommerce_single-width":600,"woocommerce_single-height":599,"woocommerce_gallery_thumbnail":"https:\/\/kind.ee\/wp-content\/uploads\/2023\/11\/mo6576-03-side-e1699035170938-100x100.jpeg","woocommerce_gallery_thumbnail-width":100,"woocommerce_gallery_thumbnail-height":100}},{"ID":14496,"id":14496,"title":"mo6576-03-detail","filename":"mo6576-03-detail.jpeg","filesize":26017,"url":"https:\/\/kind.ee\/wp-content\/uploads\/2023\/11\/mo6576-03-detail.jpeg","link":"https:\/\/kind.ee\/et\/?attachment_id=14496","alt":"","author":"4","description":"","caption":"","name":"mo6576-03-detail","status":"inherit","uploaded_to":14493,"date":"2023-11-03 18:10:29","modified":"2023-11-03 18:11:29","menu_order":0,"mime_type":"image\/jpeg","type":"image","subtype":"jpeg","icon":"https:\/\/kind.ee\/wp-includes\/images\/media\/default.png","width":700,"height":700,"sizes":{"thumbnail":"https:\/\/kind.ee\/wp-content\/uploads\/2023\/11\/mo6576-03-detail-150x150.jpeg","thumbnail-width":150,"thumbnail-height":150,"medium":"https:\/\/kind.ee\/wp-content\/uploads\/2023\/11\/mo6576-03-detail-300x300.jpeg","medium-width":300,"medium-height":300,"medium_large":"https:\/\/kind.ee\/wp-content\/uploads\/2023\/11\/mo6576-03-detail.jpeg","medium_large-width":700,"medium_large-height":700,"large":"https:\/\/kind.ee\/wp-content\/uploads\/2023\/11\/mo6576-03-detail.jpeg","large-width":700,"large-height":700,"1536x1536":"https:\/\/kind.ee\/wp-content\/uploads\/2023\/11\/mo6576-03-detail.jpeg","1536x1536-width":700,"1536x1536-height":700,"2048x2048":"https:\/\/kind.ee\/wp-content\/uploads\/2023\/11\/mo6576-03-detail.jpeg","2048x2048-width":700,"2048x2048-height":700,"galerii_large":"https:\/\/kind.ee\/wp-content\/uploads\/2023\/11\/mo6576-03-detail.jpeg","galerii_large-width":700,"galerii_large-height":700,"galerii_large_retina":"https:\/\/kind.ee\/wp-content\/uploads\/2023\/11\/mo6576-03-detail.jpeg","galerii_large_retina-width":700,"galerii_large_retina-height":700,"woocommerce_thumbnail":"https:\/\/kind.ee\/wp-content\/uploads\/2023\/11\/mo6576-03-detail-300x300.jpeg","woocommerce_thumbnail-width":300,"woocommerce_thumbnail-height":300,"woocommerce_single":"https:\/\/kind.ee\/wp-content\/uploads\/2023\/11\/mo6576-03-detail-600x600.jpeg","woocommerce_single-width":600,"woocommerce_single-height":600,"woocommerce_gallery_thumbnail":"https:\/\/kind.ee\/wp-content\/uploads\/2023\/11\/mo6576-03-detail-100x100.jpeg","woocommerce_gallery_thumbnail-width":100,"woocommerce_gallery_thumbnail-height":100}}],"varvikood":false,"varvid-native":false,"varvid-stedman":false,"varvikood-neutral":false,"varvid-sols":false,"midoceani_varvid":false,"purewaste":false,"beechfield-varvid":false,"bagbase":false,"mepal":false}],"tooteinfo":"Nutitelefoni hoidjaga A5 suuruses k\u00f5vakaaneline jooneliste lehtedega m\u00e4rkmik. Telefoni saab mugavalt seisma panna kui on vaja pidada n\u00e4iteks videok\u00f5net.","materjal":"Paber","varvus":""},"_links":{"self":[{"href":"https:\/\/kind.ee\/et\/wp-json\/wp\/v2\/product\/14493","targetHints":{"allow":["GET"]}}],"collection":[{"href":"https:\/\/kind.ee\/et\/wp-json\/wp\/v2\/product"}],"about":[{"href":"https:\/\/kind.ee\/et\/wp-json\/wp\/v2\/types\/product"}],"wp:featuredmedia":[{"embeddable":true,"href":"https:\/\/kind.ee\/et\/wp-json\/wp\/v2\/media\/14498"}],"wp:attachment":[{"href":"https:\/\/kind.ee\/et\/wp-json\/wp\/v2\/media?parent=14493"}],"wp:term":[{"taxonomy":"product_brand","embeddable":true,"href":"https:\/\/kind.ee\/et\/wp-json\/wp\/v2\/product_brand?post=14493"},{"taxonomy":"product_cat","embeddable":true,"href":"https:\/\/kind.ee\/et\/wp-json\/wp\/v2\/product_cat?post=14493"},{"taxonomy":"product_tag","embeddable":true,"href":"https:\/\/kind.ee\/et\/wp-json\/wp\/v2\/product_tag?post=14493"}],"curies":[{"name":"wp","href":"https:\/\/api.w.org\/{rel}","templated":true}]}}