{"id":14447,"date":"2023-11-03T17:41:41","date_gmt":"2023-11-03T17:41:41","guid":{"rendered":"https:\/\/kind.ee\/?post_type=product&#038;p=14447"},"modified":"2025-06-10T10:03:29","modified_gmt":"2025-06-10T10:03:29","slug":"kaepidemega-mapp-alberta","status":"publish","type":"product","link":"https:\/\/kind.ee\/et\/toode\/kaepidemega-mapp-alberta\/","title":{"rendered":"k\u00e4epidemega mapp Alberta"},"content":{"rendered":"","protected":false},"excerpt":{"rendered":"","protected":false},"featured_media":14449,"template":"","meta":[],"product_brand":[],"product_cat":[620,616],"product_tag":[],"class_list":{"0":"post-14447","1":"product","2":"type-product","3":"status-publish","4":"has-post-thumbnail","6":"product_cat-kontor","7":"product_cat-meened","9":"first","10":"instock","11":"shipping-taxable","12":"purchasable","13":"product-type-simple"},"acf":{"muugi_argumendid":[],"sertifikaadid":[],"season":[],"loige":"","suuruste_tabel":false,"paksus":"","min_kogus":"5","kangas":"","kanga-info":"","mootmed":"K\u00f5rgus: 2.5 cm<br \/>\r\nPikkus: 34.5 cm<br \/>\r\nLaius: 28.5 cm<br \/>\r\nKaal: 255 g","toote_pildid_varvide_kaupa":[{"pildid":[{"ID":14449,"id":14449,"title":"k\u00e4epidemega mapp","filename":"mo7411-13-e1699033234139.jpeg","filesize":19298,"url":"https:\/\/kind.ee\/wp-content\/uploads\/2023\/11\/mo7411-13-e1699033234139.jpeg","link":"https:\/\/kind.ee\/et\/?attachment_id=14449","alt":"","author":"4","description":"https:\/\/kind.ee\/et\/pood\/kaepidemega-mapp-alberta\/?cat=kontor","caption":"","name":"mo7411-13","status":"inherit","uploaded_to":14447,"date":"2023-11-03 17:40:10","modified":"2024-09-08 22:24:09","menu_order":0,"mime_type":"image\/jpeg","type":"image","subtype":"jpeg","icon":"https:\/\/kind.ee\/wp-includes\/images\/media\/default.png","width":491,"height":525,"sizes":{"thumbnail":"https:\/\/kind.ee\/wp-content\/uploads\/2023\/11\/mo7411-13-e1699033234139-150x150.jpeg","thumbnail-width":150,"thumbnail-height":150,"medium":"https:\/\/kind.ee\/wp-content\/uploads\/2023\/11\/mo7411-13-e1699033234139-281x300.jpeg","medium-width":281,"medium-height":300,"medium_large":"https:\/\/kind.ee\/wp-content\/uploads\/2023\/11\/mo7411-13-e1699033234139.jpeg","medium_large-width":491,"medium_large-height":525,"large":"https:\/\/kind.ee\/wp-content\/uploads\/2023\/11\/mo7411-13-e1699033234139.jpeg","large-width":491,"large-height":525,"1536x1536":"https:\/\/kind.ee\/wp-content\/uploads\/2023\/11\/mo7411-13-e1699033234139.jpeg","1536x1536-width":491,"1536x1536-height":525,"2048x2048":"https:\/\/kind.ee\/wp-content\/uploads\/2023\/11\/mo7411-13-e1699033234139.jpeg","2048x2048-width":491,"2048x2048-height":525,"galerii_large":"https:\/\/kind.ee\/wp-content\/uploads\/2023\/11\/mo7411-13-e1699033234139.jpeg","galerii_large-width":491,"galerii_large-height":525,"galerii_large_retina":"https:\/\/kind.ee\/wp-content\/uploads\/2023\/11\/mo7411-13-e1699033234139.jpeg","galerii_large_retina-width":491,"galerii_large_retina-height":525,"woocommerce_thumbnail":"https:\/\/kind.ee\/wp-content\/uploads\/2023\/11\/mo7411-13-e1699033234139-300x300.jpeg","woocommerce_thumbnail-width":300,"woocommerce_thumbnail-height":300,"woocommerce_single":"https:\/\/kind.ee\/wp-content\/uploads\/2023\/11\/mo7411-13-e1699033234139.jpeg","woocommerce_single-width":491,"woocommerce_single-height":525,"woocommerce_gallery_thumbnail":"https:\/\/kind.ee\/wp-content\/uploads\/2023\/11\/mo7411-13-e1699033234139-100x100.jpeg","woocommerce_gallery_thumbnail-width":100,"woocommerce_gallery_thumbnail-height":100}},{"ID":14451,"id":14451,"title":"mo7411-13a","filename":"mo7411-13a.jpeg","filesize":29096,"url":"https:\/\/kind.ee\/wp-content\/uploads\/2023\/11\/mo7411-13a.jpeg","link":"https:\/\/kind.ee\/et\/?attachment_id=14451","alt":"","author":"4","description":"","caption":"","name":"mo7411-13a","status":"inherit","uploaded_to":14447,"date":"2023-11-03 17:40:12","modified":"2023-11-03 17:41:21","menu_order":0,"mime_type":"image\/jpeg","type":"image","subtype":"jpeg","icon":"https:\/\/kind.ee\/wp-includes\/images\/media\/default.png","width":700,"height":700,"sizes":{"thumbnail":"https:\/\/kind.ee\/wp-content\/uploads\/2023\/11\/mo7411-13a-150x150.jpeg","thumbnail-width":150,"thumbnail-height":150,"medium":"https:\/\/kind.ee\/wp-content\/uploads\/2023\/11\/mo7411-13a-300x300.jpeg","medium-width":300,"medium-height":300,"medium_large":"https:\/\/kind.ee\/wp-content\/uploads\/2023\/11\/mo7411-13a.jpeg","medium_large-width":700,"medium_large-height":700,"large":"https:\/\/kind.ee\/wp-content\/uploads\/2023\/11\/mo7411-13a.jpeg","large-width":700,"large-height":700,"1536x1536":"https:\/\/kind.ee\/wp-content\/uploads\/2023\/11\/mo7411-13a.jpeg","1536x1536-width":700,"1536x1536-height":700,"2048x2048":"https:\/\/kind.ee\/wp-content\/uploads\/2023\/11\/mo7411-13a.jpeg","2048x2048-width":700,"2048x2048-height":700,"galerii_large":"https:\/\/kind.ee\/wp-content\/uploads\/2023\/11\/mo7411-13a.jpeg","galerii_large-width":700,"galerii_large-height":700,"galerii_large_retina":"https:\/\/kind.ee\/wp-content\/uploads\/2023\/11\/mo7411-13a.jpeg","galerii_large_retina-width":700,"galerii_large_retina-height":700,"woocommerce_thumbnail":"https:\/\/kind.ee\/wp-content\/uploads\/2023\/11\/mo7411-13a-300x300.jpeg","woocommerce_thumbnail-width":300,"woocommerce_thumbnail-height":300,"woocommerce_single":"https:\/\/kind.ee\/wp-content\/uploads\/2023\/11\/mo7411-13a-600x600.jpeg","woocommerce_single-width":600,"woocommerce_single-height":600,"woocommerce_gallery_thumbnail":"https:\/\/kind.ee\/wp-content\/uploads\/2023\/11\/mo7411-13a-100x100.jpeg","woocommerce_gallery_thumbnail-width":100,"woocommerce_gallery_thumbnail-height":100}}],"varvikood":false,"varvid-native":false,"varvid-stedman":false,"varvikood-neutral":false,"varvid-sols":false,"midoceani_varvid":false,"purewaste":false,"beechfield-varvid":false,"bagbase":false,"mepal":false}],"tooteinfo":"Pappkaantega konverentsimapp, milles on 20 joonelist paberit, kollane m\u00e4rkmepaber ja erinevat v\u00e4rvi lehemarkerit. Samuti on sel olemas sisetasku, kus on mugav hoiustada lahtiseid pabereid. K\u00e4epide muudab mapi lihtsasti kaasaskantavaks.","materjal":"Paber","varvus":""},"_links":{"self":[{"href":"https:\/\/kind.ee\/et\/wp-json\/wp\/v2\/product\/14447","targetHints":{"allow":["GET"]}}],"collection":[{"href":"https:\/\/kind.ee\/et\/wp-json\/wp\/v2\/product"}],"about":[{"href":"https:\/\/kind.ee\/et\/wp-json\/wp\/v2\/types\/product"}],"wp:featuredmedia":[{"embeddable":true,"href":"https:\/\/kind.ee\/et\/wp-json\/wp\/v2\/media\/14449"}],"wp:attachment":[{"href":"https:\/\/kind.ee\/et\/wp-json\/wp\/v2\/media?parent=14447"}],"wp:term":[{"taxonomy":"product_brand","embeddable":true,"href":"https:\/\/kind.ee\/et\/wp-json\/wp\/v2\/product_brand?post=14447"},{"taxonomy":"product_cat","embeddable":true,"href":"https:\/\/kind.ee\/et\/wp-json\/wp\/v2\/product_cat?post=14447"},{"taxonomy":"product_tag","embeddable":true,"href":"https:\/\/kind.ee\/et\/wp-json\/wp\/v2\/product_tag?post=14447"}],"curies":[{"name":"wp","href":"https:\/\/api.w.org\/{rel}","templated":true}]}}