{"id":14440,"date":"2023-11-03T17:36:47","date_gmt":"2023-11-03T17:36:47","guid":{"rendered":"https:\/\/kind.ee\/?post_type=product&#038;p=14440"},"modified":"2025-06-10T10:03:29","modified_gmt":"2025-06-10T10:03:29","slug":"arhitektuuri-joonlaud-tria","status":"publish","type":"product","link":"https:\/\/kind.ee\/et\/toode\/arhitektuuri-joonlaud-tria\/","title":{"rendered":"arhitektuuri joonlaud Tria"},"content":{"rendered":"","protected":false},"excerpt":{"rendered":"","protected":false},"featured_media":14441,"template":"","meta":[],"product_brand":[],"product_cat":[616,627],"product_tag":[],"class_list":{"0":"post-14440","1":"product","2":"type-product","3":"status-publish","4":"has-post-thumbnail","6":"product_cat-meened","7":"product_cat-tooriistad","9":"first","10":"instock","11":"shipping-taxable","12":"purchasable","13":"product-type-simple"},"acf":{"muugi_argumendid":[],"sertifikaadid":[],"season":[],"loige":"","suuruste_tabel":false,"paksus":"","min_kogus":"5","kangas":"","kanga-info":"","mootmed":"K\u00f5rgus: 2.3 cm<br \/>\r\nPikkus: 32 cm<br \/>\r\nLaius: 2.3 cm<br \/>\r\nKaal: 42 g","toote_pildid_varvide_kaupa":[{"pildid":[{"ID":14441,"id":14441,"title":"mo6698-16-open","filename":"mo6698-16-open-e1699033000102.jpeg","filesize":10936,"url":"https:\/\/kind.ee\/wp-content\/uploads\/2023\/11\/mo6698-16-open-e1699033000102.jpeg","link":"https:\/\/kind.ee\/et\/?attachment_id=14441","alt":"","author":"4","description":"","caption":"","name":"mo6698-16-open","status":"inherit","uploaded_to":14440,"date":"2023-11-03 17:34:57","modified":"2023-11-03 17:36:26","menu_order":0,"mime_type":"image\/jpeg","type":"image","subtype":"jpeg","icon":"https:\/\/kind.ee\/wp-includes\/images\/media\/default.png","width":645,"height":563,"sizes":{"thumbnail":"https:\/\/kind.ee\/wp-content\/uploads\/2023\/11\/mo6698-16-open-e1699033000102-150x150.jpeg","thumbnail-width":150,"thumbnail-height":150,"medium":"https:\/\/kind.ee\/wp-content\/uploads\/2023\/11\/mo6698-16-open-e1699033000102-300x262.jpeg","medium-width":300,"medium-height":262,"medium_large":"https:\/\/kind.ee\/wp-content\/uploads\/2023\/11\/mo6698-16-open-e1699033000102.jpeg","medium_large-width":645,"medium_large-height":563,"large":"https:\/\/kind.ee\/wp-content\/uploads\/2023\/11\/mo6698-16-open-e1699033000102.jpeg","large-width":645,"large-height":563,"1536x1536":"https:\/\/kind.ee\/wp-content\/uploads\/2023\/11\/mo6698-16-open-e1699033000102.jpeg","1536x1536-width":645,"1536x1536-height":563,"2048x2048":"https:\/\/kind.ee\/wp-content\/uploads\/2023\/11\/mo6698-16-open-e1699033000102.jpeg","2048x2048-width":645,"2048x2048-height":563,"galerii_large":"https:\/\/kind.ee\/wp-content\/uploads\/2023\/11\/mo6698-16-open-e1699033000102.jpeg","galerii_large-width":645,"galerii_large-height":563,"galerii_large_retina":"https:\/\/kind.ee\/wp-content\/uploads\/2023\/11\/mo6698-16-open-e1699033000102.jpeg","galerii_large_retina-width":645,"galerii_large_retina-height":563,"woocommerce_thumbnail":"https:\/\/kind.ee\/wp-content\/uploads\/2023\/11\/mo6698-16-open-e1699033000102-300x300.jpeg","woocommerce_thumbnail-width":300,"woocommerce_thumbnail-height":300,"woocommerce_single":"https:\/\/kind.ee\/wp-content\/uploads\/2023\/11\/mo6698-16-open-e1699033000102-600x524.jpeg","woocommerce_single-width":600,"woocommerce_single-height":524,"woocommerce_gallery_thumbnail":"https:\/\/kind.ee\/wp-content\/uploads\/2023\/11\/mo6698-16-open-e1699033000102-100x100.jpeg","woocommerce_gallery_thumbnail-width":100,"woocommerce_gallery_thumbnail-height":100}},{"ID":14443,"id":14443,"title":"mo6698-16-side","filename":"mo6698-16-side.jpeg","filesize":10062,"url":"https:\/\/kind.ee\/wp-content\/uploads\/2023\/11\/mo6698-16-side.jpeg","link":"https:\/\/kind.ee\/et\/?attachment_id=14443","alt":"","author":"4","description":"","caption":"","name":"mo6698-16-side","status":"inherit","uploaded_to":14440,"date":"2023-11-03 17:35:00","modified":"2023-11-03 17:35:00","menu_order":0,"mime_type":"image\/jpeg","type":"image","subtype":"jpeg","icon":"https:\/\/kind.ee\/wp-includes\/images\/media\/default.png","width":700,"height":700,"sizes":{"thumbnail":"https:\/\/kind.ee\/wp-content\/uploads\/2023\/11\/mo6698-16-side-150x150.jpeg","thumbnail-width":150,"thumbnail-height":150,"medium":"https:\/\/kind.ee\/wp-content\/uploads\/2023\/11\/mo6698-16-side-300x300.jpeg","medium-width":300,"medium-height":300,"medium_large":"https:\/\/kind.ee\/wp-content\/uploads\/2023\/11\/mo6698-16-side.jpeg","medium_large-width":700,"medium_large-height":700,"large":"https:\/\/kind.ee\/wp-content\/uploads\/2023\/11\/mo6698-16-side.jpeg","large-width":700,"large-height":700,"1536x1536":"https:\/\/kind.ee\/wp-content\/uploads\/2023\/11\/mo6698-16-side.jpeg","1536x1536-width":700,"1536x1536-height":700,"2048x2048":"https:\/\/kind.ee\/wp-content\/uploads\/2023\/11\/mo6698-16-side.jpeg","2048x2048-width":700,"2048x2048-height":700,"galerii_large":"https:\/\/kind.ee\/wp-content\/uploads\/2023\/11\/mo6698-16-side.jpeg","galerii_large-width":700,"galerii_large-height":700,"galerii_large_retina":"https:\/\/kind.ee\/wp-content\/uploads\/2023\/11\/mo6698-16-side.jpeg","galerii_large_retina-width":700,"galerii_large_retina-height":700,"woocommerce_thumbnail":"https:\/\/kind.ee\/wp-content\/uploads\/2023\/11\/mo6698-16-side-300x300.jpeg","woocommerce_thumbnail-width":300,"woocommerce_thumbnail-height":300,"woocommerce_single":"https:\/\/kind.ee\/wp-content\/uploads\/2023\/11\/mo6698-16-side-600x600.jpeg","woocommerce_single-width":600,"woocommerce_single-height":600,"woocommerce_gallery_thumbnail":"https:\/\/kind.ee\/wp-content\/uploads\/2023\/11\/mo6698-16-side-100x100.jpeg","woocommerce_gallery_thumbnail-width":100,"woocommerce_gallery_thumbnail-height":100}},{"ID":14445,"id":14445,"title":"mo6698-16","filename":"mo6698-16.jpeg","filesize":8025,"url":"https:\/\/kind.ee\/wp-content\/uploads\/2023\/11\/mo6698-16.jpeg","link":"https:\/\/kind.ee\/et\/?attachment_id=14445","alt":"","author":"4","description":"","caption":"","name":"mo6698-16","status":"inherit","uploaded_to":14440,"date":"2023-11-03 17:35:03","modified":"2023-11-03 17:35:52","menu_order":0,"mime_type":"image\/jpeg","type":"image","subtype":"jpeg","icon":"https:\/\/kind.ee\/wp-includes\/images\/media\/default.png","width":700,"height":700,"sizes":{"thumbnail":"https:\/\/kind.ee\/wp-content\/uploads\/2023\/11\/mo6698-16-150x150.jpeg","thumbnail-width":150,"thumbnail-height":150,"medium":"https:\/\/kind.ee\/wp-content\/uploads\/2023\/11\/mo6698-16-300x300.jpeg","medium-width":300,"medium-height":300,"medium_large":"https:\/\/kind.ee\/wp-content\/uploads\/2023\/11\/mo6698-16.jpeg","medium_large-width":700,"medium_large-height":700,"large":"https:\/\/kind.ee\/wp-content\/uploads\/2023\/11\/mo6698-16.jpeg","large-width":700,"large-height":700,"1536x1536":"https:\/\/kind.ee\/wp-content\/uploads\/2023\/11\/mo6698-16.jpeg","1536x1536-width":700,"1536x1536-height":700,"2048x2048":"https:\/\/kind.ee\/wp-content\/uploads\/2023\/11\/mo6698-16.jpeg","2048x2048-width":700,"2048x2048-height":700,"galerii_large":"https:\/\/kind.ee\/wp-content\/uploads\/2023\/11\/mo6698-16.jpeg","galerii_large-width":700,"galerii_large-height":700,"galerii_large_retina":"https:\/\/kind.ee\/wp-content\/uploads\/2023\/11\/mo6698-16.jpeg","galerii_large_retina-width":700,"galerii_large_retina-height":700,"woocommerce_thumbnail":"https:\/\/kind.ee\/wp-content\/uploads\/2023\/11\/mo6698-16-300x300.jpeg","woocommerce_thumbnail-width":300,"woocommerce_thumbnail-height":300,"woocommerce_single":"https:\/\/kind.ee\/wp-content\/uploads\/2023\/11\/mo6698-16-600x600.jpeg","woocommerce_single-width":600,"woocommerce_single-height":600,"woocommerce_gallery_thumbnail":"https:\/\/kind.ee\/wp-content\/uploads\/2023\/11\/mo6698-16-100x100.jpeg","woocommerce_gallery_thumbnail-width":100,"woocommerce_gallery_thumbnail-height":100}}],"varvikood":false,"varvid-native":false,"varvid-stedman":false,"varvikood-neutral":false,"varvid-sols":false,"midoceani_varvid":false,"purewaste":false,"beechfield-varvid":false,"bagbase":false,"mepal":false}],"tooteinfo":"Kolmnurgakujuline arhitektuurne joonlaud, mille pikkus on 30 cm. Joonlaual on kolm k\u00fclge ja viis erinevat m\u00f5\u00f5teskaalat: 1:20, 1:25, 1:50, 1:75 ja 1:100.","materjal":"Alumiinium","varvus":""},"_links":{"self":[{"href":"https:\/\/kind.ee\/et\/wp-json\/wp\/v2\/product\/14440","targetHints":{"allow":["GET"]}}],"collection":[{"href":"https:\/\/kind.ee\/et\/wp-json\/wp\/v2\/product"}],"about":[{"href":"https:\/\/kind.ee\/et\/wp-json\/wp\/v2\/types\/product"}],"wp:featuredmedia":[{"embeddable":true,"href":"https:\/\/kind.ee\/et\/wp-json\/wp\/v2\/media\/14441"}],"wp:attachment":[{"href":"https:\/\/kind.ee\/et\/wp-json\/wp\/v2\/media?parent=14440"}],"wp:term":[{"taxonomy":"product_brand","embeddable":true,"href":"https:\/\/kind.ee\/et\/wp-json\/wp\/v2\/product_brand?post=14440"},{"taxonomy":"product_cat","embeddable":true,"href":"https:\/\/kind.ee\/et\/wp-json\/wp\/v2\/product_cat?post=14440"},{"taxonomy":"product_tag","embeddable":true,"href":"https:\/\/kind.ee\/et\/wp-json\/wp\/v2\/product_tag?post=14440"}],"curies":[{"name":"wp","href":"https:\/\/api.w.org\/{rel}","templated":true}]}}