{"id":14305,"date":"2023-11-03T16:01:59","date_gmt":"2023-11-03T16:01:59","guid":{"rendered":"https:\/\/kind.ee\/?post_type=product&#038;p=14305"},"modified":"2025-06-10T10:03:31","modified_gmt":"2025-06-10T10:03:31","slug":"reisi-ombluskomplekt","status":"publish","type":"product","link":"https:\/\/kind.ee\/et\/toode\/reisi-ombluskomplekt\/","title":{"rendered":"reisi \u00f5mbluskomplekt"},"content":{"rendered":"","protected":false},"excerpt":{"rendered":"","protected":false},"featured_media":14306,"template":"","meta":[],"product_brand":[],"product_cat":[616,627],"product_tag":[],"class_list":{"0":"post-14305","1":"product","2":"type-product","3":"status-publish","4":"has-post-thumbnail","6":"product_cat-meened","7":"product_cat-tooriistad","9":"first","10":"instock","11":"shipping-taxable","12":"purchasable","13":"product-type-simple"},"acf":{"muugi_argumendid":[],"sertifikaadid":[],"season":[],"loige":"","suuruste_tabel":false,"paksus":"","min_kogus":"5","kangas":"","kanga-info":"","mootmed":"K\u00f5rgus: 2 cm<br \/>\r\nDiameeter: 8 cm<br \/>\r\nKaal: 30 g","toote_pildid_varvide_kaupa":false,"tooteinfo":"Alumiiniumkarbis \u00f5mbluskomplekt, mida on mugav endaga reisile kaasa v\u00f5tta. Sisaldab v\u00e4ikseid k\u00e4\u00e4re, erinevat v\u00e4rvi niiti, n\u00f5ela ja s\u00f5rmk\u00fcbarat.","materjal":"Alumiinium","varvus":""},"_links":{"self":[{"href":"https:\/\/kind.ee\/et\/wp-json\/wp\/v2\/product\/14305","targetHints":{"allow":["GET"]}}],"collection":[{"href":"https:\/\/kind.ee\/et\/wp-json\/wp\/v2\/product"}],"about":[{"href":"https:\/\/kind.ee\/et\/wp-json\/wp\/v2\/types\/product"}],"wp:featuredmedia":[{"embeddable":true,"href":"https:\/\/kind.ee\/et\/wp-json\/wp\/v2\/media\/14306"}],"wp:attachment":[{"href":"https:\/\/kind.ee\/et\/wp-json\/wp\/v2\/media?parent=14305"}],"wp:term":[{"taxonomy":"product_brand","embeddable":true,"href":"https:\/\/kind.ee\/et\/wp-json\/wp\/v2\/product_brand?post=14305"},{"taxonomy":"product_cat","embeddable":true,"href":"https:\/\/kind.ee\/et\/wp-json\/wp\/v2\/product_cat?post=14305"},{"taxonomy":"product_tag","embeddable":true,"href":"https:\/\/kind.ee\/et\/wp-json\/wp\/v2\/product_tag?post=14305"}],"curies":[{"name":"wp","href":"https:\/\/api.w.org\/{rel}","templated":true}]}}