{"id":14290,"date":"2023-11-03T15:47:31","date_gmt":"2023-11-03T15:47:31","guid":{"rendered":"https:\/\/kind.ee\/?post_type=product&#038;p=14290"},"modified":"2025-06-10T10:03:31","modified_gmt":"2025-06-10T10:03:31","slug":"peenike-taskulamp","status":"publish","type":"product","link":"https:\/\/kind.ee\/et\/toode\/peenike-taskulamp\/","title":{"rendered":"peenike taskulamp"},"content":{"rendered":"","protected":false},"excerpt":{"rendered":"","protected":false},"featured_media":14293,"template":"","meta":[],"product_brand":[],"product_cat":[616,627],"product_tag":[],"class_list":{"0":"post-14290","1":"product","2":"type-product","3":"status-publish","4":"has-post-thumbnail","6":"product_cat-meened","7":"product_cat-tooriistad","9":"first","10":"instock","11":"shipping-taxable","12":"purchasable","13":"product-type-simple"},"acf":{"muugi_argumendid":[],"sertifikaadid":[],"season":[],"loige":"","suuruste_tabel":false,"paksus":"","min_kogus":"5","kangas":"","kanga-info":"","mootmed":"K\u00f5rgus: 2.3 cm<br \/>\r\nLaius: 18.1 cm<br \/>\r\nKaal: 51 g","toote_pildid_varvide_kaupa":[{"pildid":[{"ID":14293,"id":14293,"title":"mo6695-40","filename":"mo6695-40-e1699026374123.jpeg","filesize":15529,"url":"https:\/\/kind.ee\/wp-content\/uploads\/2023\/11\/mo6695-40-e1699026374123.jpeg","link":"https:\/\/kind.ee\/et\/?attachment_id=14293","alt":"","author":"4","description":"","caption":"","name":"mo6695-40","status":"inherit","uploaded_to":14290,"date":"2023-11-03 15:45:08","modified":"2023-11-03 15:45:08","menu_order":0,"mime_type":"image\/jpeg","type":"image","subtype":"jpeg","icon":"https:\/\/kind.ee\/wp-includes\/images\/media\/default.png","width":618,"height":584,"sizes":{"thumbnail":"https:\/\/kind.ee\/wp-content\/uploads\/2023\/11\/mo6695-40-e1699026374123-150x150.jpeg","thumbnail-width":150,"thumbnail-height":150,"medium":"https:\/\/kind.ee\/wp-content\/uploads\/2023\/11\/mo6695-40-e1699026374123-300x283.jpeg","medium-width":300,"medium-height":283,"medium_large":"https:\/\/kind.ee\/wp-content\/uploads\/2023\/11\/mo6695-40-e1699026374123.jpeg","medium_large-width":618,"medium_large-height":584,"large":"https:\/\/kind.ee\/wp-content\/uploads\/2023\/11\/mo6695-40-e1699026374123.jpeg","large-width":618,"large-height":584,"1536x1536":"https:\/\/kind.ee\/wp-content\/uploads\/2023\/11\/mo6695-40-e1699026374123.jpeg","1536x1536-width":618,"1536x1536-height":584,"2048x2048":"https:\/\/kind.ee\/wp-content\/uploads\/2023\/11\/mo6695-40-e1699026374123.jpeg","2048x2048-width":618,"2048x2048-height":584,"galerii_large":"https:\/\/kind.ee\/wp-content\/uploads\/2023\/11\/mo6695-40-e1699026374123.jpeg","galerii_large-width":618,"galerii_large-height":584,"galerii_large_retina":"https:\/\/kind.ee\/wp-content\/uploads\/2023\/11\/mo6695-40-e1699026374123.jpeg","galerii_large_retina-width":618,"galerii_large_retina-height":584,"woocommerce_thumbnail":"https:\/\/kind.ee\/wp-content\/uploads\/2023\/11\/mo6695-40-e1699026374123-300x300.jpeg","woocommerce_thumbnail-width":300,"woocommerce_thumbnail-height":300,"woocommerce_single":"https:\/\/kind.ee\/wp-content\/uploads\/2023\/11\/mo6695-40-e1699026374123-600x567.jpeg","woocommerce_single-width":600,"woocommerce_single-height":567,"woocommerce_gallery_thumbnail":"https:\/\/kind.ee\/wp-content\/uploads\/2023\/11\/mo6695-40-e1699026374123-100x100.jpeg","woocommerce_gallery_thumbnail-width":100,"woocommerce_gallery_thumbnail-height":100}},{"ID":14291,"id":14291,"title":"mo6695-40-side","filename":"mo6695-40-side.jpeg","filesize":16028,"url":"https:\/\/kind.ee\/wp-content\/uploads\/2023\/11\/mo6695-40-side.jpeg","link":"https:\/\/kind.ee\/et\/?attachment_id=14291","alt":"","author":"4","description":"","caption":"","name":"mo6695-40-side","status":"inherit","uploaded_to":14290,"date":"2023-11-03 15:45:06","modified":"2023-11-03 15:45:12","menu_order":0,"mime_type":"image\/jpeg","type":"image","subtype":"jpeg","icon":"https:\/\/kind.ee\/wp-includes\/images\/media\/default.png","width":700,"height":700,"sizes":{"thumbnail":"https:\/\/kind.ee\/wp-content\/uploads\/2023\/11\/mo6695-40-side-150x150.jpeg","thumbnail-width":150,"thumbnail-height":150,"medium":"https:\/\/kind.ee\/wp-content\/uploads\/2023\/11\/mo6695-40-side-300x300.jpeg","medium-width":300,"medium-height":300,"medium_large":"https:\/\/kind.ee\/wp-content\/uploads\/2023\/11\/mo6695-40-side.jpeg","medium_large-width":700,"medium_large-height":700,"large":"https:\/\/kind.ee\/wp-content\/uploads\/2023\/11\/mo6695-40-side.jpeg","large-width":700,"large-height":700,"1536x1536":"https:\/\/kind.ee\/wp-content\/uploads\/2023\/11\/mo6695-40-side.jpeg","1536x1536-width":700,"1536x1536-height":700,"2048x2048":"https:\/\/kind.ee\/wp-content\/uploads\/2023\/11\/mo6695-40-side.jpeg","2048x2048-width":700,"2048x2048-height":700,"galerii_large":"https:\/\/kind.ee\/wp-content\/uploads\/2023\/11\/mo6695-40-side.jpeg","galerii_large-width":700,"galerii_large-height":700,"galerii_large_retina":"https:\/\/kind.ee\/wp-content\/uploads\/2023\/11\/mo6695-40-side.jpeg","galerii_large_retina-width":700,"galerii_large_retina-height":700,"woocommerce_thumbnail":"https:\/\/kind.ee\/wp-content\/uploads\/2023\/11\/mo6695-40-side-300x300.jpeg","woocommerce_thumbnail-width":300,"woocommerce_thumbnail-height":300,"woocommerce_single":"https:\/\/kind.ee\/wp-content\/uploads\/2023\/11\/mo6695-40-side-600x600.jpeg","woocommerce_single-width":600,"woocommerce_single-height":600,"woocommerce_gallery_thumbnail":"https:\/\/kind.ee\/wp-content\/uploads\/2023\/11\/mo6695-40-side-100x100.jpeg","woocommerce_gallery_thumbnail-width":100,"woocommerce_gallery_thumbnail-height":100}}],"varvikood":false,"varvid-native":false,"varvid-stedman":false,"varvikood-neutral":false,"varvid-sols":false,"midoceani_varvid":false,"purewaste":false,"beechfield-varvid":false,"bagbase":false,"mepal":false}],"tooteinfo":"Peenike taskulamp, mis n\u00e4eb stiilne v\u00e4lja. Komplekti ei kuulu kolme AAA vajaminevaid patareid.","materjal":"P\u00f6\u00f6gipuu","varvus":""},"_links":{"self":[{"href":"https:\/\/kind.ee\/et\/wp-json\/wp\/v2\/product\/14290","targetHints":{"allow":["GET"]}}],"collection":[{"href":"https:\/\/kind.ee\/et\/wp-json\/wp\/v2\/product"}],"about":[{"href":"https:\/\/kind.ee\/et\/wp-json\/wp\/v2\/types\/product"}],"wp:featuredmedia":[{"embeddable":true,"href":"https:\/\/kind.ee\/et\/wp-json\/wp\/v2\/media\/14293"}],"wp:attachment":[{"href":"https:\/\/kind.ee\/et\/wp-json\/wp\/v2\/media?parent=14290"}],"wp:term":[{"taxonomy":"product_brand","embeddable":true,"href":"https:\/\/kind.ee\/et\/wp-json\/wp\/v2\/product_brand?post=14290"},{"taxonomy":"product_cat","embeddable":true,"href":"https:\/\/kind.ee\/et\/wp-json\/wp\/v2\/product_cat?post=14290"},{"taxonomy":"product_tag","embeddable":true,"href":"https:\/\/kind.ee\/et\/wp-json\/wp\/v2\/product_tag?post=14290"}],"curies":[{"name":"wp","href":"https:\/\/api.w.org\/{rel}","templated":true}]}}