{"id":14285,"date":"2023-11-03T15:42:57","date_gmt":"2023-11-03T15:42:57","guid":{"rendered":"https:\/\/kind.ee\/?post_type=product&#038;p=14285"},"modified":"2025-06-10T10:03:31","modified_gmt":"2025-06-10T10:03:31","slug":"rattakujuline-taskutooriist","status":"publish","type":"product","link":"https:\/\/kind.ee\/et\/toode\/rattakujuline-taskutooriist\/","title":{"rendered":"rattakujuline taskut\u00f6\u00f6riist"},"content":{"rendered":"","protected":false},"excerpt":{"rendered":"","protected":false},"featured_media":14288,"template":"","meta":[],"product_brand":[],"product_cat":[616,627],"product_tag":[],"class_list":{"0":"post-14285","1":"product","2":"type-product","3":"status-publish","4":"has-post-thumbnail","6":"product_cat-meened","7":"product_cat-tooriistad","9":"first","10":"instock","11":"shipping-taxable","12":"purchasable","13":"product-type-simple"},"acf":{"muugi_argumendid":[],"sertifikaadid":[],"season":[],"loige":"","suuruste_tabel":false,"paksus":"","min_kogus":"5","kangas":"","kanga-info":"","mootmed":"K\u00f5rgus: 6 cm<br \/>\r\nLaius: 10 cm<br \/>\r\nKaal: 35 g","toote_pildid_varvide_kaupa":[{"pildid":[{"ID":14288,"id":14288,"title":"mo6701-16","filename":"mo6701-16-e1699026140439.jpeg","filesize":17797,"url":"https:\/\/kind.ee\/wp-content\/uploads\/2023\/11\/mo6701-16-e1699026140439.jpeg","link":"https:\/\/kind.ee\/et\/?attachment_id=14288","alt":"","author":"4","description":"","caption":"","name":"mo6701-16","status":"inherit","uploaded_to":14285,"date":"2023-11-03 15:40:46","modified":"2023-11-03 15:40:46","menu_order":0,"mime_type":"image\/jpeg","type":"image","subtype":"jpeg","icon":"https:\/\/kind.ee\/wp-includes\/images\/media\/default.png","width":619,"height":606,"sizes":{"thumbnail":"https:\/\/kind.ee\/wp-content\/uploads\/2023\/11\/mo6701-16-e1699026140439-150x150.jpeg","thumbnail-width":150,"thumbnail-height":150,"medium":"https:\/\/kind.ee\/wp-content\/uploads\/2023\/11\/mo6701-16-e1699026140439-300x294.jpeg","medium-width":300,"medium-height":294,"medium_large":"https:\/\/kind.ee\/wp-content\/uploads\/2023\/11\/mo6701-16-e1699026140439.jpeg","medium_large-width":619,"medium_large-height":606,"large":"https:\/\/kind.ee\/wp-content\/uploads\/2023\/11\/mo6701-16-e1699026140439.jpeg","large-width":619,"large-height":606,"1536x1536":"https:\/\/kind.ee\/wp-content\/uploads\/2023\/11\/mo6701-16-e1699026140439.jpeg","1536x1536-width":619,"1536x1536-height":606,"2048x2048":"https:\/\/kind.ee\/wp-content\/uploads\/2023\/11\/mo6701-16-e1699026140439.jpeg","2048x2048-width":619,"2048x2048-height":606,"galerii_large":"https:\/\/kind.ee\/wp-content\/uploads\/2023\/11\/mo6701-16-e1699026140439.jpeg","galerii_large-width":619,"galerii_large-height":606,"galerii_large_retina":"https:\/\/kind.ee\/wp-content\/uploads\/2023\/11\/mo6701-16-e1699026140439.jpeg","galerii_large_retina-width":619,"galerii_large_retina-height":606,"woocommerce_thumbnail":"https:\/\/kind.ee\/wp-content\/uploads\/2023\/11\/mo6701-16-e1699026140439-300x300.jpeg","woocommerce_thumbnail-width":300,"woocommerce_thumbnail-height":300,"woocommerce_single":"https:\/\/kind.ee\/wp-content\/uploads\/2023\/11\/mo6701-16-e1699026140439-600x587.jpeg","woocommerce_single-width":600,"woocommerce_single-height":587,"woocommerce_gallery_thumbnail":"https:\/\/kind.ee\/wp-content\/uploads\/2023\/11\/mo6701-16-e1699026140439-100x100.jpeg","woocommerce_gallery_thumbnail-width":100,"woocommerce_gallery_thumbnail-height":100}},{"ID":14286,"id":14286,"title":"mo6701-16-print","filename":"mo6701-16-print.jpeg","filesize":18678,"url":"https:\/\/kind.ee\/wp-content\/uploads\/2023\/11\/mo6701-16-print.jpeg","link":"https:\/\/kind.ee\/et\/?attachment_id=14286","alt":"","author":"4","description":"","caption":"","name":"mo6701-16-print","status":"inherit","uploaded_to":14285,"date":"2023-11-03 15:40:44","modified":"2023-11-03 15:41:38","menu_order":0,"mime_type":"image\/jpeg","type":"image","subtype":"jpeg","icon":"https:\/\/kind.ee\/wp-includes\/images\/media\/default.png","width":700,"height":700,"sizes":{"thumbnail":"https:\/\/kind.ee\/wp-content\/uploads\/2023\/11\/mo6701-16-print-150x150.jpeg","thumbnail-width":150,"thumbnail-height":150,"medium":"https:\/\/kind.ee\/wp-content\/uploads\/2023\/11\/mo6701-16-print-300x300.jpeg","medium-width":300,"medium-height":300,"medium_large":"https:\/\/kind.ee\/wp-content\/uploads\/2023\/11\/mo6701-16-print.jpeg","medium_large-width":700,"medium_large-height":700,"large":"https:\/\/kind.ee\/wp-content\/uploads\/2023\/11\/mo6701-16-print.jpeg","large-width":700,"large-height":700,"1536x1536":"https:\/\/kind.ee\/wp-content\/uploads\/2023\/11\/mo6701-16-print.jpeg","1536x1536-width":700,"1536x1536-height":700,"2048x2048":"https:\/\/kind.ee\/wp-content\/uploads\/2023\/11\/mo6701-16-print.jpeg","2048x2048-width":700,"2048x2048-height":700,"galerii_large":"https:\/\/kind.ee\/wp-content\/uploads\/2023\/11\/mo6701-16-print.jpeg","galerii_large-width":700,"galerii_large-height":700,"galerii_large_retina":"https:\/\/kind.ee\/wp-content\/uploads\/2023\/11\/mo6701-16-print.jpeg","galerii_large_retina-width":700,"galerii_large_retina-height":700,"woocommerce_thumbnail":"https:\/\/kind.ee\/wp-content\/uploads\/2023\/11\/mo6701-16-print-300x300.jpeg","woocommerce_thumbnail-width":300,"woocommerce_thumbnail-height":300,"woocommerce_single":"https:\/\/kind.ee\/wp-content\/uploads\/2023\/11\/mo6701-16-print-600x600.jpeg","woocommerce_single-width":600,"woocommerce_single-height":600,"woocommerce_gallery_thumbnail":"https:\/\/kind.ee\/wp-content\/uploads\/2023\/11\/mo6701-16-print-100x100.jpeg","woocommerce_gallery_thumbnail-width":100,"woocommerce_gallery_thumbnail-height":100}}],"varvikood":false,"varvid-native":false,"varvid-stedman":false,"varvikood-neutral":false,"varvid-sols":false,"midoceani_varvid":false,"purewaste":false,"beechfield-varvid":false,"bagbase":false,"mepal":false}],"tooteinfo":"Rattakujuline roostevabast terasest taskut\u00f6\u00f6riist, millel on 11 erinevat funktsiooni. Selle kompaktsuse t\u00f5ttu on seda mugav endaga kaasas kanda.","materjal":"Roostevaba teras","varvus":""},"_links":{"self":[{"href":"https:\/\/kind.ee\/et\/wp-json\/wp\/v2\/product\/14285","targetHints":{"allow":["GET"]}}],"collection":[{"href":"https:\/\/kind.ee\/et\/wp-json\/wp\/v2\/product"}],"about":[{"href":"https:\/\/kind.ee\/et\/wp-json\/wp\/v2\/types\/product"}],"wp:featuredmedia":[{"embeddable":true,"href":"https:\/\/kind.ee\/et\/wp-json\/wp\/v2\/media\/14288"}],"wp:attachment":[{"href":"https:\/\/kind.ee\/et\/wp-json\/wp\/v2\/media?parent=14285"}],"wp:term":[{"taxonomy":"product_brand","embeddable":true,"href":"https:\/\/kind.ee\/et\/wp-json\/wp\/v2\/product_brand?post=14285"},{"taxonomy":"product_cat","embeddable":true,"href":"https:\/\/kind.ee\/et\/wp-json\/wp\/v2\/product_cat?post=14285"},{"taxonomy":"product_tag","embeddable":true,"href":"https:\/\/kind.ee\/et\/wp-json\/wp\/v2\/product_tag?post=14285"}],"curies":[{"name":"wp","href":"https:\/\/api.w.org\/{rel}","templated":true}]}}