{"id":14097,"date":"2023-11-02T20:53:48","date_gmt":"2023-11-02T20:53:48","guid":{"rendered":"https:\/\/kind.ee\/?post_type=product&#038;p=14097"},"modified":"2025-06-10T10:03:33","modified_gmt":"2025-06-10T10:03:33","slug":"rannatennise-komplekt-palas","status":"publish","type":"product","link":"https:\/\/kind.ee\/et\/toode\/rannatennise-komplekt-palas\/","title":{"rendered":"rannatennise komplekt Palas"},"content":{"rendered":"","protected":false},"excerpt":{"rendered":"","protected":false},"featured_media":14102,"template":"","meta":[],"product_brand":[],"product_cat":[626,616],"product_tag":[],"class_list":{"0":"post-14097","1":"product","2":"type-product","3":"status-publish","4":"has-post-thumbnail","6":"product_cat-mangud","7":"product_cat-meened","9":"first","10":"instock","11":"shipping-taxable","12":"purchasable","13":"product-type-simple"},"acf":{"muugi_argumendid":[],"sertifikaadid":[],"season":[],"loige":"","suuruste_tabel":false,"paksus":"","min_kogus":"5","kangas":"","kanga-info":"","mootmed":"K\u00f5rgus: 50.5 cm<br \/>\r\nLaius: 23.5 cm<br \/>\r\nKaal: 928 g","toote_pildid_varvide_kaupa":[{"pildid":[{"ID":14098,"id":14098,"title":"mo6846-40-ambiant","filename":"mo6846-40-ambiant.jpeg","filesize":144269,"url":"https:\/\/kind.ee\/wp-content\/uploads\/2023\/11\/mo6846-40-ambiant.jpeg","link":"https:\/\/kind.ee\/et\/?attachment_id=14098","alt":"","author":"4","description":"","caption":"","name":"mo6846-40-ambiant","status":"inherit","uploaded_to":14097,"date":"2023-11-02 20:52:16","modified":"2023-11-02 20:52:16","menu_order":0,"mime_type":"image\/jpeg","type":"image","subtype":"jpeg","icon":"https:\/\/kind.ee\/wp-includes\/images\/media\/default.png","width":694,"height":531,"sizes":{"thumbnail":"https:\/\/kind.ee\/wp-content\/uploads\/2023\/11\/mo6846-40-ambiant-150x150.jpeg","thumbnail-width":150,"thumbnail-height":150,"medium":"https:\/\/kind.ee\/wp-content\/uploads\/2023\/11\/mo6846-40-ambiant-300x230.jpeg","medium-width":300,"medium-height":230,"medium_large":"https:\/\/kind.ee\/wp-content\/uploads\/2023\/11\/mo6846-40-ambiant.jpeg","medium_large-width":694,"medium_large-height":531,"large":"https:\/\/kind.ee\/wp-content\/uploads\/2023\/11\/mo6846-40-ambiant.jpeg","large-width":694,"large-height":531,"1536x1536":"https:\/\/kind.ee\/wp-content\/uploads\/2023\/11\/mo6846-40-ambiant.jpeg","1536x1536-width":694,"1536x1536-height":531,"2048x2048":"https:\/\/kind.ee\/wp-content\/uploads\/2023\/11\/mo6846-40-ambiant.jpeg","2048x2048-width":694,"2048x2048-height":531,"galerii_large":"https:\/\/kind.ee\/wp-content\/uploads\/2023\/11\/mo6846-40-ambiant.jpeg","galerii_large-width":694,"galerii_large-height":531,"galerii_large_retina":"https:\/\/kind.ee\/wp-content\/uploads\/2023\/11\/mo6846-40-ambiant.jpeg","galerii_large_retina-width":694,"galerii_large_retina-height":531,"woocommerce_thumbnail":"https:\/\/kind.ee\/wp-content\/uploads\/2023\/11\/mo6846-40-ambiant-300x300.jpeg","woocommerce_thumbnail-width":300,"woocommerce_thumbnail-height":300,"woocommerce_single":"https:\/\/kind.ee\/wp-content\/uploads\/2023\/11\/mo6846-40-ambiant-600x459.jpeg","woocommerce_single-width":600,"woocommerce_single-height":459,"woocommerce_gallery_thumbnail":"https:\/\/kind.ee\/wp-content\/uploads\/2023\/11\/mo6846-40-ambiant-100x100.jpeg","woocommerce_gallery_thumbnail-width":100,"woocommerce_gallery_thumbnail-height":100}},{"ID":14102,"id":14102,"title":"mo6846-40-side","filename":"mo6846-40-side.jpeg","filesize":35803,"url":"https:\/\/kind.ee\/wp-content\/uploads\/2023\/11\/mo6846-40-side.jpeg","link":"https:\/\/kind.ee\/et\/?attachment_id=14102","alt":"","author":"4","description":"","caption":"","name":"mo6846-40-side","status":"inherit","uploaded_to":14097,"date":"2023-11-02 20:52:23","modified":"2023-11-02 20:52:23","menu_order":0,"mime_type":"image\/jpeg","type":"image","subtype":"jpeg","icon":"https:\/\/kind.ee\/wp-includes\/images\/media\/default.png","width":700,"height":700,"sizes":{"thumbnail":"https:\/\/kind.ee\/wp-content\/uploads\/2023\/11\/mo6846-40-side-150x150.jpeg","thumbnail-width":150,"thumbnail-height":150,"medium":"https:\/\/kind.ee\/wp-content\/uploads\/2023\/11\/mo6846-40-side-300x300.jpeg","medium-width":300,"medium-height":300,"medium_large":"https:\/\/kind.ee\/wp-content\/uploads\/2023\/11\/mo6846-40-side.jpeg","medium_large-width":700,"medium_large-height":700,"large":"https:\/\/kind.ee\/wp-content\/uploads\/2023\/11\/mo6846-40-side.jpeg","large-width":700,"large-height":700,"1536x1536":"https:\/\/kind.ee\/wp-content\/uploads\/2023\/11\/mo6846-40-side.jpeg","1536x1536-width":700,"1536x1536-height":700,"2048x2048":"https:\/\/kind.ee\/wp-content\/uploads\/2023\/11\/mo6846-40-side.jpeg","2048x2048-width":700,"2048x2048-height":700,"galerii_large":"https:\/\/kind.ee\/wp-content\/uploads\/2023\/11\/mo6846-40-side.jpeg","galerii_large-width":700,"galerii_large-height":700,"galerii_large_retina":"https:\/\/kind.ee\/wp-content\/uploads\/2023\/11\/mo6846-40-side.jpeg","galerii_large_retina-width":700,"galerii_large_retina-height":700,"woocommerce_thumbnail":"https:\/\/kind.ee\/wp-content\/uploads\/2023\/11\/mo6846-40-side-300x300.jpeg","woocommerce_thumbnail-width":300,"woocommerce_thumbnail-height":300,"woocommerce_single":"https:\/\/kind.ee\/wp-content\/uploads\/2023\/11\/mo6846-40-side-600x600.jpeg","woocommerce_single-width":600,"woocommerce_single-height":600,"woocommerce_gallery_thumbnail":"https:\/\/kind.ee\/wp-content\/uploads\/2023\/11\/mo6846-40-side-100x100.jpeg","woocommerce_gallery_thumbnail-width":100,"woocommerce_gallery_thumbnail-height":100}},{"ID":14104,"id":14104,"title":"mo6846-40","filename":"mo6846-40.jpeg","filesize":37024,"url":"https:\/\/kind.ee\/wp-content\/uploads\/2023\/11\/mo6846-40.jpeg","link":"https:\/\/kind.ee\/et\/?attachment_id=14104","alt":"","author":"4","description":"","caption":"","name":"mo6846-40","status":"inherit","uploaded_to":14097,"date":"2023-11-02 20:52:26","modified":"2023-11-02 20:52:26","menu_order":0,"mime_type":"image\/jpeg","type":"image","subtype":"jpeg","icon":"https:\/\/kind.ee\/wp-includes\/images\/media\/default.png","width":700,"height":700,"sizes":{"thumbnail":"https:\/\/kind.ee\/wp-content\/uploads\/2023\/11\/mo6846-40-150x150.jpeg","thumbnail-width":150,"thumbnail-height":150,"medium":"https:\/\/kind.ee\/wp-content\/uploads\/2023\/11\/mo6846-40-300x300.jpeg","medium-width":300,"medium-height":300,"medium_large":"https:\/\/kind.ee\/wp-content\/uploads\/2023\/11\/mo6846-40.jpeg","medium_large-width":700,"medium_large-height":700,"large":"https:\/\/kind.ee\/wp-content\/uploads\/2023\/11\/mo6846-40.jpeg","large-width":700,"large-height":700,"1536x1536":"https:\/\/kind.ee\/wp-content\/uploads\/2023\/11\/mo6846-40.jpeg","1536x1536-width":700,"1536x1536-height":700,"2048x2048":"https:\/\/kind.ee\/wp-content\/uploads\/2023\/11\/mo6846-40.jpeg","2048x2048-width":700,"2048x2048-height":700,"galerii_large":"https:\/\/kind.ee\/wp-content\/uploads\/2023\/11\/mo6846-40.jpeg","galerii_large-width":700,"galerii_large-height":700,"galerii_large_retina":"https:\/\/kind.ee\/wp-content\/uploads\/2023\/11\/mo6846-40.jpeg","galerii_large_retina-width":700,"galerii_large_retina-height":700,"woocommerce_thumbnail":"https:\/\/kind.ee\/wp-content\/uploads\/2023\/11\/mo6846-40-300x300.jpeg","woocommerce_thumbnail-width":300,"woocommerce_thumbnail-height":300,"woocommerce_single":"https:\/\/kind.ee\/wp-content\/uploads\/2023\/11\/mo6846-40-600x600.jpeg","woocommerce_single-width":600,"woocommerce_single-height":600,"woocommerce_gallery_thumbnail":"https:\/\/kind.ee\/wp-content\/uploads\/2023\/11\/mo6846-40-100x100.jpeg","woocommerce_gallery_thumbnail-width":100,"woocommerce_gallery_thumbnail-height":100}},{"ID":14100,"id":14100,"title":"mo6846-40-back","filename":"mo6846-40-back.jpeg","filesize":85087,"url":"https:\/\/kind.ee\/wp-content\/uploads\/2023\/11\/mo6846-40-back.jpeg","link":"https:\/\/kind.ee\/et\/?attachment_id=14100","alt":"","author":"4","description":"","caption":"","name":"mo6846-40-back","status":"inherit","uploaded_to":14097,"date":"2023-11-02 20:52:20","modified":"2023-11-02 20:53:22","menu_order":0,"mime_type":"image\/jpeg","type":"image","subtype":"jpeg","icon":"https:\/\/kind.ee\/wp-includes\/images\/media\/default.png","width":700,"height":700,"sizes":{"thumbnail":"https:\/\/kind.ee\/wp-content\/uploads\/2023\/11\/mo6846-40-back-150x150.jpeg","thumbnail-width":150,"thumbnail-height":150,"medium":"https:\/\/kind.ee\/wp-content\/uploads\/2023\/11\/mo6846-40-back-300x300.jpeg","medium-width":300,"medium-height":300,"medium_large":"https:\/\/kind.ee\/wp-content\/uploads\/2023\/11\/mo6846-40-back.jpeg","medium_large-width":700,"medium_large-height":700,"large":"https:\/\/kind.ee\/wp-content\/uploads\/2023\/11\/mo6846-40-back.jpeg","large-width":700,"large-height":700,"1536x1536":"https:\/\/kind.ee\/wp-content\/uploads\/2023\/11\/mo6846-40-back.jpeg","1536x1536-width":700,"1536x1536-height":700,"2048x2048":"https:\/\/kind.ee\/wp-content\/uploads\/2023\/11\/mo6846-40-back.jpeg","2048x2048-width":700,"2048x2048-height":700,"galerii_large":"https:\/\/kind.ee\/wp-content\/uploads\/2023\/11\/mo6846-40-back.jpeg","galerii_large-width":700,"galerii_large-height":700,"galerii_large_retina":"https:\/\/kind.ee\/wp-content\/uploads\/2023\/11\/mo6846-40-back.jpeg","galerii_large_retina-width":700,"galerii_large_retina-height":700,"woocommerce_thumbnail":"https:\/\/kind.ee\/wp-content\/uploads\/2023\/11\/mo6846-40-back-300x300.jpeg","woocommerce_thumbnail-width":300,"woocommerce_thumbnail-height":300,"woocommerce_single":"https:\/\/kind.ee\/wp-content\/uploads\/2023\/11\/mo6846-40-back-600x600.jpeg","woocommerce_single-width":600,"woocommerce_single-height":600,"woocommerce_gallery_thumbnail":"https:\/\/kind.ee\/wp-content\/uploads\/2023\/11\/mo6846-40-back-100x100.jpeg","woocommerce_gallery_thumbnail-width":100,"woocommerce_gallery_thumbnail-height":100}}],"varvikood":false,"varvid-native":false,"varvid-stedman":false,"varvikood-neutral":false,"varvid-sols":false,"midoceani_varvid":false,"purewaste":false,"beechfield-varvid":false,"bagbase":false,"mepal":false}],"tooteinfo":"Rannatennise komplekt, mis tuleb koos kahe teibitud k\u00e4epidemega reketi ja \u00fche pehme palliga. Komplekti saab mugavalt v\u00f5rgust puuvillases kotis kaasa v\u00f5tta.","materjal":"Puit","varvus":""},"_links":{"self":[{"href":"https:\/\/kind.ee\/et\/wp-json\/wp\/v2\/product\/14097","targetHints":{"allow":["GET"]}}],"collection":[{"href":"https:\/\/kind.ee\/et\/wp-json\/wp\/v2\/product"}],"about":[{"href":"https:\/\/kind.ee\/et\/wp-json\/wp\/v2\/types\/product"}],"wp:featuredmedia":[{"embeddable":true,"href":"https:\/\/kind.ee\/et\/wp-json\/wp\/v2\/media\/14102"}],"wp:attachment":[{"href":"https:\/\/kind.ee\/et\/wp-json\/wp\/v2\/media?parent=14097"}],"wp:term":[{"taxonomy":"product_brand","embeddable":true,"href":"https:\/\/kind.ee\/et\/wp-json\/wp\/v2\/product_brand?post=14097"},{"taxonomy":"product_cat","embeddable":true,"href":"https:\/\/kind.ee\/et\/wp-json\/wp\/v2\/product_cat?post=14097"},{"taxonomy":"product_tag","embeddable":true,"href":"https:\/\/kind.ee\/et\/wp-json\/wp\/v2\/product_tag?post=14097"}],"curies":[{"name":"wp","href":"https:\/\/api.w.org\/{rel}","templated":true}]}}