{"id":14042,"date":"2023-11-02T20:18:58","date_gmt":"2023-11-02T20:18:58","guid":{"rendered":"https:\/\/kind.ee\/?post_type=product&#038;p=14042"},"modified":"2025-06-10T10:03:34","modified_gmt":"2025-06-10T10:03:34","slug":"juhtmevaba-stereokolar-speakbox","status":"publish","type":"product","link":"https:\/\/kind.ee\/et\/toode\/juhtmevaba-stereokolar-speakbox\/","title":{"rendered":"juhtmevaba stereok\u00f5lar Speakbox"},"content":{"rendered":"","protected":false},"excerpt":{"rendered":"","protected":false},"featured_media":14045,"template":"","meta":[],"product_brand":[],"product_cat":[616,625],"product_tag":[],"class_list":{"0":"post-14042","1":"product","2":"type-product","3":"status-publish","4":"has-post-thumbnail","6":"product_cat-meened","7":"product_cat-tehnika","9":"first","10":"instock","11":"shipping-taxable","12":"purchasable","13":"product-type-simple"},"acf":{"muugi_argumendid":[],"sertifikaadid":[],"season":[],"loige":"","suuruste_tabel":false,"paksus":"","min_kogus":"5","kangas":"","kanga-info":"","mootmed":"K\u00f5rgus: 5 cm<br \/>\r\nPikkus: 14 cm<br \/>\r\nLaius: 4.6 cm<br \/>\r\nKaal: 235 g","toote_pildid_varvide_kaupa":[{"pildid":[{"ID":14043,"id":14043,"title":"mo6219-40-ambiant","filename":"mo6219-40-ambiant.jpeg","filesize":52396,"url":"https:\/\/kind.ee\/wp-content\/uploads\/2023\/11\/mo6219-40-ambiant.jpeg","link":"https:\/\/kind.ee\/et\/?attachment_id=14043","alt":"","author":"4","description":"","caption":"","name":"mo6219-40-ambiant","status":"inherit","uploaded_to":14042,"date":"2023-11-02 20:17:41","modified":"2023-11-02 20:17:41","menu_order":0,"mime_type":"image\/jpeg","type":"image","subtype":"jpeg","icon":"https:\/\/kind.ee\/wp-includes\/images\/media\/default.png","width":692,"height":463,"sizes":{"thumbnail":"https:\/\/kind.ee\/wp-content\/uploads\/2023\/11\/mo6219-40-ambiant-150x150.jpeg","thumbnail-width":150,"thumbnail-height":150,"medium":"https:\/\/kind.ee\/wp-content\/uploads\/2023\/11\/mo6219-40-ambiant-300x201.jpeg","medium-width":300,"medium-height":201,"medium_large":"https:\/\/kind.ee\/wp-content\/uploads\/2023\/11\/mo6219-40-ambiant.jpeg","medium_large-width":692,"medium_large-height":463,"large":"https:\/\/kind.ee\/wp-content\/uploads\/2023\/11\/mo6219-40-ambiant.jpeg","large-width":692,"large-height":463,"1536x1536":"https:\/\/kind.ee\/wp-content\/uploads\/2023\/11\/mo6219-40-ambiant.jpeg","1536x1536-width":692,"1536x1536-height":463,"2048x2048":"https:\/\/kind.ee\/wp-content\/uploads\/2023\/11\/mo6219-40-ambiant.jpeg","2048x2048-width":692,"2048x2048-height":463,"galerii_large":"https:\/\/kind.ee\/wp-content\/uploads\/2023\/11\/mo6219-40-ambiant.jpeg","galerii_large-width":692,"galerii_large-height":463,"galerii_large_retina":"https:\/\/kind.ee\/wp-content\/uploads\/2023\/11\/mo6219-40-ambiant.jpeg","galerii_large_retina-width":692,"galerii_large_retina-height":463,"woocommerce_thumbnail":"https:\/\/kind.ee\/wp-content\/uploads\/2023\/11\/mo6219-40-ambiant-300x300.jpeg","woocommerce_thumbnail-width":300,"woocommerce_thumbnail-height":300,"woocommerce_single":"https:\/\/kind.ee\/wp-content\/uploads\/2023\/11\/mo6219-40-ambiant-600x401.jpeg","woocommerce_single-width":600,"woocommerce_single-height":401,"woocommerce_gallery_thumbnail":"https:\/\/kind.ee\/wp-content\/uploads\/2023\/11\/mo6219-40-ambiant-100x100.jpeg","woocommerce_gallery_thumbnail-width":100,"woocommerce_gallery_thumbnail-height":100}},{"ID":14045,"id":14045,"title":"mo6219-40","filename":"mo6219-40.jpeg","filesize":27225,"url":"https:\/\/kind.ee\/wp-content\/uploads\/2023\/11\/mo6219-40.jpeg","link":"https:\/\/kind.ee\/et\/?attachment_id=14045","alt":"","author":"4","description":"","caption":"","name":"mo6219-40","status":"inherit","uploaded_to":14042,"date":"2023-11-02 20:17:44","modified":"2023-11-02 20:17:44","menu_order":0,"mime_type":"image\/jpeg","type":"image","subtype":"jpeg","icon":"https:\/\/kind.ee\/wp-includes\/images\/media\/default.png","width":700,"height":700,"sizes":{"thumbnail":"https:\/\/kind.ee\/wp-content\/uploads\/2023\/11\/mo6219-40-150x150.jpeg","thumbnail-width":150,"thumbnail-height":150,"medium":"https:\/\/kind.ee\/wp-content\/uploads\/2023\/11\/mo6219-40-300x300.jpeg","medium-width":300,"medium-height":300,"medium_large":"https:\/\/kind.ee\/wp-content\/uploads\/2023\/11\/mo6219-40.jpeg","medium_large-width":700,"medium_large-height":700,"large":"https:\/\/kind.ee\/wp-content\/uploads\/2023\/11\/mo6219-40.jpeg","large-width":700,"large-height":700,"1536x1536":"https:\/\/kind.ee\/wp-content\/uploads\/2023\/11\/mo6219-40.jpeg","1536x1536-width":700,"1536x1536-height":700,"2048x2048":"https:\/\/kind.ee\/wp-content\/uploads\/2023\/11\/mo6219-40.jpeg","2048x2048-width":700,"2048x2048-height":700,"galerii_large":"https:\/\/kind.ee\/wp-content\/uploads\/2023\/11\/mo6219-40.jpeg","galerii_large-width":700,"galerii_large-height":700,"galerii_large_retina":"https:\/\/kind.ee\/wp-content\/uploads\/2023\/11\/mo6219-40.jpeg","galerii_large_retina-width":700,"galerii_large_retina-height":700,"woocommerce_thumbnail":"https:\/\/kind.ee\/wp-content\/uploads\/2023\/11\/mo6219-40-300x300.jpeg","woocommerce_thumbnail-width":300,"woocommerce_thumbnail-height":300,"woocommerce_single":"https:\/\/kind.ee\/wp-content\/uploads\/2023\/11\/mo6219-40-600x600.jpeg","woocommerce_single-width":600,"woocommerce_single-height":600,"woocommerce_gallery_thumbnail":"https:\/\/kind.ee\/wp-content\/uploads\/2023\/11\/mo6219-40-100x100.jpeg","woocommerce_gallery_thumbnail-width":100,"woocommerce_gallery_thumbnail-height":100}},{"ID":14047,"id":14047,"title":"mo6219-40c","filename":"mo6219-40c.jpeg","filesize":30399,"url":"https:\/\/kind.ee\/wp-content\/uploads\/2023\/11\/mo6219-40c.jpeg","link":"https:\/\/kind.ee\/et\/?attachment_id=14047","alt":"","author":"4","description":"","caption":"","name":"mo6219-40c","status":"inherit","uploaded_to":14042,"date":"2023-11-02 20:17:47","modified":"2023-11-02 20:18:40","menu_order":0,"mime_type":"image\/jpeg","type":"image","subtype":"jpeg","icon":"https:\/\/kind.ee\/wp-includes\/images\/media\/default.png","width":700,"height":700,"sizes":{"thumbnail":"https:\/\/kind.ee\/wp-content\/uploads\/2023\/11\/mo6219-40c-150x150.jpeg","thumbnail-width":150,"thumbnail-height":150,"medium":"https:\/\/kind.ee\/wp-content\/uploads\/2023\/11\/mo6219-40c-300x300.jpeg","medium-width":300,"medium-height":300,"medium_large":"https:\/\/kind.ee\/wp-content\/uploads\/2023\/11\/mo6219-40c.jpeg","medium_large-width":700,"medium_large-height":700,"large":"https:\/\/kind.ee\/wp-content\/uploads\/2023\/11\/mo6219-40c.jpeg","large-width":700,"large-height":700,"1536x1536":"https:\/\/kind.ee\/wp-content\/uploads\/2023\/11\/mo6219-40c.jpeg","1536x1536-width":700,"1536x1536-height":700,"2048x2048":"https:\/\/kind.ee\/wp-content\/uploads\/2023\/11\/mo6219-40c.jpeg","2048x2048-width":700,"2048x2048-height":700,"galerii_large":"https:\/\/kind.ee\/wp-content\/uploads\/2023\/11\/mo6219-40c.jpeg","galerii_large-width":700,"galerii_large-height":700,"galerii_large_retina":"https:\/\/kind.ee\/wp-content\/uploads\/2023\/11\/mo6219-40c.jpeg","galerii_large_retina-width":700,"galerii_large_retina-height":700,"woocommerce_thumbnail":"https:\/\/kind.ee\/wp-content\/uploads\/2023\/11\/mo6219-40c-300x300.jpeg","woocommerce_thumbnail-width":300,"woocommerce_thumbnail-height":300,"woocommerce_single":"https:\/\/kind.ee\/wp-content\/uploads\/2023\/11\/mo6219-40c-600x600.jpeg","woocommerce_single-width":600,"woocommerce_single-height":600,"woocommerce_gallery_thumbnail":"https:\/\/kind.ee\/wp-content\/uploads\/2023\/11\/mo6219-40c-100x100.jpeg","woocommerce_gallery_thumbnail-width":100,"woocommerce_gallery_thumbnail-height":100}}],"varvikood":false,"varvid-native":false,"varvid-stedman":false,"varvikood-neutral":false,"varvid-sols":false,"midoceani_varvid":false,"purewaste":false,"beechfield-varvid":false,"bagbase":false,"mepal":false}],"tooteinfo":"Juhtmevaba bambusest korpusega stereok\u00f5lar, mis sobib nii koju kui ka kontorisse. K\u00f5lar saab 3 tunniga uuesti t\u00e4is laetud ja saab uuesti nautida oma lemmikmuusikat. M\u00e4nguaeg: umbes 4 tundi.","materjal":"Bambus","varvus":""},"_links":{"self":[{"href":"https:\/\/kind.ee\/et\/wp-json\/wp\/v2\/product\/14042","targetHints":{"allow":["GET"]}}],"collection":[{"href":"https:\/\/kind.ee\/et\/wp-json\/wp\/v2\/product"}],"about":[{"href":"https:\/\/kind.ee\/et\/wp-json\/wp\/v2\/types\/product"}],"wp:featuredmedia":[{"embeddable":true,"href":"https:\/\/kind.ee\/et\/wp-json\/wp\/v2\/media\/14045"}],"wp:attachment":[{"href":"https:\/\/kind.ee\/et\/wp-json\/wp\/v2\/media?parent=14042"}],"wp:term":[{"taxonomy":"product_brand","embeddable":true,"href":"https:\/\/kind.ee\/et\/wp-json\/wp\/v2\/product_brand?post=14042"},{"taxonomy":"product_cat","embeddable":true,"href":"https:\/\/kind.ee\/et\/wp-json\/wp\/v2\/product_cat?post=14042"},{"taxonomy":"product_tag","embeddable":true,"href":"https:\/\/kind.ee\/et\/wp-json\/wp\/v2\/product_tag?post=14042"}],"curies":[{"name":"wp","href":"https:\/\/api.w.org\/{rel}","templated":true}]}}