{"id":13861,"date":"2023-11-02T14:27:47","date_gmt":"2023-11-02T14:27:47","guid":{"rendered":"https:\/\/kind.ee\/?post_type=product&#038;p=13861"},"modified":"2025-06-10T10:03:36","modified_gmt":"2025-06-10T10:03:36","slug":"puidust-juhtmevaba-kolar-rey","status":"publish","type":"product","link":"https:\/\/kind.ee\/et\/toode\/puidust-juhtmevaba-kolar-rey\/","title":{"rendered":"puidust juhtmevaba k\u00f5lar Rey"},"content":{"rendered":"","protected":false},"excerpt":{"rendered":"","protected":false},"featured_media":13866,"template":"","meta":[],"product_brand":[],"product_cat":[616,625],"product_tag":[],"class_list":{"0":"post-13861","1":"product","2":"type-product","3":"status-publish","4":"has-post-thumbnail","6":"product_cat-meened","7":"product_cat-tehnika","9":"first","10":"instock","11":"shipping-taxable","12":"purchasable","13":"product-type-simple"},"acf":{"muugi_argumendid":[],"sertifikaadid":[],"season":[],"loige":"","suuruste_tabel":false,"paksus":"","min_kogus":"5","kangas":"","kanga-info":"","mootmed":"K\u00f5rgus: 8.8 cm<br \/>\r\nPikkus: 7.7 cm<br \/>\r\nLaius: 4.2 cm<br \/>\r\nKaal: 153 g","toote_pildid_varvide_kaupa":[{"pildid":[{"ID":13862,"id":13862,"title":"mo6813-40-ambiant","filename":"mo6813-40-ambiant.jpeg","filesize":87108,"url":"https:\/\/kind.ee\/wp-content\/uploads\/2023\/11\/mo6813-40-ambiant.jpeg","link":"https:\/\/kind.ee\/et\/?attachment_id=13862","alt":"","author":"4","description":"","caption":"","name":"mo6813-40-ambiant","status":"inherit","uploaded_to":13861,"date":"2023-11-02 14:26:08","modified":"2023-11-02 14:26:08","menu_order":0,"mime_type":"image\/jpeg","type":"image","subtype":"jpeg","icon":"https:\/\/kind.ee\/wp-includes\/images\/media\/default.png","width":600,"height":695,"sizes":{"thumbnail":"https:\/\/kind.ee\/wp-content\/uploads\/2023\/11\/mo6813-40-ambiant-150x150.jpeg","thumbnail-width":150,"thumbnail-height":150,"medium":"https:\/\/kind.ee\/wp-content\/uploads\/2023\/11\/mo6813-40-ambiant-259x300.jpeg","medium-width":259,"medium-height":300,"medium_large":"https:\/\/kind.ee\/wp-content\/uploads\/2023\/11\/mo6813-40-ambiant.jpeg","medium_large-width":600,"medium_large-height":695,"large":"https:\/\/kind.ee\/wp-content\/uploads\/2023\/11\/mo6813-40-ambiant.jpeg","large-width":600,"large-height":695,"1536x1536":"https:\/\/kind.ee\/wp-content\/uploads\/2023\/11\/mo6813-40-ambiant.jpeg","1536x1536-width":600,"1536x1536-height":695,"2048x2048":"https:\/\/kind.ee\/wp-content\/uploads\/2023\/11\/mo6813-40-ambiant.jpeg","2048x2048-width":600,"2048x2048-height":695,"galerii_large":"https:\/\/kind.ee\/wp-content\/uploads\/2023\/11\/mo6813-40-ambiant.jpeg","galerii_large-width":600,"galerii_large-height":695,"galerii_large_retina":"https:\/\/kind.ee\/wp-content\/uploads\/2023\/11\/mo6813-40-ambiant.jpeg","galerii_large_retina-width":600,"galerii_large_retina-height":695,"woocommerce_thumbnail":"https:\/\/kind.ee\/wp-content\/uploads\/2023\/11\/mo6813-40-ambiant-300x300.jpeg","woocommerce_thumbnail-width":300,"woocommerce_thumbnail-height":300,"woocommerce_single":"https:\/\/kind.ee\/wp-content\/uploads\/2023\/11\/mo6813-40-ambiant.jpeg","woocommerce_single-width":600,"woocommerce_single-height":695,"woocommerce_gallery_thumbnail":"https:\/\/kind.ee\/wp-content\/uploads\/2023\/11\/mo6813-40-ambiant-100x100.jpeg","woocommerce_gallery_thumbnail-width":100,"woocommerce_gallery_thumbnail-height":100}},{"ID":13866,"id":13866,"title":"mo6813-40","filename":"mo6813-40.jpeg","filesize":38333,"url":"https:\/\/kind.ee\/wp-content\/uploads\/2023\/11\/mo6813-40.jpeg","link":"https:\/\/kind.ee\/et\/?attachment_id=13866","alt":"","author":"4","description":"","caption":"","name":"mo6813-40","status":"inherit","uploaded_to":13861,"date":"2023-11-02 14:26:14","modified":"2023-11-02 14:26:14","menu_order":0,"mime_type":"image\/jpeg","type":"image","subtype":"jpeg","icon":"https:\/\/kind.ee\/wp-includes\/images\/media\/default.png","width":700,"height":700,"sizes":{"thumbnail":"https:\/\/kind.ee\/wp-content\/uploads\/2023\/11\/mo6813-40-150x150.jpeg","thumbnail-width":150,"thumbnail-height":150,"medium":"https:\/\/kind.ee\/wp-content\/uploads\/2023\/11\/mo6813-40-300x300.jpeg","medium-width":300,"medium-height":300,"medium_large":"https:\/\/kind.ee\/wp-content\/uploads\/2023\/11\/mo6813-40.jpeg","medium_large-width":700,"medium_large-height":700,"large":"https:\/\/kind.ee\/wp-content\/uploads\/2023\/11\/mo6813-40.jpeg","large-width":700,"large-height":700,"1536x1536":"https:\/\/kind.ee\/wp-content\/uploads\/2023\/11\/mo6813-40.jpeg","1536x1536-width":700,"1536x1536-height":700,"2048x2048":"https:\/\/kind.ee\/wp-content\/uploads\/2023\/11\/mo6813-40.jpeg","2048x2048-width":700,"2048x2048-height":700,"galerii_large":"https:\/\/kind.ee\/wp-content\/uploads\/2023\/11\/mo6813-40.jpeg","galerii_large-width":700,"galerii_large-height":700,"galerii_large_retina":"https:\/\/kind.ee\/wp-content\/uploads\/2023\/11\/mo6813-40.jpeg","galerii_large_retina-width":700,"galerii_large_retina-height":700,"woocommerce_thumbnail":"https:\/\/kind.ee\/wp-content\/uploads\/2023\/11\/mo6813-40-300x300.jpeg","woocommerce_thumbnail-width":300,"woocommerce_thumbnail-height":300,"woocommerce_single":"https:\/\/kind.ee\/wp-content\/uploads\/2023\/11\/mo6813-40-600x600.jpeg","woocommerce_single-width":600,"woocommerce_single-height":600,"woocommerce_gallery_thumbnail":"https:\/\/kind.ee\/wp-content\/uploads\/2023\/11\/mo6813-40-100x100.jpeg","woocommerce_gallery_thumbnail-width":100,"woocommerce_gallery_thumbnail-height":100}},{"ID":13864,"id":13864,"title":"mo6813-40-print","filename":"mo6813-40-print.jpeg","filesize":39315,"url":"https:\/\/kind.ee\/wp-content\/uploads\/2023\/11\/mo6813-40-print.jpeg","link":"https:\/\/kind.ee\/et\/?attachment_id=13864","alt":"","author":"4","description":"","caption":"","name":"mo6813-40-print","status":"inherit","uploaded_to":13861,"date":"2023-11-02 14:26:11","modified":"2023-11-02 14:27:14","menu_order":0,"mime_type":"image\/jpeg","type":"image","subtype":"jpeg","icon":"https:\/\/kind.ee\/wp-includes\/images\/media\/default.png","width":700,"height":700,"sizes":{"thumbnail":"https:\/\/kind.ee\/wp-content\/uploads\/2023\/11\/mo6813-40-print-150x150.jpeg","thumbnail-width":150,"thumbnail-height":150,"medium":"https:\/\/kind.ee\/wp-content\/uploads\/2023\/11\/mo6813-40-print-300x300.jpeg","medium-width":300,"medium-height":300,"medium_large":"https:\/\/kind.ee\/wp-content\/uploads\/2023\/11\/mo6813-40-print.jpeg","medium_large-width":700,"medium_large-height":700,"large":"https:\/\/kind.ee\/wp-content\/uploads\/2023\/11\/mo6813-40-print.jpeg","large-width":700,"large-height":700,"1536x1536":"https:\/\/kind.ee\/wp-content\/uploads\/2023\/11\/mo6813-40-print.jpeg","1536x1536-width":700,"1536x1536-height":700,"2048x2048":"https:\/\/kind.ee\/wp-content\/uploads\/2023\/11\/mo6813-40-print.jpeg","2048x2048-width":700,"2048x2048-height":700,"galerii_large":"https:\/\/kind.ee\/wp-content\/uploads\/2023\/11\/mo6813-40-print.jpeg","galerii_large-width":700,"galerii_large-height":700,"galerii_large_retina":"https:\/\/kind.ee\/wp-content\/uploads\/2023\/11\/mo6813-40-print.jpeg","galerii_large_retina-width":700,"galerii_large_retina-height":700,"woocommerce_thumbnail":"https:\/\/kind.ee\/wp-content\/uploads\/2023\/11\/mo6813-40-print-300x300.jpeg","woocommerce_thumbnail-width":300,"woocommerce_thumbnail-height":300,"woocommerce_single":"https:\/\/kind.ee\/wp-content\/uploads\/2023\/11\/mo6813-40-print-600x600.jpeg","woocommerce_single-width":600,"woocommerce_single-height":600,"woocommerce_gallery_thumbnail":"https:\/\/kind.ee\/wp-content\/uploads\/2023\/11\/mo6813-40-print-100x100.jpeg","woocommerce_gallery_thumbnail-width":100,"woocommerce_gallery_thumbnail-height":100}}],"varvikood":false,"varvid-native":false,"varvid-stedman":false,"varvikood-neutral":false,"varvid-sols":false,"midoceani_varvid":false,"purewaste":false,"beechfield-varvid":false,"bagbase":false,"mepal":false}],"tooteinfo":"Taskup\u00e4rane ja kerge bambusest korpusega juhtmevaba k\u00f5lar. M\u00e4nguaeg: umbes 4 tundi.","materjal":"Bambus","varvus":""},"_links":{"self":[{"href":"https:\/\/kind.ee\/et\/wp-json\/wp\/v2\/product\/13861","targetHints":{"allow":["GET"]}}],"collection":[{"href":"https:\/\/kind.ee\/et\/wp-json\/wp\/v2\/product"}],"about":[{"href":"https:\/\/kind.ee\/et\/wp-json\/wp\/v2\/types\/product"}],"wp:featuredmedia":[{"embeddable":true,"href":"https:\/\/kind.ee\/et\/wp-json\/wp\/v2\/media\/13866"}],"wp:attachment":[{"href":"https:\/\/kind.ee\/et\/wp-json\/wp\/v2\/media?parent=13861"}],"wp:term":[{"taxonomy":"product_brand","embeddable":true,"href":"https:\/\/kind.ee\/et\/wp-json\/wp\/v2\/product_brand?post=13861"},{"taxonomy":"product_cat","embeddable":true,"href":"https:\/\/kind.ee\/et\/wp-json\/wp\/v2\/product_cat?post=13861"},{"taxonomy":"product_tag","embeddable":true,"href":"https:\/\/kind.ee\/et\/wp-json\/wp\/v2\/product_tag?post=13861"}],"curies":[{"name":"wp","href":"https:\/\/api.w.org\/{rel}","templated":true}]}}