{"id":13762,"date":"2023-11-02T13:40:40","date_gmt":"2023-11-02T13:40:40","guid":{"rendered":"https:\/\/kind.ee\/?post_type=product&#038;p=13762"},"modified":"2025-06-10T10:03:37","modified_gmt":"2025-06-10T10:03:37","slug":"vildist-prillitasku","status":"publish","type":"product","link":"https:\/\/kind.ee\/et\/toode\/vildist-prillitasku\/","title":{"rendered":"vildist prillitasku"},"content":{"rendered":"","protected":false},"excerpt":{"rendered":"","protected":false},"featured_media":13767,"template":"","meta":[],"product_brand":[],"product_cat":[622,616],"product_tag":[],"class_list":{"0":"post-13762","1":"product","2":"type-product","3":"status-publish","4":"has-post-thumbnail","6":"product_cat-aksessuaarid","7":"product_cat-meened","9":"first","10":"instock","11":"shipping-taxable","12":"purchasable","13":"product-type-simple"},"acf":{"muugi_argumendid":[],"sertifikaadid":[],"season":[],"loige":"","suuruste_tabel":false,"paksus":"","min_kogus":"5","kangas":"","kanga-info":"","mootmed":"Pikkus: 9 cm<br \/>\r\nLaius: 18 cm<br \/>\r\nKaal: 13 g","toote_pildid_varvide_kaupa":[{"pildid":[{"ID":13763,"id":13763,"title":"mo6425-15-ambiant","filename":"mo6425-15-ambiant.jpeg","filesize":101585,"url":"https:\/\/kind.ee\/wp-content\/uploads\/2023\/11\/mo6425-15-ambiant.jpeg","link":"https:\/\/kind.ee\/et\/?attachment_id=13763","alt":"","author":"4","description":"","caption":"","name":"mo6425-15-ambiant","status":"inherit","uploaded_to":13762,"date":"2023-11-02 13:39:57","modified":"2023-11-02 13:39:57","menu_order":0,"mime_type":"image\/jpeg","type":"image","subtype":"jpeg","icon":"https:\/\/kind.ee\/wp-includes\/images\/media\/default.png","width":564,"height":689,"sizes":{"thumbnail":"https:\/\/kind.ee\/wp-content\/uploads\/2023\/11\/mo6425-15-ambiant-150x150.jpeg","thumbnail-width":150,"thumbnail-height":150,"medium":"https:\/\/kind.ee\/wp-content\/uploads\/2023\/11\/mo6425-15-ambiant-246x300.jpeg","medium-width":246,"medium-height":300,"medium_large":"https:\/\/kind.ee\/wp-content\/uploads\/2023\/11\/mo6425-15-ambiant.jpeg","medium_large-width":564,"medium_large-height":689,"large":"https:\/\/kind.ee\/wp-content\/uploads\/2023\/11\/mo6425-15-ambiant.jpeg","large-width":564,"large-height":689,"1536x1536":"https:\/\/kind.ee\/wp-content\/uploads\/2023\/11\/mo6425-15-ambiant.jpeg","1536x1536-width":564,"1536x1536-height":689,"2048x2048":"https:\/\/kind.ee\/wp-content\/uploads\/2023\/11\/mo6425-15-ambiant.jpeg","2048x2048-width":564,"2048x2048-height":689,"galerii_large":"https:\/\/kind.ee\/wp-content\/uploads\/2023\/11\/mo6425-15-ambiant.jpeg","galerii_large-width":564,"galerii_large-height":689,"galerii_large_retina":"https:\/\/kind.ee\/wp-content\/uploads\/2023\/11\/mo6425-15-ambiant.jpeg","galerii_large_retina-width":564,"galerii_large_retina-height":689,"woocommerce_thumbnail":"https:\/\/kind.ee\/wp-content\/uploads\/2023\/11\/mo6425-15-ambiant-300x300.jpeg","woocommerce_thumbnail-width":300,"woocommerce_thumbnail-height":300,"woocommerce_single":"https:\/\/kind.ee\/wp-content\/uploads\/2023\/11\/mo6425-15-ambiant.jpeg","woocommerce_single-width":564,"woocommerce_single-height":689,"woocommerce_gallery_thumbnail":"https:\/\/kind.ee\/wp-content\/uploads\/2023\/11\/mo6425-15-ambiant-100x100.jpeg","woocommerce_gallery_thumbnail-width":100,"woocommerce_gallery_thumbnail-height":100}},{"ID":13767,"id":13767,"title":"mo6425-15-top","filename":"mo6425-15-top.jpeg","filesize":41199,"url":"https:\/\/kind.ee\/wp-content\/uploads\/2023\/11\/mo6425-15-top.jpeg","link":"https:\/\/kind.ee\/et\/?attachment_id=13767","alt":"","author":"4","description":"","caption":"","name":"mo6425-15-top","status":"inherit","uploaded_to":13762,"date":"2023-11-02 13:40:03","modified":"2023-11-02 13:40:03","menu_order":0,"mime_type":"image\/jpeg","type":"image","subtype":"jpeg","icon":"https:\/\/kind.ee\/wp-includes\/images\/media\/default.png","width":700,"height":700,"sizes":{"thumbnail":"https:\/\/kind.ee\/wp-content\/uploads\/2023\/11\/mo6425-15-top-150x150.jpeg","thumbnail-width":150,"thumbnail-height":150,"medium":"https:\/\/kind.ee\/wp-content\/uploads\/2023\/11\/mo6425-15-top-300x300.jpeg","medium-width":300,"medium-height":300,"medium_large":"https:\/\/kind.ee\/wp-content\/uploads\/2023\/11\/mo6425-15-top.jpeg","medium_large-width":700,"medium_large-height":700,"large":"https:\/\/kind.ee\/wp-content\/uploads\/2023\/11\/mo6425-15-top.jpeg","large-width":700,"large-height":700,"1536x1536":"https:\/\/kind.ee\/wp-content\/uploads\/2023\/11\/mo6425-15-top.jpeg","1536x1536-width":700,"1536x1536-height":700,"2048x2048":"https:\/\/kind.ee\/wp-content\/uploads\/2023\/11\/mo6425-15-top.jpeg","2048x2048-width":700,"2048x2048-height":700,"galerii_large":"https:\/\/kind.ee\/wp-content\/uploads\/2023\/11\/mo6425-15-top.jpeg","galerii_large-width":700,"galerii_large-height":700,"galerii_large_retina":"https:\/\/kind.ee\/wp-content\/uploads\/2023\/11\/mo6425-15-top.jpeg","galerii_large_retina-width":700,"galerii_large_retina-height":700,"woocommerce_thumbnail":"https:\/\/kind.ee\/wp-content\/uploads\/2023\/11\/mo6425-15-top-300x300.jpeg","woocommerce_thumbnail-width":300,"woocommerce_thumbnail-height":300,"woocommerce_single":"https:\/\/kind.ee\/wp-content\/uploads\/2023\/11\/mo6425-15-top-600x600.jpeg","woocommerce_single-width":600,"woocommerce_single-height":600,"woocommerce_gallery_thumbnail":"https:\/\/kind.ee\/wp-content\/uploads\/2023\/11\/mo6425-15-top-100x100.jpeg","woocommerce_gallery_thumbnail-width":100,"woocommerce_gallery_thumbnail-height":100}},{"ID":13765,"id":13765,"title":"mo6425-15-side","filename":"mo6425-15-side.jpeg","filesize":39716,"url":"https:\/\/kind.ee\/wp-content\/uploads\/2023\/11\/mo6425-15-side.jpeg","link":"https:\/\/kind.ee\/et\/?attachment_id=13765","alt":"","author":"4","description":"","caption":"","name":"mo6425-15-side","status":"inherit","uploaded_to":13762,"date":"2023-11-02 13:40:00","modified":"2023-11-02 13:40:36","menu_order":0,"mime_type":"image\/jpeg","type":"image","subtype":"jpeg","icon":"https:\/\/kind.ee\/wp-includes\/images\/media\/default.png","width":700,"height":700,"sizes":{"thumbnail":"https:\/\/kind.ee\/wp-content\/uploads\/2023\/11\/mo6425-15-side-150x150.jpeg","thumbnail-width":150,"thumbnail-height":150,"medium":"https:\/\/kind.ee\/wp-content\/uploads\/2023\/11\/mo6425-15-side-300x300.jpeg","medium-width":300,"medium-height":300,"medium_large":"https:\/\/kind.ee\/wp-content\/uploads\/2023\/11\/mo6425-15-side.jpeg","medium_large-width":700,"medium_large-height":700,"large":"https:\/\/kind.ee\/wp-content\/uploads\/2023\/11\/mo6425-15-side.jpeg","large-width":700,"large-height":700,"1536x1536":"https:\/\/kind.ee\/wp-content\/uploads\/2023\/11\/mo6425-15-side.jpeg","1536x1536-width":700,"1536x1536-height":700,"2048x2048":"https:\/\/kind.ee\/wp-content\/uploads\/2023\/11\/mo6425-15-side.jpeg","2048x2048-width":700,"2048x2048-height":700,"galerii_large":"https:\/\/kind.ee\/wp-content\/uploads\/2023\/11\/mo6425-15-side.jpeg","galerii_large-width":700,"galerii_large-height":700,"galerii_large_retina":"https:\/\/kind.ee\/wp-content\/uploads\/2023\/11\/mo6425-15-side.jpeg","galerii_large_retina-width":700,"galerii_large_retina-height":700,"woocommerce_thumbnail":"https:\/\/kind.ee\/wp-content\/uploads\/2023\/11\/mo6425-15-side-300x300.jpeg","woocommerce_thumbnail-width":300,"woocommerce_thumbnail-height":300,"woocommerce_single":"https:\/\/kind.ee\/wp-content\/uploads\/2023\/11\/mo6425-15-side-600x600.jpeg","woocommerce_single-width":600,"woocommerce_single-height":600,"woocommerce_gallery_thumbnail":"https:\/\/kind.ee\/wp-content\/uploads\/2023\/11\/mo6425-15-side-100x100.jpeg","woocommerce_gallery_thumbnail-width":100,"woocommerce_gallery_thumbnail-height":100}}],"varvikood":false,"varvid-native":false,"varvid-stedman":false,"varvikood-neutral":false,"varvid-sols":false,"midoceani_varvid":false,"purewaste":false,"beechfield-varvid":false,"bagbase":false,"mepal":false}],"tooteinfo":"Vildist prillitasku, millega saab kaitsta oma igap\u00e4evaseid prille v\u00f5i p\u00e4ikseprille.","materjal":"rPET vilt","varvus":""},"_links":{"self":[{"href":"https:\/\/kind.ee\/et\/wp-json\/wp\/v2\/product\/13762","targetHints":{"allow":["GET"]}}],"collection":[{"href":"https:\/\/kind.ee\/et\/wp-json\/wp\/v2\/product"}],"about":[{"href":"https:\/\/kind.ee\/et\/wp-json\/wp\/v2\/types\/product"}],"wp:featuredmedia":[{"embeddable":true,"href":"https:\/\/kind.ee\/et\/wp-json\/wp\/v2\/media\/13767"}],"wp:attachment":[{"href":"https:\/\/kind.ee\/et\/wp-json\/wp\/v2\/media?parent=13762"}],"wp:term":[{"taxonomy":"product_brand","embeddable":true,"href":"https:\/\/kind.ee\/et\/wp-json\/wp\/v2\/product_brand?post=13762"},{"taxonomy":"product_cat","embeddable":true,"href":"https:\/\/kind.ee\/et\/wp-json\/wp\/v2\/product_cat?post=13762"},{"taxonomy":"product_tag","embeddable":true,"href":"https:\/\/kind.ee\/et\/wp-json\/wp\/v2\/product_tag?post=13762"}],"curies":[{"name":"wp","href":"https:\/\/api.w.org\/{rel}","templated":true}]}}