{"id":13729,"date":"2023-11-02T13:22:54","date_gmt":"2023-11-02T13:22:54","guid":{"rendered":"https:\/\/kind.ee\/?post_type=product&#038;p=13729"},"modified":"2025-06-10T10:00:07","modified_gmt":"2025-06-10T10:00:07","slug":"kokkuvolditav-ostukott","status":"publish","type":"product","link":"https:\/\/kind.ee\/et\/toode\/kokkuvolditav-ostukott\/","title":{"rendered":"kokkuvolditav ostukott"},"content":{"rendered":"","protected":false},"excerpt":{"rendered":"","protected":false},"featured_media":13730,"template":"","meta":[],"product_brand":[],"product_cat":[859,598],"product_tag":[],"class_list":{"0":"post-13729","1":"product","2":"type-product","3":"status-publish","4":"has-post-thumbnail","6":"product_cat-kangaskotid","7":"product_cat-kotid","9":"first","10":"instock","11":"shipping-taxable","12":"purchasable","13":"product-type-simple"},"acf":{"muugi_argumendid":[],"sertifikaadid":[],"season":[],"loige":"","suuruste_tabel":false,"paksus":"","min_kogus":"5","kangas":"","kanga-info":"","mootmed":"Pikkus: 38 cm<br \/>\r\nLaius: 40 cm<br \/>\r\nKaal: 62 g","toote_pildid_varvide_kaupa":[{"pildid":[{"ID":13730,"id":13730,"title":"mo9638-13","filename":"mo9638-13.jpeg","filesize":14700,"url":"https:\/\/kind.ee\/wp-content\/uploads\/2023\/11\/mo9638-13.jpeg","link":"https:\/\/kind.ee\/et\/?attachment_id=13730","alt":"","author":"4","description":"","caption":"","name":"mo9638-13","status":"inherit","uploaded_to":13729,"date":"2023-11-02 13:21:30","modified":"2023-11-02 13:21:30","menu_order":0,"mime_type":"image\/jpeg","type":"image","subtype":"jpeg","icon":"https:\/\/kind.ee\/wp-includes\/images\/media\/default.png","width":700,"height":700,"sizes":{"thumbnail":"https:\/\/kind.ee\/wp-content\/uploads\/2023\/11\/mo9638-13-150x150.jpeg","thumbnail-width":150,"thumbnail-height":150,"medium":"https:\/\/kind.ee\/wp-content\/uploads\/2023\/11\/mo9638-13-300x300.jpeg","medium-width":300,"medium-height":300,"medium_large":"https:\/\/kind.ee\/wp-content\/uploads\/2023\/11\/mo9638-13.jpeg","medium_large-width":700,"medium_large-height":700,"large":"https:\/\/kind.ee\/wp-content\/uploads\/2023\/11\/mo9638-13.jpeg","large-width":700,"large-height":700,"1536x1536":"https:\/\/kind.ee\/wp-content\/uploads\/2023\/11\/mo9638-13.jpeg","1536x1536-width":700,"1536x1536-height":700,"2048x2048":"https:\/\/kind.ee\/wp-content\/uploads\/2023\/11\/mo9638-13.jpeg","2048x2048-width":700,"2048x2048-height":700,"galerii_large":"https:\/\/kind.ee\/wp-content\/uploads\/2023\/11\/mo9638-13.jpeg","galerii_large-width":700,"galerii_large-height":700,"galerii_large_retina":"https:\/\/kind.ee\/wp-content\/uploads\/2023\/11\/mo9638-13.jpeg","galerii_large_retina-width":700,"galerii_large_retina-height":700,"woocommerce_thumbnail":"https:\/\/kind.ee\/wp-content\/uploads\/2023\/11\/mo9638-13-300x300.jpeg","woocommerce_thumbnail-width":300,"woocommerce_thumbnail-height":300,"woocommerce_single":"https:\/\/kind.ee\/wp-content\/uploads\/2023\/11\/mo9638-13-600x600.jpeg","woocommerce_single-width":600,"woocommerce_single-height":600,"woocommerce_gallery_thumbnail":"https:\/\/kind.ee\/wp-content\/uploads\/2023\/11\/mo9638-13-100x100.jpeg","woocommerce_gallery_thumbnail-width":100,"woocommerce_gallery_thumbnail-height":100}},{"ID":13732,"id":13732,"title":"mo9638-13a","filename":"mo9638-13a.jpeg","filesize":30035,"url":"https:\/\/kind.ee\/wp-content\/uploads\/2023\/11\/mo9638-13a.jpeg","link":"https:\/\/kind.ee\/et\/?attachment_id=13732","alt":"","author":"4","description":"","caption":"","name":"mo9638-13a","status":"inherit","uploaded_to":13729,"date":"2023-11-02 13:21:33","modified":"2023-11-02 13:22:12","menu_order":0,"mime_type":"image\/jpeg","type":"image","subtype":"jpeg","icon":"https:\/\/kind.ee\/wp-includes\/images\/media\/default.png","width":700,"height":700,"sizes":{"thumbnail":"https:\/\/kind.ee\/wp-content\/uploads\/2023\/11\/mo9638-13a-150x150.jpeg","thumbnail-width":150,"thumbnail-height":150,"medium":"https:\/\/kind.ee\/wp-content\/uploads\/2023\/11\/mo9638-13a-300x300.jpeg","medium-width":300,"medium-height":300,"medium_large":"https:\/\/kind.ee\/wp-content\/uploads\/2023\/11\/mo9638-13a.jpeg","medium_large-width":700,"medium_large-height":700,"large":"https:\/\/kind.ee\/wp-content\/uploads\/2023\/11\/mo9638-13a.jpeg","large-width":700,"large-height":700,"1536x1536":"https:\/\/kind.ee\/wp-content\/uploads\/2023\/11\/mo9638-13a.jpeg","1536x1536-width":700,"1536x1536-height":700,"2048x2048":"https:\/\/kind.ee\/wp-content\/uploads\/2023\/11\/mo9638-13a.jpeg","2048x2048-width":700,"2048x2048-height":700,"galerii_large":"https:\/\/kind.ee\/wp-content\/uploads\/2023\/11\/mo9638-13a.jpeg","galerii_large-width":700,"galerii_large-height":700,"galerii_large_retina":"https:\/\/kind.ee\/wp-content\/uploads\/2023\/11\/mo9638-13a.jpeg","galerii_large_retina-width":700,"galerii_large_retina-height":700,"woocommerce_thumbnail":"https:\/\/kind.ee\/wp-content\/uploads\/2023\/11\/mo9638-13a-300x300.jpeg","woocommerce_thumbnail-width":300,"woocommerce_thumbnail-height":300,"woocommerce_single":"https:\/\/kind.ee\/wp-content\/uploads\/2023\/11\/mo9638-13a-600x600.jpeg","woocommerce_single-width":600,"woocommerce_single-height":600,"woocommerce_gallery_thumbnail":"https:\/\/kind.ee\/wp-content\/uploads\/2023\/11\/mo9638-13a-100x100.jpeg","woocommerce_gallery_thumbnail-width":100,"woocommerce_gallery_thumbnail-height":100}}],"varvikood":false,"varvid-native":false,"varvid-stedman":false,"varvikood-neutral":false,"varvid-sols":false,"midoceani_varvid":false,"purewaste":false,"beechfield-varvid":false,"bagbase":false,"mepal":false}],"tooteinfo":"Kokkuvolditav ostukott, mida saab n\u00f6\u00f6riga kompaktselt kinni t\u00f5mmata ja mugavalt kaasa v\u00f5tta.","materjal":"Puuvill","varvus":""},"_links":{"self":[{"href":"https:\/\/kind.ee\/et\/wp-json\/wp\/v2\/product\/13729","targetHints":{"allow":["GET"]}}],"collection":[{"href":"https:\/\/kind.ee\/et\/wp-json\/wp\/v2\/product"}],"about":[{"href":"https:\/\/kind.ee\/et\/wp-json\/wp\/v2\/types\/product"}],"wp:featuredmedia":[{"embeddable":true,"href":"https:\/\/kind.ee\/et\/wp-json\/wp\/v2\/media\/13730"}],"wp:attachment":[{"href":"https:\/\/kind.ee\/et\/wp-json\/wp\/v2\/media?parent=13729"}],"wp:term":[{"taxonomy":"product_brand","embeddable":true,"href":"https:\/\/kind.ee\/et\/wp-json\/wp\/v2\/product_brand?post=13729"},{"taxonomy":"product_cat","embeddable":true,"href":"https:\/\/kind.ee\/et\/wp-json\/wp\/v2\/product_cat?post=13729"},{"taxonomy":"product_tag","embeddable":true,"href":"https:\/\/kind.ee\/et\/wp-json\/wp\/v2\/product_tag?post=13729"}],"curies":[{"name":"wp","href":"https:\/\/api.w.org\/{rel}","templated":true}]}}