{"id":13497,"date":"2023-11-02T10:53:15","date_gmt":"2023-11-02T10:53:15","guid":{"rendered":"https:\/\/kind.ee\/?post_type=product&#038;p=13497"},"modified":"2025-06-10T10:00:12","modified_gmt":"2025-06-10T10:00:12","slug":"lukuga-pingutusnooriga-hoiukott","status":"publish","type":"product","link":"https:\/\/kind.ee\/et\/toode\/lukuga-pingutusnooriga-hoiukott\/","title":{"rendered":"lukuga pingutusn\u00f6\u00f6riga hoiukott"},"content":{"rendered":"","protected":false},"excerpt":{"rendered":"","protected":false},"featured_media":13514,"template":"","meta":[],"product_brand":[],"product_cat":[598],"product_tag":[],"class_list":{"0":"post-13497","1":"product","2":"type-product","3":"status-publish","4":"has-post-thumbnail","6":"product_cat-kotid","8":"first","9":"instock","10":"shipping-taxable","11":"purchasable","12":"product-type-simple"},"acf":{"muugi_argumendid":[],"sertifikaadid":[],"season":[],"loige":"","suuruste_tabel":false,"paksus":"","min_kogus":"5","kangas":"","kanga-info":"","mootmed":"K\u00f5rgus: 48 cm<br \/>\r\nLaius: 40 cm<br \/>\r\nKaal: 130 g","toote_pildid_varvide_kaupa":[{"pildid":[{"ID":13514,"id":13514,"title":"mo6997-06","filename":"mo6997-06.jpeg","filesize":33604,"url":"https:\/\/kind.ee\/wp-content\/uploads\/2023\/11\/mo6997-06.jpeg","link":"https:\/\/kind.ee\/et\/?attachment_id=13514","alt":"","author":"4","description":"","caption":"","name":"mo6997-06","status":"inherit","uploaded_to":13497,"date":"2023-11-02 10:50:44","modified":"2023-11-02 10:50:44","menu_order":0,"mime_type":"image\/jpeg","type":"image","subtype":"jpeg","icon":"https:\/\/kind.ee\/wp-includes\/images\/media\/default.png","width":700,"height":700,"sizes":{"thumbnail":"https:\/\/kind.ee\/wp-content\/uploads\/2023\/11\/mo6997-06-150x150.jpeg","thumbnail-width":150,"thumbnail-height":150,"medium":"https:\/\/kind.ee\/wp-content\/uploads\/2023\/11\/mo6997-06-300x300.jpeg","medium-width":300,"medium-height":300,"medium_large":"https:\/\/kind.ee\/wp-content\/uploads\/2023\/11\/mo6997-06.jpeg","medium_large-width":700,"medium_large-height":700,"large":"https:\/\/kind.ee\/wp-content\/uploads\/2023\/11\/mo6997-06.jpeg","large-width":700,"large-height":700,"1536x1536":"https:\/\/kind.ee\/wp-content\/uploads\/2023\/11\/mo6997-06.jpeg","1536x1536-width":700,"1536x1536-height":700,"2048x2048":"https:\/\/kind.ee\/wp-content\/uploads\/2023\/11\/mo6997-06.jpeg","2048x2048-width":700,"2048x2048-height":700,"galerii_large":"https:\/\/kind.ee\/wp-content\/uploads\/2023\/11\/mo6997-06.jpeg","galerii_large-width":700,"galerii_large-height":700,"galerii_large_retina":"https:\/\/kind.ee\/wp-content\/uploads\/2023\/11\/mo6997-06.jpeg","galerii_large_retina-width":700,"galerii_large_retina-height":700,"woocommerce_thumbnail":"https:\/\/kind.ee\/wp-content\/uploads\/2023\/11\/mo6997-06-300x300.jpeg","woocommerce_thumbnail-width":300,"woocommerce_thumbnail-height":300,"woocommerce_single":"https:\/\/kind.ee\/wp-content\/uploads\/2023\/11\/mo6997-06-600x600.jpeg","woocommerce_single-width":600,"woocommerce_single-height":600,"woocommerce_gallery_thumbnail":"https:\/\/kind.ee\/wp-content\/uploads\/2023\/11\/mo6997-06-100x100.jpeg","woocommerce_gallery_thumbnail-width":100,"woocommerce_gallery_thumbnail-height":100}},{"ID":13512,"id":13512,"title":"mo6997-06-side","filename":"mo6997-06-side.jpeg","filesize":23064,"url":"https:\/\/kind.ee\/wp-content\/uploads\/2023\/11\/mo6997-06-side.jpeg","link":"https:\/\/kind.ee\/et\/?attachment_id=13512","alt":"","author":"4","description":"","caption":"","name":"mo6997-06-side","status":"inherit","uploaded_to":13497,"date":"2023-11-02 10:50:41","modified":"2023-11-02 10:50:41","menu_order":0,"mime_type":"image\/jpeg","type":"image","subtype":"jpeg","icon":"https:\/\/kind.ee\/wp-includes\/images\/media\/default.png","width":700,"height":700,"sizes":{"thumbnail":"https:\/\/kind.ee\/wp-content\/uploads\/2023\/11\/mo6997-06-side-150x150.jpeg","thumbnail-width":150,"thumbnail-height":150,"medium":"https:\/\/kind.ee\/wp-content\/uploads\/2023\/11\/mo6997-06-side-300x300.jpeg","medium-width":300,"medium-height":300,"medium_large":"https:\/\/kind.ee\/wp-content\/uploads\/2023\/11\/mo6997-06-side.jpeg","medium_large-width":700,"medium_large-height":700,"large":"https:\/\/kind.ee\/wp-content\/uploads\/2023\/11\/mo6997-06-side.jpeg","large-width":700,"large-height":700,"1536x1536":"https:\/\/kind.ee\/wp-content\/uploads\/2023\/11\/mo6997-06-side.jpeg","1536x1536-width":700,"1536x1536-height":700,"2048x2048":"https:\/\/kind.ee\/wp-content\/uploads\/2023\/11\/mo6997-06-side.jpeg","2048x2048-width":700,"2048x2048-height":700,"galerii_large":"https:\/\/kind.ee\/wp-content\/uploads\/2023\/11\/mo6997-06-side.jpeg","galerii_large-width":700,"galerii_large-height":700,"galerii_large_retina":"https:\/\/kind.ee\/wp-content\/uploads\/2023\/11\/mo6997-06-side.jpeg","galerii_large_retina-width":700,"galerii_large_retina-height":700,"woocommerce_thumbnail":"https:\/\/kind.ee\/wp-content\/uploads\/2023\/11\/mo6997-06-side-300x300.jpeg","woocommerce_thumbnail-width":300,"woocommerce_thumbnail-height":300,"woocommerce_single":"https:\/\/kind.ee\/wp-content\/uploads\/2023\/11\/mo6997-06-side-600x600.jpeg","woocommerce_single-width":600,"woocommerce_single-height":600,"woocommerce_gallery_thumbnail":"https:\/\/kind.ee\/wp-content\/uploads\/2023\/11\/mo6997-06-side-100x100.jpeg","woocommerce_gallery_thumbnail-width":100,"woocommerce_gallery_thumbnail-height":100}},{"ID":13510,"id":13510,"title":"mo6997-06-detail","filename":"mo6997-06-detail.jpeg","filesize":56401,"url":"https:\/\/kind.ee\/wp-content\/uploads\/2023\/11\/mo6997-06-detail.jpeg","link":"https:\/\/kind.ee\/et\/?attachment_id=13510","alt":"","author":"4","description":"","caption":"","name":"mo6997-06-detail","status":"inherit","uploaded_to":13497,"date":"2023-11-02 10:50:38","modified":"2023-11-02 10:52:32","menu_order":0,"mime_type":"image\/jpeg","type":"image","subtype":"jpeg","icon":"https:\/\/kind.ee\/wp-includes\/images\/media\/default.png","width":700,"height":700,"sizes":{"thumbnail":"https:\/\/kind.ee\/wp-content\/uploads\/2023\/11\/mo6997-06-detail-150x150.jpeg","thumbnail-width":150,"thumbnail-height":150,"medium":"https:\/\/kind.ee\/wp-content\/uploads\/2023\/11\/mo6997-06-detail-300x300.jpeg","medium-width":300,"medium-height":300,"medium_large":"https:\/\/kind.ee\/wp-content\/uploads\/2023\/11\/mo6997-06-detail.jpeg","medium_large-width":700,"medium_large-height":700,"large":"https:\/\/kind.ee\/wp-content\/uploads\/2023\/11\/mo6997-06-detail.jpeg","large-width":700,"large-height":700,"1536x1536":"https:\/\/kind.ee\/wp-content\/uploads\/2023\/11\/mo6997-06-detail.jpeg","1536x1536-width":700,"1536x1536-height":700,"2048x2048":"https:\/\/kind.ee\/wp-content\/uploads\/2023\/11\/mo6997-06-detail.jpeg","2048x2048-width":700,"2048x2048-height":700,"galerii_large":"https:\/\/kind.ee\/wp-content\/uploads\/2023\/11\/mo6997-06-detail.jpeg","galerii_large-width":700,"galerii_large-height":700,"galerii_large_retina":"https:\/\/kind.ee\/wp-content\/uploads\/2023\/11\/mo6997-06-detail.jpeg","galerii_large_retina-width":700,"galerii_large_retina-height":700,"woocommerce_thumbnail":"https:\/\/kind.ee\/wp-content\/uploads\/2023\/11\/mo6997-06-detail-300x300.jpeg","woocommerce_thumbnail-width":300,"woocommerce_thumbnail-height":300,"woocommerce_single":"https:\/\/kind.ee\/wp-content\/uploads\/2023\/11\/mo6997-06-detail-600x600.jpeg","woocommerce_single-width":600,"woocommerce_single-height":600,"woocommerce_gallery_thumbnail":"https:\/\/kind.ee\/wp-content\/uploads\/2023\/11\/mo6997-06-detail-100x100.jpeg","woocommerce_gallery_thumbnail-width":100,"woocommerce_gallery_thumbnail-height":100}}],"varvikood":false,"varvid-native":false,"varvid-stedman":false,"varvikood-neutral":false,"varvid-sols":false,"midoceani_varvid":684,"purewaste":false,"beechfield-varvid":false,"bagbase":false,"mepal":false},{"pildid":[{"ID":13502,"id":13502,"title":"mo6997-03","filename":"mo6997-03.jpeg","filesize":30951,"url":"https:\/\/kind.ee\/wp-content\/uploads\/2023\/11\/mo6997-03.jpeg","link":"https:\/\/kind.ee\/et\/?attachment_id=13502","alt":"","author":"4","description":"","caption":"","name":"mo6997-03","status":"inherit","uploaded_to":13497,"date":"2023-11-02 10:50:26","modified":"2023-11-02 10:50:26","menu_order":0,"mime_type":"image\/jpeg","type":"image","subtype":"jpeg","icon":"https:\/\/kind.ee\/wp-includes\/images\/media\/default.png","width":700,"height":700,"sizes":{"thumbnail":"https:\/\/kind.ee\/wp-content\/uploads\/2023\/11\/mo6997-03-150x150.jpeg","thumbnail-width":150,"thumbnail-height":150,"medium":"https:\/\/kind.ee\/wp-content\/uploads\/2023\/11\/mo6997-03-300x300.jpeg","medium-width":300,"medium-height":300,"medium_large":"https:\/\/kind.ee\/wp-content\/uploads\/2023\/11\/mo6997-03.jpeg","medium_large-width":700,"medium_large-height":700,"large":"https:\/\/kind.ee\/wp-content\/uploads\/2023\/11\/mo6997-03.jpeg","large-width":700,"large-height":700,"1536x1536":"https:\/\/kind.ee\/wp-content\/uploads\/2023\/11\/mo6997-03.jpeg","1536x1536-width":700,"1536x1536-height":700,"2048x2048":"https:\/\/kind.ee\/wp-content\/uploads\/2023\/11\/mo6997-03.jpeg","2048x2048-width":700,"2048x2048-height":700,"galerii_large":"https:\/\/kind.ee\/wp-content\/uploads\/2023\/11\/mo6997-03.jpeg","galerii_large-width":700,"galerii_large-height":700,"galerii_large_retina":"https:\/\/kind.ee\/wp-content\/uploads\/2023\/11\/mo6997-03.jpeg","galerii_large_retina-width":700,"galerii_large_retina-height":700,"woocommerce_thumbnail":"https:\/\/kind.ee\/wp-content\/uploads\/2023\/11\/mo6997-03-300x300.jpeg","woocommerce_thumbnail-width":300,"woocommerce_thumbnail-height":300,"woocommerce_single":"https:\/\/kind.ee\/wp-content\/uploads\/2023\/11\/mo6997-03-600x600.jpeg","woocommerce_single-width":600,"woocommerce_single-height":600,"woocommerce_gallery_thumbnail":"https:\/\/kind.ee\/wp-content\/uploads\/2023\/11\/mo6997-03-100x100.jpeg","woocommerce_gallery_thumbnail-width":100,"woocommerce_gallery_thumbnail-height":100}},{"ID":13500,"id":13500,"title":"mo6997-03-side","filename":"mo6997-03-side.jpeg","filesize":24397,"url":"https:\/\/kind.ee\/wp-content\/uploads\/2023\/11\/mo6997-03-side.jpeg","link":"https:\/\/kind.ee\/et\/?attachment_id=13500","alt":"","author":"4","description":"","caption":"","name":"mo6997-03-side","status":"inherit","uploaded_to":13497,"date":"2023-11-02 10:50:23","modified":"2023-11-02 10:50:23","menu_order":0,"mime_type":"image\/jpeg","type":"image","subtype":"jpeg","icon":"https:\/\/kind.ee\/wp-includes\/images\/media\/default.png","width":700,"height":700,"sizes":{"thumbnail":"https:\/\/kind.ee\/wp-content\/uploads\/2023\/11\/mo6997-03-side-150x150.jpeg","thumbnail-width":150,"thumbnail-height":150,"medium":"https:\/\/kind.ee\/wp-content\/uploads\/2023\/11\/mo6997-03-side-300x300.jpeg","medium-width":300,"medium-height":300,"medium_large":"https:\/\/kind.ee\/wp-content\/uploads\/2023\/11\/mo6997-03-side.jpeg","medium_large-width":700,"medium_large-height":700,"large":"https:\/\/kind.ee\/wp-content\/uploads\/2023\/11\/mo6997-03-side.jpeg","large-width":700,"large-height":700,"1536x1536":"https:\/\/kind.ee\/wp-content\/uploads\/2023\/11\/mo6997-03-side.jpeg","1536x1536-width":700,"1536x1536-height":700,"2048x2048":"https:\/\/kind.ee\/wp-content\/uploads\/2023\/11\/mo6997-03-side.jpeg","2048x2048-width":700,"2048x2048-height":700,"galerii_large":"https:\/\/kind.ee\/wp-content\/uploads\/2023\/11\/mo6997-03-side.jpeg","galerii_large-width":700,"galerii_large-height":700,"galerii_large_retina":"https:\/\/kind.ee\/wp-content\/uploads\/2023\/11\/mo6997-03-side.jpeg","galerii_large_retina-width":700,"galerii_large_retina-height":700,"woocommerce_thumbnail":"https:\/\/kind.ee\/wp-content\/uploads\/2023\/11\/mo6997-03-side-300x300.jpeg","woocommerce_thumbnail-width":300,"woocommerce_thumbnail-height":300,"woocommerce_single":"https:\/\/kind.ee\/wp-content\/uploads\/2023\/11\/mo6997-03-side-600x600.jpeg","woocommerce_single-width":600,"woocommerce_single-height":600,"woocommerce_gallery_thumbnail":"https:\/\/kind.ee\/wp-content\/uploads\/2023\/11\/mo6997-03-side-100x100.jpeg","woocommerce_gallery_thumbnail-width":100,"woocommerce_gallery_thumbnail-height":100}},{"ID":13498,"id":13498,"title":"mo6997-03-detail","filename":"mo6997-03-detail.jpeg","filesize":51499,"url":"https:\/\/kind.ee\/wp-content\/uploads\/2023\/11\/mo6997-03-detail.jpeg","link":"https:\/\/kind.ee\/et\/?attachment_id=13498","alt":"","author":"4","description":"","caption":"","name":"mo6997-03-detail","status":"inherit","uploaded_to":13497,"date":"2023-11-02 10:50:20","modified":"2023-11-02 10:52:46","menu_order":0,"mime_type":"image\/jpeg","type":"image","subtype":"jpeg","icon":"https:\/\/kind.ee\/wp-includes\/images\/media\/default.png","width":700,"height":700,"sizes":{"thumbnail":"https:\/\/kind.ee\/wp-content\/uploads\/2023\/11\/mo6997-03-detail-150x150.jpeg","thumbnail-width":150,"thumbnail-height":150,"medium":"https:\/\/kind.ee\/wp-content\/uploads\/2023\/11\/mo6997-03-detail-300x300.jpeg","medium-width":300,"medium-height":300,"medium_large":"https:\/\/kind.ee\/wp-content\/uploads\/2023\/11\/mo6997-03-detail.jpeg","medium_large-width":700,"medium_large-height":700,"large":"https:\/\/kind.ee\/wp-content\/uploads\/2023\/11\/mo6997-03-detail.jpeg","large-width":700,"large-height":700,"1536x1536":"https:\/\/kind.ee\/wp-content\/uploads\/2023\/11\/mo6997-03-detail.jpeg","1536x1536-width":700,"1536x1536-height":700,"2048x2048":"https:\/\/kind.ee\/wp-content\/uploads\/2023\/11\/mo6997-03-detail.jpeg","2048x2048-width":700,"2048x2048-height":700,"galerii_large":"https:\/\/kind.ee\/wp-content\/uploads\/2023\/11\/mo6997-03-detail.jpeg","galerii_large-width":700,"galerii_large-height":700,"galerii_large_retina":"https:\/\/kind.ee\/wp-content\/uploads\/2023\/11\/mo6997-03-detail.jpeg","galerii_large_retina-width":700,"galerii_large_retina-height":700,"woocommerce_thumbnail":"https:\/\/kind.ee\/wp-content\/uploads\/2023\/11\/mo6997-03-detail-300x300.jpeg","woocommerce_thumbnail-width":300,"woocommerce_thumbnail-height":300,"woocommerce_single":"https:\/\/kind.ee\/wp-content\/uploads\/2023\/11\/mo6997-03-detail-600x600.jpeg","woocommerce_single-width":600,"woocommerce_single-height":600,"woocommerce_gallery_thumbnail":"https:\/\/kind.ee\/wp-content\/uploads\/2023\/11\/mo6997-03-detail-100x100.jpeg","woocommerce_gallery_thumbnail-width":100,"woocommerce_gallery_thumbnail-height":100}}],"varvikood":false,"varvid-native":false,"varvid-stedman":false,"varvikood-neutral":false,"varvid-sols":false,"midoceani_varvid":682,"purewaste":false,"beechfield-varvid":false,"bagbase":false,"mepal":false},{"pildid":[{"ID":13508,"id":13508,"title":"mo6997-04","filename":"mo6997-04.jpeg","filesize":35789,"url":"https:\/\/kind.ee\/wp-content\/uploads\/2023\/11\/mo6997-04.jpeg","link":"https:\/\/kind.ee\/et\/?attachment_id=13508","alt":"","author":"4","description":"","caption":"","name":"mo6997-04","status":"inherit","uploaded_to":13497,"date":"2023-11-02 10:50:35","modified":"2023-11-02 10:50:35","menu_order":0,"mime_type":"image\/jpeg","type":"image","subtype":"jpeg","icon":"https:\/\/kind.ee\/wp-includes\/images\/media\/default.png","width":700,"height":700,"sizes":{"thumbnail":"https:\/\/kind.ee\/wp-content\/uploads\/2023\/11\/mo6997-04-150x150.jpeg","thumbnail-width":150,"thumbnail-height":150,"medium":"https:\/\/kind.ee\/wp-content\/uploads\/2023\/11\/mo6997-04-300x300.jpeg","medium-width":300,"medium-height":300,"medium_large":"https:\/\/kind.ee\/wp-content\/uploads\/2023\/11\/mo6997-04.jpeg","medium_large-width":700,"medium_large-height":700,"large":"https:\/\/kind.ee\/wp-content\/uploads\/2023\/11\/mo6997-04.jpeg","large-width":700,"large-height":700,"1536x1536":"https:\/\/kind.ee\/wp-content\/uploads\/2023\/11\/mo6997-04.jpeg","1536x1536-width":700,"1536x1536-height":700,"2048x2048":"https:\/\/kind.ee\/wp-content\/uploads\/2023\/11\/mo6997-04.jpeg","2048x2048-width":700,"2048x2048-height":700,"galerii_large":"https:\/\/kind.ee\/wp-content\/uploads\/2023\/11\/mo6997-04.jpeg","galerii_large-width":700,"galerii_large-height":700,"galerii_large_retina":"https:\/\/kind.ee\/wp-content\/uploads\/2023\/11\/mo6997-04.jpeg","galerii_large_retina-width":700,"galerii_large_retina-height":700,"woocommerce_thumbnail":"https:\/\/kind.ee\/wp-content\/uploads\/2023\/11\/mo6997-04-300x300.jpeg","woocommerce_thumbnail-width":300,"woocommerce_thumbnail-height":300,"woocommerce_single":"https:\/\/kind.ee\/wp-content\/uploads\/2023\/11\/mo6997-04-600x600.jpeg","woocommerce_single-width":600,"woocommerce_single-height":600,"woocommerce_gallery_thumbnail":"https:\/\/kind.ee\/wp-content\/uploads\/2023\/11\/mo6997-04-100x100.jpeg","woocommerce_gallery_thumbnail-width":100,"woocommerce_gallery_thumbnail-height":100}},{"ID":13506,"id":13506,"title":"mo6997-04-side","filename":"mo6997-04-side.jpeg","filesize":27287,"url":"https:\/\/kind.ee\/wp-content\/uploads\/2023\/11\/mo6997-04-side.jpeg","link":"https:\/\/kind.ee\/et\/?attachment_id=13506","alt":"","author":"4","description":"","caption":"","name":"mo6997-04-side","status":"inherit","uploaded_to":13497,"date":"2023-11-02 10:50:32","modified":"2023-11-02 10:50:32","menu_order":0,"mime_type":"image\/jpeg","type":"image","subtype":"jpeg","icon":"https:\/\/kind.ee\/wp-includes\/images\/media\/default.png","width":700,"height":700,"sizes":{"thumbnail":"https:\/\/kind.ee\/wp-content\/uploads\/2023\/11\/mo6997-04-side-150x150.jpeg","thumbnail-width":150,"thumbnail-height":150,"medium":"https:\/\/kind.ee\/wp-content\/uploads\/2023\/11\/mo6997-04-side-300x300.jpeg","medium-width":300,"medium-height":300,"medium_large":"https:\/\/kind.ee\/wp-content\/uploads\/2023\/11\/mo6997-04-side.jpeg","medium_large-width":700,"medium_large-height":700,"large":"https:\/\/kind.ee\/wp-content\/uploads\/2023\/11\/mo6997-04-side.jpeg","large-width":700,"large-height":700,"1536x1536":"https:\/\/kind.ee\/wp-content\/uploads\/2023\/11\/mo6997-04-side.jpeg","1536x1536-width":700,"1536x1536-height":700,"2048x2048":"https:\/\/kind.ee\/wp-content\/uploads\/2023\/11\/mo6997-04-side.jpeg","2048x2048-width":700,"2048x2048-height":700,"galerii_large":"https:\/\/kind.ee\/wp-content\/uploads\/2023\/11\/mo6997-04-side.jpeg","galerii_large-width":700,"galerii_large-height":700,"galerii_large_retina":"https:\/\/kind.ee\/wp-content\/uploads\/2023\/11\/mo6997-04-side.jpeg","galerii_large_retina-width":700,"galerii_large_retina-height":700,"woocommerce_thumbnail":"https:\/\/kind.ee\/wp-content\/uploads\/2023\/11\/mo6997-04-side-300x300.jpeg","woocommerce_thumbnail-width":300,"woocommerce_thumbnail-height":300,"woocommerce_single":"https:\/\/kind.ee\/wp-content\/uploads\/2023\/11\/mo6997-04-side-600x600.jpeg","woocommerce_single-width":600,"woocommerce_single-height":600,"woocommerce_gallery_thumbnail":"https:\/\/kind.ee\/wp-content\/uploads\/2023\/11\/mo6997-04-side-100x100.jpeg","woocommerce_gallery_thumbnail-width":100,"woocommerce_gallery_thumbnail-height":100}},{"ID":13504,"id":13504,"title":"mo6997-04-detail","filename":"mo6997-04-detail.jpeg","filesize":57293,"url":"https:\/\/kind.ee\/wp-content\/uploads\/2023\/11\/mo6997-04-detail.jpeg","link":"https:\/\/kind.ee\/et\/?attachment_id=13504","alt":"","author":"4","description":"","caption":"","name":"mo6997-04-detail","status":"inherit","uploaded_to":13497,"date":"2023-11-02 10:50:29","modified":"2023-11-02 10:53:04","menu_order":0,"mime_type":"image\/jpeg","type":"image","subtype":"jpeg","icon":"https:\/\/kind.ee\/wp-includes\/images\/media\/default.png","width":700,"height":700,"sizes":{"thumbnail":"https:\/\/kind.ee\/wp-content\/uploads\/2023\/11\/mo6997-04-detail-150x150.jpeg","thumbnail-width":150,"thumbnail-height":150,"medium":"https:\/\/kind.ee\/wp-content\/uploads\/2023\/11\/mo6997-04-detail-300x300.jpeg","medium-width":300,"medium-height":300,"medium_large":"https:\/\/kind.ee\/wp-content\/uploads\/2023\/11\/mo6997-04-detail.jpeg","medium_large-width":700,"medium_large-height":700,"large":"https:\/\/kind.ee\/wp-content\/uploads\/2023\/11\/mo6997-04-detail.jpeg","large-width":700,"large-height":700,"1536x1536":"https:\/\/kind.ee\/wp-content\/uploads\/2023\/11\/mo6997-04-detail.jpeg","1536x1536-width":700,"1536x1536-height":700,"2048x2048":"https:\/\/kind.ee\/wp-content\/uploads\/2023\/11\/mo6997-04-detail.jpeg","2048x2048-width":700,"2048x2048-height":700,"galerii_large":"https:\/\/kind.ee\/wp-content\/uploads\/2023\/11\/mo6997-04-detail.jpeg","galerii_large-width":700,"galerii_large-height":700,"galerii_large_retina":"https:\/\/kind.ee\/wp-content\/uploads\/2023\/11\/mo6997-04-detail.jpeg","galerii_large_retina-width":700,"galerii_large_retina-height":700,"woocommerce_thumbnail":"https:\/\/kind.ee\/wp-content\/uploads\/2023\/11\/mo6997-04-detail-300x300.jpeg","woocommerce_thumbnail-width":300,"woocommerce_thumbnail-height":300,"woocommerce_single":"https:\/\/kind.ee\/wp-content\/uploads\/2023\/11\/mo6997-04-detail-600x600.jpeg","woocommerce_single-width":600,"woocommerce_single-height":600,"woocommerce_gallery_thumbnail":"https:\/\/kind.ee\/wp-content\/uploads\/2023\/11\/mo6997-04-detail-100x100.jpeg","woocommerce_gallery_thumbnail-width":100,"woocommerce_gallery_thumbnail-height":100}}],"varvikood":false,"varvid-native":false,"varvid-stedman":false,"varvikood-neutral":false,"varvid-sols":false,"midoceani_varvid":709,"purewaste":false,"beechfield-varvid":false,"bagbase":false,"mepal":false}],"tooteinfo":"Suur pingutusn\u00f6\u00f6ridega hoiukott, mille k\u00fcljel on lukuga v\u00e4listasku.","materjal":"rPET","varvus":""},"_links":{"self":[{"href":"https:\/\/kind.ee\/et\/wp-json\/wp\/v2\/product\/13497","targetHints":{"allow":["GET"]}}],"collection":[{"href":"https:\/\/kind.ee\/et\/wp-json\/wp\/v2\/product"}],"about":[{"href":"https:\/\/kind.ee\/et\/wp-json\/wp\/v2\/types\/product"}],"wp:featuredmedia":[{"embeddable":true,"href":"https:\/\/kind.ee\/et\/wp-json\/wp\/v2\/media\/13514"}],"wp:attachment":[{"href":"https:\/\/kind.ee\/et\/wp-json\/wp\/v2\/media?parent=13497"}],"wp:term":[{"taxonomy":"product_brand","embeddable":true,"href":"https:\/\/kind.ee\/et\/wp-json\/wp\/v2\/product_brand?post=13497"},{"taxonomy":"product_cat","embeddable":true,"href":"https:\/\/kind.ee\/et\/wp-json\/wp\/v2\/product_cat?post=13497"},{"taxonomy":"product_tag","embeddable":true,"href":"https:\/\/kind.ee\/et\/wp-json\/wp\/v2\/product_tag?post=13497"}],"curies":[{"name":"wp","href":"https:\/\/api.w.org\/{rel}","templated":true}]}}