{"id":13466,"date":"2023-11-02T10:38:53","date_gmt":"2023-11-02T10:38:53","guid":{"rendered":"https:\/\/kind.ee\/?post_type=product&#038;p=13466"},"modified":"2025-06-10T10:00:12","modified_gmt":"2025-06-10T10:00:12","slug":"lauanoude-piknikukomplekt-hudson","status":"publish","type":"product","link":"https:\/\/kind.ee\/et\/toode\/lauanoude-piknikukomplekt-hudson\/","title":{"rendered":"lauan\u00f5ude piknikukomplekt Hudson"},"content":{"rendered":"","protected":false},"excerpt":{"rendered":"","protected":false},"featured_media":13469,"template":"","meta":[],"product_brand":[],"product_cat":[616,624],"product_tag":[],"class_list":{"0":"post-13466","1":"product","2":"type-product","3":"status-publish","4":"has-post-thumbnail","6":"product_cat-meened","7":"product_cat-noud","9":"first","10":"instock","11":"shipping-taxable","12":"purchasable","13":"product-type-simple"},"acf":{"muugi_argumendid":[],"sertifikaadid":[],"season":[],"loige":"","suuruste_tabel":false,"paksus":"","min_kogus":"5","kangas":"","kanga-info":"","mootmed":"Laius: 5 cm<br \/>\r\nDiameeter: 26.5 cm<br \/>\r\nK\u00f5rgus: 26.5 cm<br \/>\r\nKaal: 730 g","toote_pildid_varvide_kaupa":[{"pildid":[{"ID":13469,"id":13469,"title":"mo6893-13-side","filename":"mo6893-13-side.jpeg","filesize":49699,"url":"https:\/\/kind.ee\/wp-content\/uploads\/2023\/11\/mo6893-13-side.jpeg","link":"https:\/\/kind.ee\/et\/?attachment_id=13469","alt":"","author":"4","description":"","caption":"","name":"mo6893-13-side","status":"inherit","uploaded_to":13466,"date":"2023-11-02 10:36:35","modified":"2023-11-02 10:36:35","menu_order":0,"mime_type":"image\/jpeg","type":"image","subtype":"jpeg","icon":"https:\/\/kind.ee\/wp-includes\/images\/media\/default.png","width":700,"height":700,"sizes":{"thumbnail":"https:\/\/kind.ee\/wp-content\/uploads\/2023\/11\/mo6893-13-side-150x150.jpeg","thumbnail-width":150,"thumbnail-height":150,"medium":"https:\/\/kind.ee\/wp-content\/uploads\/2023\/11\/mo6893-13-side-300x300.jpeg","medium-width":300,"medium-height":300,"medium_large":"https:\/\/kind.ee\/wp-content\/uploads\/2023\/11\/mo6893-13-side.jpeg","medium_large-width":700,"medium_large-height":700,"large":"https:\/\/kind.ee\/wp-content\/uploads\/2023\/11\/mo6893-13-side.jpeg","large-width":700,"large-height":700,"1536x1536":"https:\/\/kind.ee\/wp-content\/uploads\/2023\/11\/mo6893-13-side.jpeg","1536x1536-width":700,"1536x1536-height":700,"2048x2048":"https:\/\/kind.ee\/wp-content\/uploads\/2023\/11\/mo6893-13-side.jpeg","2048x2048-width":700,"2048x2048-height":700,"galerii_large":"https:\/\/kind.ee\/wp-content\/uploads\/2023\/11\/mo6893-13-side.jpeg","galerii_large-width":700,"galerii_large-height":700,"galerii_large_retina":"https:\/\/kind.ee\/wp-content\/uploads\/2023\/11\/mo6893-13-side.jpeg","galerii_large_retina-width":700,"galerii_large_retina-height":700,"woocommerce_thumbnail":"https:\/\/kind.ee\/wp-content\/uploads\/2023\/11\/mo6893-13-side-300x300.jpeg","woocommerce_thumbnail-width":300,"woocommerce_thumbnail-height":300,"woocommerce_single":"https:\/\/kind.ee\/wp-content\/uploads\/2023\/11\/mo6893-13-side-600x600.jpeg","woocommerce_single-width":600,"woocommerce_single-height":600,"woocommerce_gallery_thumbnail":"https:\/\/kind.ee\/wp-content\/uploads\/2023\/11\/mo6893-13-side-100x100.jpeg","woocommerce_gallery_thumbnail-width":100,"woocommerce_gallery_thumbnail-height":100}},{"ID":13471,"id":13471,"title":"mo6893-13","filename":"mo6893-13.jpeg","filesize":15445,"url":"https:\/\/kind.ee\/wp-content\/uploads\/2023\/11\/mo6893-13.jpeg","link":"https:\/\/kind.ee\/et\/?attachment_id=13471","alt":"","author":"4","description":"","caption":"","name":"mo6893-13","status":"inherit","uploaded_to":13466,"date":"2023-11-02 10:36:38","modified":"2023-11-02 10:36:38","menu_order":0,"mime_type":"image\/jpeg","type":"image","subtype":"jpeg","icon":"https:\/\/kind.ee\/wp-includes\/images\/media\/default.png","width":700,"height":700,"sizes":{"thumbnail":"https:\/\/kind.ee\/wp-content\/uploads\/2023\/11\/mo6893-13-150x150.jpeg","thumbnail-width":150,"thumbnail-height":150,"medium":"https:\/\/kind.ee\/wp-content\/uploads\/2023\/11\/mo6893-13-300x300.jpeg","medium-width":300,"medium-height":300,"medium_large":"https:\/\/kind.ee\/wp-content\/uploads\/2023\/11\/mo6893-13.jpeg","medium_large-width":700,"medium_large-height":700,"large":"https:\/\/kind.ee\/wp-content\/uploads\/2023\/11\/mo6893-13.jpeg","large-width":700,"large-height":700,"1536x1536":"https:\/\/kind.ee\/wp-content\/uploads\/2023\/11\/mo6893-13.jpeg","1536x1536-width":700,"1536x1536-height":700,"2048x2048":"https:\/\/kind.ee\/wp-content\/uploads\/2023\/11\/mo6893-13.jpeg","2048x2048-width":700,"2048x2048-height":700,"galerii_large":"https:\/\/kind.ee\/wp-content\/uploads\/2023\/11\/mo6893-13.jpeg","galerii_large-width":700,"galerii_large-height":700,"galerii_large_retina":"https:\/\/kind.ee\/wp-content\/uploads\/2023\/11\/mo6893-13.jpeg","galerii_large_retina-width":700,"galerii_large_retina-height":700,"woocommerce_thumbnail":"https:\/\/kind.ee\/wp-content\/uploads\/2023\/11\/mo6893-13-300x300.jpeg","woocommerce_thumbnail-width":300,"woocommerce_thumbnail-height":300,"woocommerce_single":"https:\/\/kind.ee\/wp-content\/uploads\/2023\/11\/mo6893-13-600x600.jpeg","woocommerce_single-width":600,"woocommerce_single-height":600,"woocommerce_gallery_thumbnail":"https:\/\/kind.ee\/wp-content\/uploads\/2023\/11\/mo6893-13-100x100.jpeg","woocommerce_gallery_thumbnail-width":100,"woocommerce_gallery_thumbnail-height":100}},{"ID":13467,"id":13467,"title":"mo6893-13-open","filename":"mo6893-13-open.jpeg","filesize":38682,"url":"https:\/\/kind.ee\/wp-content\/uploads\/2023\/11\/mo6893-13-open.jpeg","link":"https:\/\/kind.ee\/et\/?attachment_id=13467","alt":"","author":"4","description":"","caption":"","name":"mo6893-13-open","status":"inherit","uploaded_to":13466,"date":"2023-11-02 10:36:32","modified":"2023-11-02 10:38:05","menu_order":0,"mime_type":"image\/jpeg","type":"image","subtype":"jpeg","icon":"https:\/\/kind.ee\/wp-includes\/images\/media\/default.png","width":700,"height":700,"sizes":{"thumbnail":"https:\/\/kind.ee\/wp-content\/uploads\/2023\/11\/mo6893-13-open-150x150.jpeg","thumbnail-width":150,"thumbnail-height":150,"medium":"https:\/\/kind.ee\/wp-content\/uploads\/2023\/11\/mo6893-13-open-300x300.jpeg","medium-width":300,"medium-height":300,"medium_large":"https:\/\/kind.ee\/wp-content\/uploads\/2023\/11\/mo6893-13-open.jpeg","medium_large-width":700,"medium_large-height":700,"large":"https:\/\/kind.ee\/wp-content\/uploads\/2023\/11\/mo6893-13-open.jpeg","large-width":700,"large-height":700,"1536x1536":"https:\/\/kind.ee\/wp-content\/uploads\/2023\/11\/mo6893-13-open.jpeg","1536x1536-width":700,"1536x1536-height":700,"2048x2048":"https:\/\/kind.ee\/wp-content\/uploads\/2023\/11\/mo6893-13-open.jpeg","2048x2048-width":700,"2048x2048-height":700,"galerii_large":"https:\/\/kind.ee\/wp-content\/uploads\/2023\/11\/mo6893-13-open.jpeg","galerii_large-width":700,"galerii_large-height":700,"galerii_large_retina":"https:\/\/kind.ee\/wp-content\/uploads\/2023\/11\/mo6893-13-open.jpeg","galerii_large_retina-width":700,"galerii_large_retina-height":700,"woocommerce_thumbnail":"https:\/\/kind.ee\/wp-content\/uploads\/2023\/11\/mo6893-13-open-300x300.jpeg","woocommerce_thumbnail-width":300,"woocommerce_thumbnail-height":300,"woocommerce_single":"https:\/\/kind.ee\/wp-content\/uploads\/2023\/11\/mo6893-13-open-600x600.jpeg","woocommerce_single-width":600,"woocommerce_single-height":600,"woocommerce_gallery_thumbnail":"https:\/\/kind.ee\/wp-content\/uploads\/2023\/11\/mo6893-13-open-100x100.jpeg","woocommerce_gallery_thumbnail-width":100,"woocommerce_gallery_thumbnail-height":100}}],"varvikood":false,"varvid-native":false,"varvid-stedman":false,"varvikood-neutral":false,"varvid-sols":false,"midoceani_varvid":false,"purewaste":false,"beechfield-varvid":false,"bagbase":false,"mepal":false}],"tooteinfo":"Kaheinimese lauan\u00f5u piknikukomplekt, mis sisaldab kahvleid, nuge, lusikaid, taldrikuid, taskur\u00e4tikuid, v\u00e4ikest l\u00f5ikelauda ja pudeliavajat.","materjal":"Puuvill<br \/>\r\nBambus","varvus":""},"_links":{"self":[{"href":"https:\/\/kind.ee\/et\/wp-json\/wp\/v2\/product\/13466","targetHints":{"allow":["GET"]}}],"collection":[{"href":"https:\/\/kind.ee\/et\/wp-json\/wp\/v2\/product"}],"about":[{"href":"https:\/\/kind.ee\/et\/wp-json\/wp\/v2\/types\/product"}],"wp:featuredmedia":[{"embeddable":true,"href":"https:\/\/kind.ee\/et\/wp-json\/wp\/v2\/media\/13469"}],"wp:attachment":[{"href":"https:\/\/kind.ee\/et\/wp-json\/wp\/v2\/media?parent=13466"}],"wp:term":[{"taxonomy":"product_brand","embeddable":true,"href":"https:\/\/kind.ee\/et\/wp-json\/wp\/v2\/product_brand?post=13466"},{"taxonomy":"product_cat","embeddable":true,"href":"https:\/\/kind.ee\/et\/wp-json\/wp\/v2\/product_cat?post=13466"},{"taxonomy":"product_tag","embeddable":true,"href":"https:\/\/kind.ee\/et\/wp-json\/wp\/v2\/product_tag?post=13466"}],"curies":[{"name":"wp","href":"https:\/\/api.w.org\/{rel}","templated":true}]}}