{"id":13127,"date":"2023-11-02T06:30:01","date_gmt":"2023-11-02T06:30:01","guid":{"rendered":"https:\/\/kind.ee\/?post_type=product&#038;p=13127"},"modified":"2025-06-10T10:00:14","modified_gmt":"2025-06-10T10:00:14","slug":"joululohnaline-kuunal-citrus","status":"publish","type":"product","link":"https:\/\/kind.ee\/et\/toode\/joululohnaline-kuunal-citrus\/","title":{"rendered":"j\u00f5ulul\u00f5hnaline k\u00fc\u00fcnal Citrus"},"content":{"rendered":"","protected":false},"excerpt":{"rendered":"","protected":false},"featured_media":13132,"template":"","meta":[],"product_brand":[],"product_cat":[619,616],"product_tag":[],"class_list":{"0":"post-13127","1":"product","2":"type-product","3":"status-publish","4":"has-post-thumbnail","6":"product_cat-kodu","7":"product_cat-meened","9":"first","10":"instock","11":"shipping-taxable","12":"purchasable","13":"product-type-simple"},"acf":{"muugi_argumendid":[],"sertifikaadid":[],"season":[],"loige":"","suuruste_tabel":false,"paksus":"","min_kogus":"5","kangas":"","kanga-info":"","mootmed":"K\u00f5rgus: 8 cm <br \/>\r\nDiameeter: 11 cm <br \/>\r\nKaal: 750 g","toote_pildid_varvide_kaupa":[{"pildid":[{"ID":13130,"id":13130,"title":"mo2078-06-detail","filename":"mo2078-06-detail.jpeg","filesize":34666,"url":"https:\/\/kind.ee\/wp-content\/uploads\/2023\/11\/mo2078-06-detail.jpeg","link":"https:\/\/kind.ee\/et\/?attachment_id=13130","alt":"","author":"4","description":"","caption":"","name":"mo2078-06-detail","status":"inherit","uploaded_to":13127,"date":"2023-11-02 06:28:48","modified":"2023-11-02 06:28:48","menu_order":0,"mime_type":"image\/jpeg","type":"image","subtype":"jpeg","icon":"https:\/\/kind.ee\/wp-includes\/images\/media\/default.png","width":700,"height":700,"sizes":{"thumbnail":"https:\/\/kind.ee\/wp-content\/uploads\/2023\/11\/mo2078-06-detail-150x150.jpeg","thumbnail-width":150,"thumbnail-height":150,"medium":"https:\/\/kind.ee\/wp-content\/uploads\/2023\/11\/mo2078-06-detail-300x300.jpeg","medium-width":300,"medium-height":300,"medium_large":"https:\/\/kind.ee\/wp-content\/uploads\/2023\/11\/mo2078-06-detail.jpeg","medium_large-width":700,"medium_large-height":700,"large":"https:\/\/kind.ee\/wp-content\/uploads\/2023\/11\/mo2078-06-detail.jpeg","large-width":700,"large-height":700,"1536x1536":"https:\/\/kind.ee\/wp-content\/uploads\/2023\/11\/mo2078-06-detail.jpeg","1536x1536-width":700,"1536x1536-height":700,"2048x2048":"https:\/\/kind.ee\/wp-content\/uploads\/2023\/11\/mo2078-06-detail.jpeg","2048x2048-width":700,"2048x2048-height":700,"galerii_large":"https:\/\/kind.ee\/wp-content\/uploads\/2023\/11\/mo2078-06-detail.jpeg","galerii_large-width":700,"galerii_large-height":700,"galerii_large_retina":"https:\/\/kind.ee\/wp-content\/uploads\/2023\/11\/mo2078-06-detail.jpeg","galerii_large_retina-width":700,"galerii_large_retina-height":700,"woocommerce_thumbnail":"https:\/\/kind.ee\/wp-content\/uploads\/2023\/11\/mo2078-06-detail-300x300.jpeg","woocommerce_thumbnail-width":300,"woocommerce_thumbnail-height":300,"woocommerce_single":"https:\/\/kind.ee\/wp-content\/uploads\/2023\/11\/mo2078-06-detail-600x600.jpeg","woocommerce_single-width":600,"woocommerce_single-height":600,"woocommerce_gallery_thumbnail":"https:\/\/kind.ee\/wp-content\/uploads\/2023\/11\/mo2078-06-detail-100x100.jpeg","woocommerce_gallery_thumbnail-width":100,"woocommerce_gallery_thumbnail-height":100}},{"ID":13132,"id":13132,"title":"mo2078-06","filename":"mo2078-06.jpeg","filesize":34226,"url":"https:\/\/kind.ee\/wp-content\/uploads\/2023\/11\/mo2078-06.jpeg","link":"https:\/\/kind.ee\/et\/?attachment_id=13132","alt":"","author":"4","description":"","caption":"","name":"mo2078-06","status":"inherit","uploaded_to":13127,"date":"2023-11-02 06:28:50","modified":"2023-11-02 06:28:50","menu_order":0,"mime_type":"image\/jpeg","type":"image","subtype":"jpeg","icon":"https:\/\/kind.ee\/wp-includes\/images\/media\/default.png","width":700,"height":700,"sizes":{"thumbnail":"https:\/\/kind.ee\/wp-content\/uploads\/2023\/11\/mo2078-06-150x150.jpeg","thumbnail-width":150,"thumbnail-height":150,"medium":"https:\/\/kind.ee\/wp-content\/uploads\/2023\/11\/mo2078-06-300x300.jpeg","medium-width":300,"medium-height":300,"medium_large":"https:\/\/kind.ee\/wp-content\/uploads\/2023\/11\/mo2078-06.jpeg","medium_large-width":700,"medium_large-height":700,"large":"https:\/\/kind.ee\/wp-content\/uploads\/2023\/11\/mo2078-06.jpeg","large-width":700,"large-height":700,"1536x1536":"https:\/\/kind.ee\/wp-content\/uploads\/2023\/11\/mo2078-06.jpeg","1536x1536-width":700,"1536x1536-height":700,"2048x2048":"https:\/\/kind.ee\/wp-content\/uploads\/2023\/11\/mo2078-06.jpeg","2048x2048-width":700,"2048x2048-height":700,"galerii_large":"https:\/\/kind.ee\/wp-content\/uploads\/2023\/11\/mo2078-06.jpeg","galerii_large-width":700,"galerii_large-height":700,"galerii_large_retina":"https:\/\/kind.ee\/wp-content\/uploads\/2023\/11\/mo2078-06.jpeg","galerii_large_retina-width":700,"galerii_large_retina-height":700,"woocommerce_thumbnail":"https:\/\/kind.ee\/wp-content\/uploads\/2023\/11\/mo2078-06-300x300.jpeg","woocommerce_thumbnail-width":300,"woocommerce_thumbnail-height":300,"woocommerce_single":"https:\/\/kind.ee\/wp-content\/uploads\/2023\/11\/mo2078-06-600x600.jpeg","woocommerce_single-width":600,"woocommerce_single-height":600,"woocommerce_gallery_thumbnail":"https:\/\/kind.ee\/wp-content\/uploads\/2023\/11\/mo2078-06-100x100.jpeg","woocommerce_gallery_thumbnail-width":100,"woocommerce_gallery_thumbnail-height":100}},{"ID":13128,"id":13128,"title":"mo2078-06-back","filename":"mo2078-06-back.jpeg","filesize":20980,"url":"https:\/\/kind.ee\/wp-content\/uploads\/2023\/11\/mo2078-06-back.jpeg","link":"https:\/\/kind.ee\/et\/?attachment_id=13128","alt":"","author":"4","description":"","caption":"","name":"mo2078-06-back","status":"inherit","uploaded_to":13127,"date":"2023-11-02 06:28:45","modified":"2023-11-02 07:03:41","menu_order":0,"mime_type":"image\/jpeg","type":"image","subtype":"jpeg","icon":"https:\/\/kind.ee\/wp-includes\/images\/media\/default.png","width":700,"height":700,"sizes":{"thumbnail":"https:\/\/kind.ee\/wp-content\/uploads\/2023\/11\/mo2078-06-back-150x150.jpeg","thumbnail-width":150,"thumbnail-height":150,"medium":"https:\/\/kind.ee\/wp-content\/uploads\/2023\/11\/mo2078-06-back-300x300.jpeg","medium-width":300,"medium-height":300,"medium_large":"https:\/\/kind.ee\/wp-content\/uploads\/2023\/11\/mo2078-06-back.jpeg","medium_large-width":700,"medium_large-height":700,"large":"https:\/\/kind.ee\/wp-content\/uploads\/2023\/11\/mo2078-06-back.jpeg","large-width":700,"large-height":700,"1536x1536":"https:\/\/kind.ee\/wp-content\/uploads\/2023\/11\/mo2078-06-back.jpeg","1536x1536-width":700,"1536x1536-height":700,"2048x2048":"https:\/\/kind.ee\/wp-content\/uploads\/2023\/11\/mo2078-06-back.jpeg","2048x2048-width":700,"2048x2048-height":700,"galerii_large":"https:\/\/kind.ee\/wp-content\/uploads\/2023\/11\/mo2078-06-back.jpeg","galerii_large-width":700,"galerii_large-height":700,"galerii_large_retina":"https:\/\/kind.ee\/wp-content\/uploads\/2023\/11\/mo2078-06-back.jpeg","galerii_large_retina-width":700,"galerii_large_retina-height":700,"woocommerce_thumbnail":"https:\/\/kind.ee\/wp-content\/uploads\/2023\/11\/mo2078-06-back-300x300.jpeg","woocommerce_thumbnail-width":300,"woocommerce_thumbnail-height":300,"woocommerce_single":"https:\/\/kind.ee\/wp-content\/uploads\/2023\/11\/mo2078-06-back-600x600.jpeg","woocommerce_single-width":600,"woocommerce_single-height":600,"woocommerce_gallery_thumbnail":"https:\/\/kind.ee\/wp-content\/uploads\/2023\/11\/mo2078-06-back-100x100.jpeg","woocommerce_gallery_thumbnail-width":100,"woocommerce_gallery_thumbnail-height":100}}],"varvikood":false,"varvid-native":false,"varvid-stedman":false,"varvikood-neutral":false,"varvid-sols":false,"midoceani_varvid":false,"purewaste":false,"beechfield-varvid":false,"bagbase":false,"mepal":false}],"tooteinfo":"Kaneeli ja tsitruse l\u00f5hnaga vahak\u00fc\u00fcnal koos kuivatatud lillede ja puuviljadega. P\u00f5lemisaeg kuni 50 tundi.","materjal":"Klaas","varvus":""},"_links":{"self":[{"href":"https:\/\/kind.ee\/et\/wp-json\/wp\/v2\/product\/13127","targetHints":{"allow":["GET"]}}],"collection":[{"href":"https:\/\/kind.ee\/et\/wp-json\/wp\/v2\/product"}],"about":[{"href":"https:\/\/kind.ee\/et\/wp-json\/wp\/v2\/types\/product"}],"wp:featuredmedia":[{"embeddable":true,"href":"https:\/\/kind.ee\/et\/wp-json\/wp\/v2\/media\/13132"}],"wp:attachment":[{"href":"https:\/\/kind.ee\/et\/wp-json\/wp\/v2\/media?parent=13127"}],"wp:term":[{"taxonomy":"product_brand","embeddable":true,"href":"https:\/\/kind.ee\/et\/wp-json\/wp\/v2\/product_brand?post=13127"},{"taxonomy":"product_cat","embeddable":true,"href":"https:\/\/kind.ee\/et\/wp-json\/wp\/v2\/product_cat?post=13127"},{"taxonomy":"product_tag","embeddable":true,"href":"https:\/\/kind.ee\/et\/wp-json\/wp\/v2\/product_tag?post=13127"}],"curies":[{"name":"wp","href":"https:\/\/api.w.org\/{rel}","templated":true}]}}