{"id":10077,"date":"2023-05-04T10:23:17","date_gmt":"2023-05-04T10:23:17","guid":{"rendered":"https:\/\/kind.ee\/?post_type=product&#038;p=10077"},"modified":"2025-06-10T10:00:14","modified_gmt":"2025-06-10T10:00:14","slug":"laadijaga-pliiatsihoidja","status":"publish","type":"product","link":"https:\/\/kind.ee\/et\/toode\/laadijaga-pliiatsihoidja\/","title":{"rendered":"laadijaga pliiatsihoidja"},"content":{"rendered":"","protected":false},"excerpt":{"rendered":"","protected":false},"featured_media":10080,"template":"","meta":[],"product_brand":[],"product_cat":[620,616,625],"product_tag":[],"class_list":{"0":"post-10077","1":"product","2":"type-product","3":"status-publish","4":"has-post-thumbnail","6":"product_cat-kontor","7":"product_cat-meened","8":"product_cat-tehnika","10":"first","11":"instock","12":"shipping-taxable","13":"purchasable","14":"product-type-simple"},"acf":{"muugi_argumendid":[],"sertifikaadid":[],"season":[],"loige":"","suuruste_tabel":false,"paksus":"","min_kogus":"5","kangas":"","kanga-info":"","toote_pildid_varvide_kaupa":[{"pildid":[{"ID":10082,"id":10082,"title":"ap722168_1kltu7da","filename":"ap722168_1kltu7da.png","filesize":1380744,"url":"https:\/\/kind.ee\/wp-content\/uploads\/2023\/05\/ap722168_1kltu7da.png","link":"https:\/\/kind.ee\/et\/?attachment_id=10082","alt":"","author":"1","description":"","caption":"","name":"ap722168_1kltu7da","status":"inherit","uploaded_to":10077,"date":"2023-05-04 10:19:23","modified":"2023-05-04 10:19:23","menu_order":0,"mime_type":"image\/png","type":"image","subtype":"png","icon":"https:\/\/kind.ee\/wp-includes\/images\/media\/default.png","width":1104,"height":1250,"sizes":{"thumbnail":"https:\/\/kind.ee\/wp-content\/uploads\/2023\/05\/ap722168_1kltu7da-150x150.png","thumbnail-width":150,"thumbnail-height":150,"medium":"https:\/\/kind.ee\/wp-content\/uploads\/2023\/05\/ap722168_1kltu7da-265x300.png","medium-width":265,"medium-height":300,"medium_large":"https:\/\/kind.ee\/wp-content\/uploads\/2023\/05\/ap722168_1kltu7da-768x870.png","medium_large-width":768,"medium_large-height":870,"large":"https:\/\/kind.ee\/wp-content\/uploads\/2023\/05\/ap722168_1kltu7da-904x1024.png","large-width":904,"large-height":1024,"1536x1536":"https:\/\/kind.ee\/wp-content\/uploads\/2023\/05\/ap722168_1kltu7da.png","1536x1536-width":1104,"1536x1536-height":1250,"2048x2048":"https:\/\/kind.ee\/wp-content\/uploads\/2023\/05\/ap722168_1kltu7da.png","2048x2048-width":1104,"2048x2048-height":1250,"galerii_large":"https:\/\/kind.ee\/wp-content\/uploads\/2023\/05\/ap722168_1kltu7da-800x906.png","galerii_large-width":800,"galerii_large-height":906,"galerii_large_retina":"https:\/\/kind.ee\/wp-content\/uploads\/2023\/05\/ap722168_1kltu7da.png","galerii_large_retina-width":1104,"galerii_large_retina-height":1250,"woocommerce_thumbnail":"https:\/\/kind.ee\/wp-content\/uploads\/2023\/05\/ap722168_1kltu7da-300x300.png","woocommerce_thumbnail-width":300,"woocommerce_thumbnail-height":300,"woocommerce_single":"https:\/\/kind.ee\/wp-content\/uploads\/2023\/05\/ap722168_1kltu7da-600x679.png","woocommerce_single-width":600,"woocommerce_single-height":679,"woocommerce_gallery_thumbnail":"https:\/\/kind.ee\/wp-content\/uploads\/2023\/05\/ap722168_1kltu7da-100x100.png","woocommerce_gallery_thumbnail-width":100,"woocommerce_gallery_thumbnail-height":100}},{"ID":10078,"id":10078,"title":"ap722168-fc2_fkdw7r6w","filename":"ap722168-fc2_fkdw7r6w.png","filesize":406250,"url":"https:\/\/kind.ee\/wp-content\/uploads\/2023\/05\/ap722168-fc2_fkdw7r6w.png","link":"https:\/\/kind.ee\/et\/?attachment_id=10078","alt":"","author":"1","description":"","caption":"","name":"ap722168-fc2_fkdw7r6w","status":"inherit","uploaded_to":10077,"date":"2023-05-04 10:19:15","modified":"2023-11-02 07:48:47","menu_order":0,"mime_type":"image\/png","type":"image","subtype":"png","icon":"https:\/\/kind.ee\/wp-includes\/images\/media\/default.png","width":1250,"height":833,"sizes":{"thumbnail":"https:\/\/kind.ee\/wp-content\/uploads\/2023\/05\/ap722168-fc2_fkdw7r6w-150x150.png","thumbnail-width":150,"thumbnail-height":150,"medium":"https:\/\/kind.ee\/wp-content\/uploads\/2023\/05\/ap722168-fc2_fkdw7r6w-300x200.png","medium-width":300,"medium-height":200,"medium_large":"https:\/\/kind.ee\/wp-content\/uploads\/2023\/05\/ap722168-fc2_fkdw7r6w-768x512.png","medium_large-width":768,"medium_large-height":512,"large":"https:\/\/kind.ee\/wp-content\/uploads\/2023\/05\/ap722168-fc2_fkdw7r6w-1024x682.png","large-width":1024,"large-height":682,"1536x1536":"https:\/\/kind.ee\/wp-content\/uploads\/2023\/05\/ap722168-fc2_fkdw7r6w.png","1536x1536-width":1250,"1536x1536-height":833,"2048x2048":"https:\/\/kind.ee\/wp-content\/uploads\/2023\/05\/ap722168-fc2_fkdw7r6w.png","2048x2048-width":1250,"2048x2048-height":833,"galerii_large":"https:\/\/kind.ee\/wp-content\/uploads\/2023\/05\/ap722168-fc2_fkdw7r6w-800x533.png","galerii_large-width":800,"galerii_large-height":533,"galerii_large_retina":"https:\/\/kind.ee\/wp-content\/uploads\/2023\/05\/ap722168-fc2_fkdw7r6w.png","galerii_large_retina-width":1250,"galerii_large_retina-height":833,"woocommerce_thumbnail":"https:\/\/kind.ee\/wp-content\/uploads\/2023\/05\/ap722168-fc2_fkdw7r6w-300x300.png","woocommerce_thumbnail-width":300,"woocommerce_thumbnail-height":300,"woocommerce_single":"https:\/\/kind.ee\/wp-content\/uploads\/2023\/05\/ap722168-fc2_fkdw7r6w-600x400.png","woocommerce_single-width":600,"woocommerce_single-height":400,"woocommerce_gallery_thumbnail":"https:\/\/kind.ee\/wp-content\/uploads\/2023\/05\/ap722168-fc2_fkdw7r6w-100x100.png","woocommerce_gallery_thumbnail-width":100,"woocommerce_gallery_thumbnail-height":100}},{"ID":10080,"id":10080,"title":"ap722168-fc1_xk6wl8q9","filename":"ap722168-fc1_xk6wl8q9-e1699020221595.png","filesize":453918,"url":"https:\/\/kind.ee\/wp-content\/uploads\/2023\/05\/ap722168-fc1_xk6wl8q9-e1699020221595.png","link":"https:\/\/kind.ee\/et\/?attachment_id=10080","alt":"","author":"1","description":"","caption":"","name":"ap722168-fc1_xk6wl8q9","status":"inherit","uploaded_to":10077,"date":"2023-05-04 10:19:18","modified":"2023-05-04 10:19:18","menu_order":0,"mime_type":"image\/png","type":"image","subtype":"png","icon":"https:\/\/kind.ee\/wp-includes\/images\/media\/default.png","width":810,"height":958,"sizes":{"thumbnail":"https:\/\/kind.ee\/wp-content\/uploads\/2023\/05\/ap722168-fc1_xk6wl8q9-e1699020221595-150x150.png","thumbnail-width":150,"thumbnail-height":150,"medium":"https:\/\/kind.ee\/wp-content\/uploads\/2023\/05\/ap722168-fc1_xk6wl8q9-e1699020221595-254x300.png","medium-width":254,"medium-height":300,"medium_large":"https:\/\/kind.ee\/wp-content\/uploads\/2023\/05\/ap722168-fc1_xk6wl8q9-e1699020221595-768x908.png","medium_large-width":768,"medium_large-height":908,"large":"https:\/\/kind.ee\/wp-content\/uploads\/2023\/05\/ap722168-fc1_xk6wl8q9-e1699020221595.png","large-width":810,"large-height":958,"1536x1536":"https:\/\/kind.ee\/wp-content\/uploads\/2023\/05\/ap722168-fc1_xk6wl8q9-e1699020221595.png","1536x1536-width":810,"1536x1536-height":958,"2048x2048":"https:\/\/kind.ee\/wp-content\/uploads\/2023\/05\/ap722168-fc1_xk6wl8q9-e1699020221595.png","2048x2048-width":810,"2048x2048-height":958,"galerii_large":"https:\/\/kind.ee\/wp-content\/uploads\/2023\/05\/ap722168-fc1_xk6wl8q9-e1699020221595-800x946.png","galerii_large-width":800,"galerii_large-height":946,"galerii_large_retina":"https:\/\/kind.ee\/wp-content\/uploads\/2023\/05\/ap722168-fc1_xk6wl8q9-e1699020221595.png","galerii_large_retina-width":810,"galerii_large_retina-height":958,"woocommerce_thumbnail":"https:\/\/kind.ee\/wp-content\/uploads\/2023\/05\/ap722168-fc1_xk6wl8q9-e1699020221595-300x300.png","woocommerce_thumbnail-width":300,"woocommerce_thumbnail-height":300,"woocommerce_single":"https:\/\/kind.ee\/wp-content\/uploads\/2023\/05\/ap722168-fc1_xk6wl8q9-e1699020221595-600x710.png","woocommerce_single-width":600,"woocommerce_single-height":710,"woocommerce_gallery_thumbnail":"https:\/\/kind.ee\/wp-content\/uploads\/2023\/05\/ap722168-fc1_xk6wl8q9-e1699020221595-100x100.png","woocommerce_gallery_thumbnail-width":100,"woocommerce_gallery_thumbnail-height":100}}],"varvikood":false,"varvid-native":false,"varvid-stedman":false,"varvikood-neutral":false,"varvid-sols":false,"midoceani_varvid":false,"purewaste":false,"beechfield-varvid":false,"bagbase":false,"mepal":false}],"tooteinfo":"Kirjutusvahendite hoiustaja ja nutitelefoni laadija, mis aitab hoida t\u00f6\u00f6laua korras. \u00dchildatav Androidi ja iPhone seadmetega.","mootmed":"K\u00f5rgus: 11.5 cm<br \/>\r\nLaius: 7.7 cm<br \/>\r\nKaal: 190 g","materjal":"Bambus","varvus":""},"_links":{"self":[{"href":"https:\/\/kind.ee\/et\/wp-json\/wp\/v2\/product\/10077","targetHints":{"allow":["GET"]}}],"collection":[{"href":"https:\/\/kind.ee\/et\/wp-json\/wp\/v2\/product"}],"about":[{"href":"https:\/\/kind.ee\/et\/wp-json\/wp\/v2\/types\/product"}],"wp:featuredmedia":[{"embeddable":true,"href":"https:\/\/kind.ee\/et\/wp-json\/wp\/v2\/media\/10080"}],"wp:attachment":[{"href":"https:\/\/kind.ee\/et\/wp-json\/wp\/v2\/media?parent=10077"}],"wp:term":[{"taxonomy":"product_brand","embeddable":true,"href":"https:\/\/kind.ee\/et\/wp-json\/wp\/v2\/product_brand?post=10077"},{"taxonomy":"product_cat","embeddable":true,"href":"https:\/\/kind.ee\/et\/wp-json\/wp\/v2\/product_cat?post=10077"},{"taxonomy":"product_tag","embeddable":true,"href":"https:\/\/kind.ee\/et\/wp-json\/wp\/v2\/product_tag?post=10077"}],"curies":[{"name":"wp","href":"https:\/\/api.w.org\/{rel}","templated":true}]}}