{"id":10064,"date":"2023-05-04T10:06:39","date_gmt":"2023-05-04T10:06:39","guid":{"rendered":"https:\/\/kind.ee\/?post_type=product&#038;p=10064"},"modified":"2025-06-10T10:00:14","modified_gmt":"2025-06-10T10:00:14","slug":"multifunktsionaalne-kontorilamp","status":"publish","type":"product","link":"https:\/\/kind.ee\/et\/toode\/multifunktsionaalne-kontorilamp\/","title":{"rendered":"multifunktsionaalne kontorilamp"},"content":{"rendered":"","protected":false},"excerpt":{"rendered":"","protected":false},"featured_media":16874,"template":"","meta":[],"product_brand":[],"product_cat":[620,616],"product_tag":[],"class_list":{"0":"post-10064","1":"product","2":"type-product","3":"status-publish","4":"has-post-thumbnail","6":"product_cat-kontor","7":"product_cat-meened","9":"first","10":"instock","11":"shipping-taxable","12":"purchasable","13":"product-type-simple"},"acf":{"muugi_argumendid":[],"sertifikaadid":[],"season":[],"loige":"","suuruste_tabel":false,"paksus":"","min_kogus":"5","kangas":"","kanga-info":"","toote_pildid_varvide_kaupa":[{"pildid":[{"ID":16874,"id":16874,"title":"mo6346-40","filename":"mo6346-40-e1699783837339.jpeg","filesize":16003,"url":"https:\/\/kind.ee\/wp-content\/uploads\/2023\/05\/mo6346-40-e1699783837339.jpeg","link":"https:\/\/kind.ee\/et\/?attachment_id=16874","alt":"","author":"4","description":"","caption":"","name":"mo6346-40","status":"inherit","uploaded_to":10064,"date":"2023-11-12 09:58:23","modified":"2023-11-12 09:58:23","menu_order":0,"mime_type":"image\/jpeg","type":"image","subtype":"jpeg","icon":"https:\/\/kind.ee\/wp-includes\/images\/media\/default.png","width":597,"height":700,"sizes":{"thumbnail":"https:\/\/kind.ee\/wp-content\/uploads\/2023\/05\/mo6346-40-e1699783837339-150x150.jpeg","thumbnail-width":150,"thumbnail-height":150,"medium":"https:\/\/kind.ee\/wp-content\/uploads\/2023\/05\/mo6346-40-e1699783837339-256x300.jpeg","medium-width":256,"medium-height":300,"medium_large":"https:\/\/kind.ee\/wp-content\/uploads\/2023\/05\/mo6346-40-e1699783837339.jpeg","medium_large-width":597,"medium_large-height":700,"large":"https:\/\/kind.ee\/wp-content\/uploads\/2023\/05\/mo6346-40-e1699783837339.jpeg","large-width":597,"large-height":700,"1536x1536":"https:\/\/kind.ee\/wp-content\/uploads\/2023\/05\/mo6346-40-e1699783837339.jpeg","1536x1536-width":597,"1536x1536-height":700,"2048x2048":"https:\/\/kind.ee\/wp-content\/uploads\/2023\/05\/mo6346-40-e1699783837339.jpeg","2048x2048-width":597,"2048x2048-height":700,"galerii_large":"https:\/\/kind.ee\/wp-content\/uploads\/2023\/05\/mo6346-40-e1699783837339.jpeg","galerii_large-width":597,"galerii_large-height":700,"galerii_large_retina":"https:\/\/kind.ee\/wp-content\/uploads\/2023\/05\/mo6346-40-e1699783837339.jpeg","galerii_large_retina-width":597,"galerii_large_retina-height":700,"woocommerce_thumbnail":"https:\/\/kind.ee\/wp-content\/uploads\/2023\/05\/mo6346-40-e1699783837339-300x300.jpeg","woocommerce_thumbnail-width":300,"woocommerce_thumbnail-height":300,"woocommerce_single":"https:\/\/kind.ee\/wp-content\/uploads\/2023\/05\/mo6346-40-e1699783837339.jpeg","woocommerce_single-width":597,"woocommerce_single-height":700,"woocommerce_gallery_thumbnail":"https:\/\/kind.ee\/wp-content\/uploads\/2023\/05\/mo6346-40-e1699783837339-100x100.jpeg","woocommerce_gallery_thumbnail-width":100,"woocommerce_gallery_thumbnail-height":100}},{"ID":16872,"id":16872,"title":"mo6346-40-side","filename":"mo6346-40-side.jpeg","filesize":19728,"url":"https:\/\/kind.ee\/wp-content\/uploads\/2023\/05\/mo6346-40-side.jpeg","link":"https:\/\/kind.ee\/et\/?attachment_id=16872","alt":"","author":"4","description":"","caption":"","name":"mo6346-40-side","status":"inherit","uploaded_to":10064,"date":"2023-11-12 09:58:20","modified":"2023-11-12 09:59:58","menu_order":0,"mime_type":"image\/jpeg","type":"image","subtype":"jpeg","icon":"https:\/\/kind.ee\/wp-includes\/images\/media\/default.png","width":700,"height":700,"sizes":{"thumbnail":"https:\/\/kind.ee\/wp-content\/uploads\/2023\/05\/mo6346-40-side-150x150.jpeg","thumbnail-width":150,"thumbnail-height":150,"medium":"https:\/\/kind.ee\/wp-content\/uploads\/2023\/05\/mo6346-40-side-300x300.jpeg","medium-width":300,"medium-height":300,"medium_large":"https:\/\/kind.ee\/wp-content\/uploads\/2023\/05\/mo6346-40-side.jpeg","medium_large-width":700,"medium_large-height":700,"large":"https:\/\/kind.ee\/wp-content\/uploads\/2023\/05\/mo6346-40-side.jpeg","large-width":700,"large-height":700,"1536x1536":"https:\/\/kind.ee\/wp-content\/uploads\/2023\/05\/mo6346-40-side.jpeg","1536x1536-width":700,"1536x1536-height":700,"2048x2048":"https:\/\/kind.ee\/wp-content\/uploads\/2023\/05\/mo6346-40-side.jpeg","2048x2048-width":700,"2048x2048-height":700,"galerii_large":"https:\/\/kind.ee\/wp-content\/uploads\/2023\/05\/mo6346-40-side.jpeg","galerii_large-width":700,"galerii_large-height":700,"galerii_large_retina":"https:\/\/kind.ee\/wp-content\/uploads\/2023\/05\/mo6346-40-side.jpeg","galerii_large_retina-width":700,"galerii_large_retina-height":700,"woocommerce_thumbnail":"https:\/\/kind.ee\/wp-content\/uploads\/2023\/05\/mo6346-40-side-300x300.jpeg","woocommerce_thumbnail-width":300,"woocommerce_thumbnail-height":300,"woocommerce_single":"https:\/\/kind.ee\/wp-content\/uploads\/2023\/05\/mo6346-40-side-600x600.jpeg","woocommerce_single-width":600,"woocommerce_single-height":600,"woocommerce_gallery_thumbnail":"https:\/\/kind.ee\/wp-content\/uploads\/2023\/05\/mo6346-40-side-100x100.jpeg","woocommerce_gallery_thumbnail-width":100,"woocommerce_gallery_thumbnail-height":100}}],"varvikood":false,"varvid-native":false,"varvid-stedman":false,"varvikood-neutral":false,"varvid-sols":false,"midoceani_varvid":false,"purewaste":false,"beechfield-varvid":false,"bagbase":false,"mepal":false}],"tooteinfo":"Kokkupandav multifunktsionaalne laualamp, mis n\u00e4eb stiilne v\u00e4lja igas kontoris v\u00f5i t\u00f6\u00f6ruumis. Valguse sissel\u00fclitamiseks on aluse sisse integreeritud puutetundlikud nupud. Korraga on v\u00f5imalik laadida mitut seadet - juhtmevabalt kui ka USB juhtmega.","mootmed":"K\u00f5rgus: 45.5 cm<br \/>\r\nPikkus: 12.2 cm<br \/>\r\nLaius: 16.9 cm<br \/>\r\nKaal: 550 g","materjal":"Bambus","varvus":""},"_links":{"self":[{"href":"https:\/\/kind.ee\/et\/wp-json\/wp\/v2\/product\/10064","targetHints":{"allow":["GET"]}}],"collection":[{"href":"https:\/\/kind.ee\/et\/wp-json\/wp\/v2\/product"}],"about":[{"href":"https:\/\/kind.ee\/et\/wp-json\/wp\/v2\/types\/product"}],"wp:featuredmedia":[{"embeddable":true,"href":"https:\/\/kind.ee\/et\/wp-json\/wp\/v2\/media\/16874"}],"wp:attachment":[{"href":"https:\/\/kind.ee\/et\/wp-json\/wp\/v2\/media?parent=10064"}],"wp:term":[{"taxonomy":"product_brand","embeddable":true,"href":"https:\/\/kind.ee\/et\/wp-json\/wp\/v2\/product_brand?post=10064"},{"taxonomy":"product_cat","embeddable":true,"href":"https:\/\/kind.ee\/et\/wp-json\/wp\/v2\/product_cat?post=10064"},{"taxonomy":"product_tag","embeddable":true,"href":"https:\/\/kind.ee\/et\/wp-json\/wp\/v2\/product_tag?post=10064"}],"curies":[{"name":"wp","href":"https:\/\/api.w.org\/{rel}","templated":true}]}}