









{"id":736,"date":"2021-09-08T06:05:49","date_gmt":"2021-09-08T06:05:49","guid":{"rendered":"http:\/\/kind.ee\/test2020?page_id=736"},"modified":"2022-08-03T14:08:21","modified_gmt":"2022-08-03T14:08:21","slug":"vastused","status":"publish","type":"page","link":"https:\/\/kind.ee\/et\/vastused\/","title":{"rendered":"Vastused"},"content":{"rendered":"\n\n<h2 class=\"module-heading\">\n\n\t        <div class=\"text-pink lowercase font-medium font-wider\">\n\t\t\ttooted        <\/div>\n\t\n<\/h2>\n\n<div class=\"desc\">\n\t<\/div>\n\n\n<div class=\"faqCont mb-16   \">\n\n\t\n\n                <div class=\"item d-flex\">\n\n                    <div class=\"question  font-bold  mb-2 cursor-pointer relative\">\n\t\t\t\t\t\tMilliseid tr\u00fckitehnikaid peamiselt kasutate?                        <div class=\"arrow down absolute mt-3 sm:mt-1\"><\/div>\n                    <\/div>\n                    <div class=\"answer  text-content pb-6 animated fadeIn\">\n\t\t\t\t\t\t\n<p>Peamised tr\u00fckitehnikad, mida esindame on siiditr\u00fckk, DTG, tikand, sublimatsioon, latex, tinditehnika, pimetr\u00fckk, surutr\u00fckk, offset, graveerimine, uv jt. Tr\u00fckitehnikate valiku juures hindame k\u00f5rgelt looduss\u00f5bralikkust ja kvaliteetset tr\u00fckij\u00e4lge. Tr\u00fckitehnikate kohta kirjutame regulaarselt enda blogis ja keerulisemate k\u00fcsimuste korral v\u00f5ib kokkuleppida videokohtumise kodulehelt!<\/p>\n                    <\/div>\n\n                <\/div>\n\t\t\t\t\n\n                <div class=\"item d-flex\">\n\n                    <div class=\"question  font-bold  mb-2 cursor-pointer relative\">\n\t\t\t\t\t\tMiks eelistada rohelisi tooteid v\u00f5i materjale?                        <div class=\"arrow down absolute mt-3 sm:mt-1\"><\/div>\n                    <\/div>\n                    <div class=\"answer  text-content pb-6 animated fadeIn\">\n\t\t\t\t\t\t\n<p>Rohetooted on puhta l\u00f5hnaga v\u00f5i l\u00f5hnata, tervislikumad tarbijale ja keskkonnale. Nad pakuvad tugevamat emotsiooni, sest n\u00e4evad ehedad ja lihtsalt kaunid v\u00e4lja. Liitu kindlasti uudiskirjaga Meist lehel, kui soovid meie toodetest rohkem teada!<\/p>\n                    <\/div>\n\n                <\/div>\n\t\t\t\t\n\n                <div class=\"item d-flex\">\n\n                    <div class=\"question  font-bold  mb-2 cursor-pointer relative\">\n\t\t\t\t\t\tKas tooteid saab tellida ka ilma tr\u00fckita?                        <div class=\"arrow down absolute mt-3 sm:mt-1\"><\/div>\n                    <\/div>\n                    <div class=\"answer  text-content pb-6 animated fadeIn\">\n\t\t\t\t\t\t\n<p>Enamikke tooteid on v\u00f5imalik tellida ka ilma tr\u00fckita. Erandlikult n\u00f5uavad osad br\u00e4ndid, et nende tooteid v\u00f5ib m\u00fc\u00fca ainult koos tr\u00fckiga, aga selleks on meil olemas nutikad lahendused. Tule meie juurde konsulatsioonile ja vaatame v\u00f5imalused koos l\u00e4bi!<\/p>\n                    <\/div>\n\n                <\/div>\n\t\t\t\t\n\n                <div class=\"item d-flex\">\n\n                    <div class=\"question  font-bold  mb-2 cursor-pointer relative\">\n\t\t\t\t\t\tKui palju maksab kujundusfaili loomine?                        <div class=\"arrow down absolute mt-3 sm:mt-1\"><\/div>\n                    <\/div>\n                    <div class=\"answer  text-content pb-6 animated fadeIn\">\n\t\t\t\t\t\t\n<p>Kujudust\u00f6\u00f6de maksumust m\u00f5jutab palju disaineri poolt selleks kulutatud aeg. V\u00e4iksemad ja lihtsamad kujundust\u00f6\u00f6d on kiirelt teostatavad, isegi samal p\u00e4eval. Seevastu keerukamad ja disainin\u00f5udlikumad \u00fclessanded on mahukamad, kuna tuleb leida tervikkonseptsioon, anda loominguline panus ja teha palju tehnilist t\u00f6\u00f6d. T\u00e4pse pakkumise tarvis palume saata meile k\u00f5ik kujundust puuutavad ideed, \u00fclesehitus, logod, tekstid, failid, pildid jms!<\/p>\n                    <\/div>\n\n                <\/div>\n\t\t\t\t\n\n                <div class=\"item d-flex\">\n\n                    <div class=\"question  font-bold  mb-2 cursor-pointer relative\">\n\t\t\t\t\t\tKui palju maksab printimine erinevatele toodetele?                        <div class=\"arrow down absolute mt-3 sm:mt-1\"><\/div>\n                    <\/div>\n                    <div class=\"answer  text-content pb-6 animated fadeIn\">\n\t\t\t\t\t\t\n<p>Printimise hind tootele s\u00f5ltub tootest, kogustest ja tr\u00fckitehnoloogiast. Mida suurem on kogus, seda soodsam on ka tr\u00fckk. Samuti m\u00f5jutavad teenuse hinda ka tr\u00fckitava ala suurus, asukoht v\u00f5i lehek\u00fclgede arv. T\u00e4pse pakkumise saamiseks palume meiega \u00fchendust v\u00f5tta!<\/p>\n                    <\/div>\n\n                <\/div>\n\t\t\t\t\n\n                <div class=\"item d-flex\">\n\n                    <div class=\"question  font-bold  mb-2 cursor-pointer relative\">\n\t\t\t\t\t\tKas keskkonnas\u00f5bralikud tooted maksavad rohkem ja on v\u00e4hem kvaliteetsed?                        <div class=\"arrow down absolute mt-3 sm:mt-1\"><\/div>\n                    <\/div>\n                    <div class=\"answer  text-content pb-6 animated fadeIn\">\n\t\t\t\t\t\t\n<p>Valdavalt on hinnatase tavatoodetega t\u00e4naseks \u00fchtlustunud, kuid kindlasti v\u00f5ib leida ka erandeid. Enamasti on rohetootjate toodang v\u00e4gagi kvaliteetne: paksemad materjalid, kvaliteetsed \u00f5mblused ja mugavad l\u00f5iked, silmapaistev disain ning praktiline tootevalik. Suuresti on tegu tootjatega, kes tahavad tarbida midagi, mis eetiliselt valmistatud, l\u00e4bim\u00f5eldud ja hoiab meie elukeskonda!<\/p>\n                    <\/div>\n\n                <\/div>\n\t\t\t\t\n\n                <div class=\"item d-flex\">\n\n                    <div class=\"question  font-bold  mb-2 cursor-pointer relative\">\n\t\t\t\t\t\tKas tooteid on v\u00f5imalik n\u00e4ha ja proovida?                        <div class=\"arrow down absolute mt-3 sm:mt-1\"><\/div>\n                    <\/div>\n                    <div class=\"answer  text-content pb-6 animated fadeIn\">\n\t\t\t\t\t\t\n<p>N\u00e4idiseksemplare on v\u00f5imalik endale tellida koju, kontorisse v\u00f5i k\u00fclastada meie stuudiot Telliskivi 60a\/2. Kohapeale tulles soovitame eelnevalt aja kokku leppida ja uurida, kas huvipakkuv toode on stuudios olemas. V\u00f5ta meiega \u00fchendust telefoni v\u00f5i e-posti teel!<\/p>\n                    <\/div>\n\n                <\/div>\n\t\t\t\t\n<\/div>\n\n\n\n\n\n\n\n\n\n<h2 class=\"module-heading\">\n\n\t        <div class=\"text-pink lowercase font-medium font-wider\">\n\t\t\ttellimine        <\/div>\n\t\n<\/h2>\n\n<div class=\"desc\">\n\t<\/div>\n\n\n<div class=\"faqCont mb-16   \">\n\n\t\n\n                <div class=\"item d-flex\">\n\n                    <div class=\"question  font-bold  mb-2 cursor-pointer relative\">\n\t\t\t\t\t\tKuidas mul on v\u00f5imalik ette kujutada, milline hakkab tr\u00fckk tootel v\u00e4lja n\u00e4gema?                        <div class=\"arrow down absolute mt-3 sm:mt-1\"><\/div>\n                    <\/div>\n                    <div class=\"answer  text-content pb-6 animated fadeIn\">\n\t\t\t\t\t\t\n<p>Me saadame alati kavandid enne toote tr\u00fckki saatmist \u00fclevaatamiseks ja kinnitamiseks. Soovi korral on v\u00f5imalik kavandat ka muuta!<\/p>\n                    <\/div>\n\n                <\/div>\n\t\t\t\t\n\n                <div class=\"item d-flex\">\n\n                    <div class=\"question  font-bold  mb-2 cursor-pointer relative\">\n\t\t\t\t\t\tMillise faili peaksin kujundusse saatma?                        <div class=\"arrow down absolute mt-3 sm:mt-1\"><\/div>\n                    <\/div>\n                    <div class=\"answer  text-content pb-6 animated fadeIn\">\n\t\t\t\t\t\t\n<p>V\u00f5tame vastu k\u00f5ik failid ja veendume nende sobivuses!\u00a0H\u00e4sti sobib vektorgraafikas fail, mis on salvestatud j\u00e4rgmistes vormingutes: pdf, ai, eps, cdr. Kui on vaja saavutada tr\u00fckis v\u00e4ga t\u00e4pseid v\u00e4rvitoone, soovitame lisada kaasa ka pms v\u00e4rvikoodid.<\/p>\n\n\n\n<p><\/p>\n                    <\/div>\n\n                <\/div>\n\t\t\t\t\n\n                <div class=\"item d-flex\">\n\n                    <div class=\"question  font-bold  mb-2 cursor-pointer relative\">\n\t\t\t\t\t\tKui pikk on toodete tarneaeg?                        <div class=\"arrow down absolute mt-3 sm:mt-1\"><\/div>\n                    <\/div>\n                    <div class=\"answer  text-content pb-6 animated fadeIn\">\n\t\t\t\t\t\t\n<p>Tarneaeg s\u00f5ltub tootest ja sellest, millisest riigist tooted tulevad. Enamjaolt j\u00e4\u00e4b tarneaeg vahemikku 1 p\u00e4evast kuni 2 n\u00e4dalani. Kui mingi toote tellimisaeg j\u00e4\u00e4b sulle pikaks, siis alati on olemas alternatiivseid v\u00f5imalusi, mis on v\u00e4hem ajamahukad. T\u00e4pse tarneinfo anname iga tellimuse puhul eraldi teada.<\/p>\n                    <\/div>\n\n                <\/div>\n\t\t\t\t\n\n                <div class=\"item d-flex\">\n\n                    <div class=\"question  font-bold  mb-2 cursor-pointer relative\">\n\t\t\t\t\t\tKas vajadusel teostate ka kiirt\u00f6id?                        <div class=\"arrow down absolute mt-3 sm:mt-1\"><\/div>\n                    <\/div>\n                    <div class=\"answer  text-content pb-6 animated fadeIn\">\n\t\t\t\t\t\t\n<p>Mitmeid tooteid on v\u00f5imalik tellida ka kiirt\u00f6\u00f6na. \u00dcldiselt teenuse kiirus s\u00f5ltub mahtudest, toodete tarneaegadest, h\u00f5ivatusest ja samuti disaini- v\u00f5i tr\u00fckitehnilisest keerukusest. V\u00f5ta meiega \u00fchendust, et saaksime l\u00e4bir\u00e4\u00e4kida tootmisajas ja teha kiirt\u00f6\u00f6le pakkumise!<\/p>\n                    <\/div>\n\n                <\/div>\n\t\t\t\t\n\n                <div class=\"item d-flex\">\n\n                    <div class=\"question  font-bold  mb-2 cursor-pointer relative\">\n\t\t\t\t\t\tKui kiirelt teete kliendile pakkumise?                        <div class=\"arrow down absolute mt-3 sm:mt-1\"><\/div>\n                    <\/div>\n                    <div class=\"answer  text-content pb-6 animated fadeIn\">\n\t\t\t\t\t\t\n<p>P\u00e4ringutele vastame enamasti samal p\u00e4eval esimesel vabal hetkel. V\u00e4ga kiirete k\u00fcsimuste korral soovitame meile helistada!<\/p>\n                    <\/div>\n\n                <\/div>\n\t\t\t\t\n<\/div>\n\n\n\n\n\n\n\n\n<p><strong>Kas j\u00e4i veel m\u00f5ni k\u00fcsimus \u00f5hku?<\/strong><\/p>\n\n\n\n<p class=\"a-pink\"><strong><a href=\"http:\/\/kind.ee\/kontakt\/\">V\u00f5ta meiega \u00fchendust<\/a><\/strong> <strong>ja vastame heameelega!<\/strong><\/p>\n","protected":false},"excerpt":{"rendered":"<p>Kas j\u00e4i veel m\u00f5ni k\u00fcsimus \u00f5hku? V\u00f5ta meiega \u00fchendust ja vastame heameelega!<\/p>\n","protected":false},"author":1,"featured_media":0,"parent":0,"menu_order":32,"comment_status":"closed","ping_status":"closed","template":"","meta":{"footnotes":""},"class_list":["post-736","page","type-page","status-publish","hentry"],"acf":false,"_links":{"self":[{"href":"https:\/\/kind.ee\/et\/wp-json\/wp\/v2\/pages\/736","targetHints":{"allow":["GET"]}}],"collection":[{"href":"https:\/\/kind.ee\/et\/wp-json\/wp\/v2\/pages"}],"about":[{"href":"https:\/\/kind.ee\/et\/wp-json\/wp\/v2\/types\/page"}],"author":[{"embeddable":true,"href":"https:\/\/kind.ee\/et\/wp-json\/wp\/v2\/users\/1"}],"replies":[{"embeddable":true,"href":"https:\/\/kind.ee\/et\/wp-json\/wp\/v2\/comments?post=736"}],"version-history":[{"count":24,"href":"https:\/\/kind.ee\/et\/wp-json\/wp\/v2\/pages\/736\/revisions"}],"predecessor-version":[{"id":2301,"href":"https:\/\/kind.ee\/et\/wp-json\/wp\/v2\/pages\/736\/revisions\/2301"}],"wp:attachment":[{"href":"https:\/\/kind.ee\/et\/wp-json\/wp\/v2\/media?parent=736"}],"curies":[{"name":"wp","href":"https:\/\/api.w.org\/{rel}","templated":true}]}}