{"id":709,"date":"2021-09-07T10:03:12","date_gmt":"2021-09-07T10:03:12","guid":{"rendered":"http:\/\/kind.ee\/test2020?page_id=709"},"modified":"2024-12-31T13:55:02","modified_gmt":"2024-12-31T13:55:02","slug":"meist","status":"publish","type":"page","link":"https:\/\/kind.ee\/et\/meist\/","title":{"rendered":"Meist"},"content":{"rendered":"\n<h2 class=\"wp-block-heading\">Kind\u2019i lugu<\/h2>\n\n\n\n<p>Meie oleme KIND!<\/p>\n\n\n\n<p>Stuudio KIND juhib Eestis teed j\u00e4tkusuutlike tr\u00fckitehnikate kasutuses, rakendades ringlussev\u00f5etud plastikut ning looduslikke materjale, ja seda mitte ainult j\u00e4tkusuutlike r\u00f5iva- ja interj\u00f6\u00f6rikangaste valmistamiseks, aga ka \u00fcmber defineerides \u00f6koloogilise disaini standardeid mitmesuguste toodete jaoks.<\/p>\n\n\n\n<p>Tunneme uhkust ettev\u00f5tete ja projektide abistamisel graafilise disaini ja tr\u00fckilahendustega, v\u00f5ttes eesm\u00e4rgiks r\u00e4\u00e4kida iga loodud t\u00f6\u00f6ga ainulaadseid lugusid.<\/p>\n\n\n\n<div style=\"height:23px\" aria-hidden=\"true\" class=\"wp-block-spacer\"><\/div>\n\n\n\n<div class=\"wp-block-group people\"><div class=\"wp-block-group__inner-container is-layout-flow wp-block-group-is-layout-flow\">\n<h2 class=\"wp-block-heading\">inimesed<\/h2>\n\n\n\n<p><strong>Marius-Guy Allik<\/strong><\/p>\n\n\n\n<p><em>Loovprojektijuht<\/em><\/p>\n\n\n\n<p>Marius-Guy on \u00fcle 10 a. tegutsenud tr\u00fckiga personaliseerimise ja graafilise disaini loov- projektijuhina. <\/p>\n\n\n\n<p>Ta hindab k\u00f5rgelt disaini, tooteid ja tr\u00fckikunsti, mis on ainulaadsed, puhtad, eetilised ja h\u00e4sti toimivad.<\/p>\n\n\n\n<p>Juba p\u00e4ris alguses, kui ta alustas tr\u00fckimeistrina, defineeris ta alateadlikult \u00fcmber tr\u00fckiste ehitust, kuna talle tundus nii lihtsalt ilusam ja \u00f5igem. Ta teab r\u00e4\u00e4kida, et sel ajal polnud j\u00e4tkusuutlik m\u00f5tteviis tavaline ja leidus&nbsp; \u00fcksikuid kliente, kes k\u00fcsisid, kas teil on paberit, mis n\u00e4eks keskkonnas\u00f5bralik v\u00e4lja.<\/p>\n\n\n\n<p>Mariust on alati inspireerinud pabertr\u00fckised, r\u00f5ivadisain, keskkonnateadlik tootmine ja viimasel ajal on ta s\u00fcdamest p\u00fchendunud ruumide j\u00e4tkusuutlikule disainimisele. <\/p>\n\n\n\n<p>Ta m\u00e4rkab detaile, m\u00f5istab eesm\u00e4rke, armastab luua ja juhib s\u00fcdamega.<\/p>\n<\/div><\/div>\n\n\n\n<div class=\"wp-block-group people\"><div class=\"wp-block-group__inner-container is-layout-flow wp-block-group-is-layout-flow\">\n<p><strong>Aili Pai<\/strong><\/p>\n\n\n\n<p><em>Graafiline ja ruumi disainer<\/em><\/p>\n\n\n\n<p>Aili armastab v\u00e4ga maalida ja vahel v\u00f5tab ta osa kaduvast loodusest ja paneb l\u00f5uendile. See on tegelikult osa tema kutsumusest disainida taaskasutatud materjalidest sisutuselemente.<\/p>\n\n\n\n<p>Graafilise disainerina meeldib talle trendide j\u00e4rgimine ja minimalistlik l\u00e4henemine, mis kombineerituna enese pideva arendamisega aitab luua esteetiliselt kaasaegseid ja m\u00f5jusaid visuaale. <\/p>\n\n\n\n<p>Aili on p\u00fchendunud 100% j\u00e4tkusuutlikule disainile ning naudib v\u00e4ljakutseid, mis muudavad kunstilise teekonna p\u00f5nevalt mitmek\u00fclgseks. <\/p>\n\n\n\n<p>Tema inspiratsiooni allikaks on elu ise, mis pakub l\u00f5putult vorme, v\u00e4rve, tekstuure, mustreid, erinevaid emotsioone, kogemusi ja lugusid ning palju muud, mida saab kunstiliselt v\u00e4ljendada.<\/p>\n<\/div><\/div>\n\n\n\n<div class=\"wp-block-group people\"><div class=\"wp-block-group__inner-container is-layout-flow wp-block-group-is-layout-flow\">\n<p><strong>Helina<\/strong> <strong>Allik<\/strong><\/p>\n\n\n\n<p><em>Toote- ja ruumidisainer<\/em><\/p>\n\n\n\n<p>Helinal l\u00e4heb silm s\u00e4rama kodumaisest disainist: olgu siis selleks muster- v\u00f5i toonkangad v\u00f5i p\u00f5nevate l\u00f5igetega disainr\u00f5ivad. <\/p>\n\n\n\n<p>Tema just aitab meil v\u00e4lja valida kvaliteetsed tooted, arvestades materjalide erip\u00e4rasid ja samuti hooajalisi trende. N\u00e4iteks peab ta oluliseks, et riided, millele tr\u00fckitakse oleksid ka kehas\u00f5bralikud, kvaliteetsete l\u00f5igetega ja eetiliselt toodetud. <\/p>\n\n\n\n<p>Igap\u00e4evaselt toimetab ta soengumeistrina ja enda vaba aja veedab visandades imelisi kleite ja juhtides koduriideid valmistavat ettev\u00f5tet \u00d5dus.&nbsp;<\/p>\n<\/div><\/div>\n\n\n\n<div class=\"wp-block-group people\"><div class=\"wp-block-group__inner-container is-layout-flow wp-block-group-is-layout-flow\">\n<p><strong>Merily Mikiver<\/strong><\/p>\n\n\n\n<p><em>Loov- ja reklaamteenuste projektijuht<\/em><\/p>\n\n\n\n<p>Merily on kirglik projektijuht, kes armastab disaini ja loovust. Ta \u00fchendab oma tugeva esteetilise silma uuenduslike ideedega, et tuua ellu projekte alates esimestest m\u00f5tetest kuni l\u00f5pptulemuseni.<\/p>\n\n\n\n<p>Tema silmad s\u00e4ravad, kui tegemist on nutika r\u00f5ivadisaini, kvaliteetsete l\u00f5igete ja hoolikalt valitud materjalidega. Merilyil on ka oma imeline kudumibr\u00e4nd ning seet\u00f5ttu on ka tr\u00fcki ja perosnaliseerimise maailmas ta lemmikuks erinevad stiilsed tiimiriided ning loovad etiketid br\u00e4ndidele.<\/p>\n\n\n\n<p>Merily \u00f5pib ringdisaini magistris ning rakendab neid teadmisi ka oma t\u00f6\u00f6s, et luua lahendusi, mis arvestavad looduse ja keskkonna hoidmisega.<\/p>\n\n\n\n<p>J\u00e4tkusuutlik eluviis on Merily jaoks v\u00e4ga oluline, ja see peegeldub tema igap\u00e4evases t\u00f6\u00f6s ja valikutes. Ta usub, et loovus ja eetika saavad k\u00e4ia k\u00e4sik\u00e4es ning tema eesm\u00e4rk on luua projekte, mis toovad r\u00f5\u00f5mu ja positiivset muutust.<\/p>\n<\/div><\/div>\n\n\n\n<div class=\"wp-block-group people\"><div class=\"wp-block-group__inner-container is-layout-flow wp-block-group-is-layout-flow\">\n<p><\/p>\n\n\n\n<p><\/p>\n<\/div><\/div>\n\n\n\n<div class=\"wp-block-button join\"><a class=\"wp-block-button__link wp-element-button\">Liitu uudiskirjaga<\/a><\/div>\n\n\n\n<div style=\"height:100px\" aria-hidden=\"true\" class=\"wp-block-spacer\"><\/div>\n","protected":false},"excerpt":{"rendered":"<p>Kind\u2019i lugu Meie oleme KIND! Stuudio KIND juhib Eestis teed j\u00e4tkusuutlike tr\u00fckitehnikate kasutuses, rakendades ringlussev\u00f5etud plastikut ning looduslikke materjale, ja seda mitte ainult j\u00e4tkusuutlike r\u00f5iva- ja interj\u00f6\u00f6rikangaste valmistamiseks, aga ka \u00fcmber defineerides \u00f6koloogilise disaini standardeid mitmesuguste toodete jaoks. Tunneme uhkust ettev\u00f5tete ja projektide abistamisel graafilise disaini ja tr\u00fckilahendustega, v\u00f5ttes eesm\u00e4rgiks r\u00e4\u00e4kida iga loodud t\u00f6\u00f6ga ainulaadseid&#8230;<\/p>\n","protected":false},"author":1,"featured_media":23666,"parent":0,"menu_order":35,"comment_status":"closed","ping_status":"closed","template":"","meta":{"footnotes":""},"class_list":["post-709","page","type-page","status-publish","has-post-thumbnail","hentry"],"acf":false,"_links":{"self":[{"href":"https:\/\/kind.ee\/et\/wp-json\/wp\/v2\/pages\/709","targetHints":{"allow":["GET"]}}],"collection":[{"href":"https:\/\/kind.ee\/et\/wp-json\/wp\/v2\/pages"}],"about":[{"href":"https:\/\/kind.ee\/et\/wp-json\/wp\/v2\/types\/page"}],"author":[{"embeddable":true,"href":"https:\/\/kind.ee\/et\/wp-json\/wp\/v2\/users\/1"}],"replies":[{"embeddable":true,"href":"https:\/\/kind.ee\/et\/wp-json\/wp\/v2\/comments?post=709"}],"version-history":[{"count":61,"href":"https:\/\/kind.ee\/et\/wp-json\/wp\/v2\/pages\/709\/revisions"}],"predecessor-version":[{"id":34484,"href":"https:\/\/kind.ee\/et\/wp-json\/wp\/v2\/pages\/709\/revisions\/34484"}],"wp:featuredmedia":[{"embeddable":true,"href":"https:\/\/kind.ee\/et\/wp-json\/wp\/v2\/media\/23666"}],"wp:attachment":[{"href":"https:\/\/kind.ee\/et\/wp-json\/wp\/v2\/media?parent=709"}],"curies":[{"name":"wp","href":"https:\/\/api.w.org\/{rel}","templated":true}]}}