{"id":36224,"date":"2025-06-18T19:12:01","date_gmt":"2025-06-18T19:12:01","guid":{"rendered":"https:\/\/kind.ee\/pood\/sweatshirt-neutral\/"},"modified":"2026-02-03T15:40:25","modified_gmt":"2026-02-03T15:40:25","slug":"sweatshirt-neutral","status":"publish","type":"product","link":"https:\/\/kind.ee\/en\/toode\/sweatshirt-neutral\/","title":{"rendered":"sweatshirt Neutral"},"content":{"rendered":"","protected":false},"excerpt":{"rendered":"","protected":false},"featured_media":11743,"template":"","meta":[],"product_brand":[],"product_cat":[945,947],"product_tag":[],"class_list":{"0":"post-36224","1":"product","2":"type-product","3":"status-publish","4":"has-post-thumbnail","6":"product_cat-clothing","7":"product_cat-hoodies","9":"first","10":"instock","11":"shipping-taxable","12":"purchasable","13":"product-type-simple"},"acf":{"muugi_argumendid":["\u00f6kos\u00f5bralik","unisex stiilis","taaskasutatud materjalist"],"season":["winter: S\u00fcgisest Talveni","summer: Suve hooaeg"],"sertifikaadid":["Orgaaniline materjal","EU Ecolabel","Fairtrade","OEKO-Tex","Taastuvenergial toodetud"],"toote_pildid_varvide_kaupa":[{"pildid":[{"ID":15844,"id":15844,"title":"O69301UnisexWorkwearSweatshirt_Navy_1024x1024","filename":"O69301UnisexWorkwearSweatshirt_Navy_1024x1024.webp","filesize":81346,"url":"https:\/\/kind.ee\/wp-content\/uploads\/2023\/04\/O69301UnisexWorkwearSweatshirt_Navy_1024x1024.webp","link":"https:\/\/kind.ee\/en\/?attachment_id=15844","alt":"","author":"4","description":"","caption":"","name":"o69301unisexworkwearsweatshirt_navy_1024x1024-2","status":"inherit","uploaded_to":36224,"date":"2023-11-04 19:20:09","modified":"2025-06-18 19:12:01","menu_order":0,"mime_type":"image\/webp","type":"image","subtype":"webp","icon":"https:\/\/kind.ee\/wp-includes\/images\/media\/default.png","width":751,"height":943,"sizes":{"thumbnail":"https:\/\/kind.ee\/wp-content\/uploads\/2023\/04\/O69301UnisexWorkwearSweatshirt_Navy_1024x1024-150x150.webp","thumbnail-width":150,"thumbnail-height":150,"medium":"https:\/\/kind.ee\/wp-content\/uploads\/2023\/04\/O69301UnisexWorkwearSweatshirt_Navy_1024x1024-239x300.webp","medium-width":239,"medium-height":300,"medium_large":"https:\/\/kind.ee\/wp-content\/uploads\/2023\/04\/O69301UnisexWorkwearSweatshirt_Navy_1024x1024.webp","medium_large-width":751,"medium_large-height":943,"large":"https:\/\/kind.ee\/wp-content\/uploads\/2023\/04\/O69301UnisexWorkwearSweatshirt_Navy_1024x1024.webp","large-width":751,"large-height":943,"1536x1536":"https:\/\/kind.ee\/wp-content\/uploads\/2023\/04\/O69301UnisexWorkwearSweatshirt_Navy_1024x1024.webp","1536x1536-width":751,"1536x1536-height":943,"2048x2048":"https:\/\/kind.ee\/wp-content\/uploads\/2023\/04\/O69301UnisexWorkwearSweatshirt_Navy_1024x1024.webp","2048x2048-width":751,"2048x2048-height":943,"galerii_large":"https:\/\/kind.ee\/wp-content\/uploads\/2023\/04\/O69301UnisexWorkwearSweatshirt_Navy_1024x1024-337x337.webp","galerii_large-width":337,"galerii_large-height":337,"galerii_large_retina":"https:\/\/kind.ee\/wp-content\/uploads\/2023\/04\/O69301UnisexWorkwearSweatshirt_Navy_1024x1024-674x674.webp","galerii_large_retina-width":674,"galerii_large_retina-height":674,"woocommerce_thumbnail":"https:\/\/kind.ee\/wp-content\/uploads\/2023\/04\/O69301UnisexWorkwearSweatshirt_Navy_1024x1024-300x300.webp","woocommerce_thumbnail-width":300,"woocommerce_thumbnail-height":300,"woocommerce_single":"https:\/\/kind.ee\/wp-content\/uploads\/2023\/04\/O69301UnisexWorkwearSweatshirt_Navy_1024x1024-600x753.webp","woocommerce_single-width":600,"woocommerce_single-height":753,"woocommerce_gallery_thumbnail":"https:\/\/kind.ee\/wp-content\/uploads\/2023\/04\/O69301UnisexWorkwearSweatshirt_Navy_1024x1024-100x100.webp","woocommerce_gallery_thumbnail-width":100,"woocommerce_gallery_thumbnail-height":100}},{"ID":15842,"id":15842,"title":"1_65246d31-423c-473e-a88a-c45f309dc40f_1024x1024","filename":"1_65246d31-423c-473e-a88a-c45f309dc40f_1024x1024.webp","filesize":9024,"url":"https:\/\/kind.ee\/wp-content\/uploads\/2023\/04\/1_65246d31-423c-473e-a88a-c45f309dc40f_1024x1024.webp","link":"https:\/\/kind.ee\/en\/?attachment_id=15842","alt":"","author":"4","description":"","caption":"","name":"1_65246d31-423c-473e-a88a-c45f309dc40f_1024x1024-2","status":"inherit","uploaded_to":36224,"date":"2023-11-04 19:20:05","modified":"2025-06-18 19:12:01","menu_order":0,"mime_type":"image\/webp","type":"image","subtype":"webp","icon":"https:\/\/kind.ee\/wp-includes\/images\/media\/default.png","width":788,"height":1024,"sizes":{"thumbnail":"https:\/\/kind.ee\/wp-content\/uploads\/2023\/04\/1_65246d31-423c-473e-a88a-c45f309dc40f_1024x1024-150x150.webp","thumbnail-width":150,"thumbnail-height":150,"medium":"https:\/\/kind.ee\/wp-content\/uploads\/2023\/04\/1_65246d31-423c-473e-a88a-c45f309dc40f_1024x1024-231x300.webp","medium-width":231,"medium-height":300,"medium_large":"https:\/\/kind.ee\/wp-content\/uploads\/2023\/04\/1_65246d31-423c-473e-a88a-c45f309dc40f_1024x1024-768x998.webp","medium_large-width":768,"medium_large-height":998,"large":"https:\/\/kind.ee\/wp-content\/uploads\/2023\/04\/1_65246d31-423c-473e-a88a-c45f309dc40f_1024x1024.webp","large-width":788,"large-height":1024,"1536x1536":"https:\/\/kind.ee\/wp-content\/uploads\/2023\/04\/1_65246d31-423c-473e-a88a-c45f309dc40f_1024x1024.webp","1536x1536-width":788,"1536x1536-height":1024,"2048x2048":"https:\/\/kind.ee\/wp-content\/uploads\/2023\/04\/1_65246d31-423c-473e-a88a-c45f309dc40f_1024x1024.webp","2048x2048-width":788,"2048x2048-height":1024,"galerii_large":"https:\/\/kind.ee\/wp-content\/uploads\/2023\/04\/1_65246d31-423c-473e-a88a-c45f309dc40f_1024x1024-337x337.webp","galerii_large-width":337,"galerii_large-height":337,"galerii_large_retina":"https:\/\/kind.ee\/wp-content\/uploads\/2023\/04\/1_65246d31-423c-473e-a88a-c45f309dc40f_1024x1024-674x674.webp","galerii_large_retina-width":674,"galerii_large_retina-height":674,"woocommerce_thumbnail":"https:\/\/kind.ee\/wp-content\/uploads\/2023\/04\/1_65246d31-423c-473e-a88a-c45f309dc40f_1024x1024-300x300.webp","woocommerce_thumbnail-width":300,"woocommerce_thumbnail-height":300,"woocommerce_single":"https:\/\/kind.ee\/wp-content\/uploads\/2023\/04\/1_65246d31-423c-473e-a88a-c45f309dc40f_1024x1024-600x780.webp","woocommerce_single-width":600,"woocommerce_single-height":780,"woocommerce_gallery_thumbnail":"https:\/\/kind.ee\/wp-content\/uploads\/2023\/04\/1_65246d31-423c-473e-a88a-c45f309dc40f_1024x1024-100x100.webp","woocommerce_gallery_thumbnail-width":100,"woocommerce_gallery_thumbnail-height":100}}],"varvikood":false,"varvid-native":false,"varvid-stedman":false,"varvikood-neutral":581,"varvid-sols":false,"midoceani_varvid":false,"purewaste":false,"beechfield-varvid":false,"bagbase":false,"mepal":false},{"pildid":[{"ID":15848,"id":15848,"title":"2_f33f74ea-7768-45f5-a777-c076bdc0c6f3_1024x1024","filename":"2_f33f74ea-7768-45f5-a777-c076bdc0c6f3_1024x1024.webp","filesize":10618,"url":"https:\/\/kind.ee\/wp-content\/uploads\/2023\/04\/2_f33f74ea-7768-45f5-a777-c076bdc0c6f3_1024x1024.webp","link":"https:\/\/kind.ee\/en\/?attachment_id=15848","alt":"","author":"4","description":"","caption":"","name":"2_f33f74ea-7768-45f5-a777-c076bdc0c6f3_1024x1024-2","status":"inherit","uploaded_to":36224,"date":"2023-11-04 19:21:12","modified":"2025-06-18 19:12:01","menu_order":0,"mime_type":"image\/webp","type":"image","subtype":"webp","icon":"https:\/\/kind.ee\/wp-includes\/images\/media\/default.png","width":788,"height":1024,"sizes":{"thumbnail":"https:\/\/kind.ee\/wp-content\/uploads\/2023\/04\/2_f33f74ea-7768-45f5-a777-c076bdc0c6f3_1024x1024-150x150.webp","thumbnail-width":150,"thumbnail-height":150,"medium":"https:\/\/kind.ee\/wp-content\/uploads\/2023\/04\/2_f33f74ea-7768-45f5-a777-c076bdc0c6f3_1024x1024-231x300.webp","medium-width":231,"medium-height":300,"medium_large":"https:\/\/kind.ee\/wp-content\/uploads\/2023\/04\/2_f33f74ea-7768-45f5-a777-c076bdc0c6f3_1024x1024-768x998.webp","medium_large-width":768,"medium_large-height":998,"large":"https:\/\/kind.ee\/wp-content\/uploads\/2023\/04\/2_f33f74ea-7768-45f5-a777-c076bdc0c6f3_1024x1024.webp","large-width":788,"large-height":1024,"1536x1536":"https:\/\/kind.ee\/wp-content\/uploads\/2023\/04\/2_f33f74ea-7768-45f5-a777-c076bdc0c6f3_1024x1024.webp","1536x1536-width":788,"1536x1536-height":1024,"2048x2048":"https:\/\/kind.ee\/wp-content\/uploads\/2023\/04\/2_f33f74ea-7768-45f5-a777-c076bdc0c6f3_1024x1024.webp","2048x2048-width":788,"2048x2048-height":1024,"galerii_large":"https:\/\/kind.ee\/wp-content\/uploads\/2023\/04\/2_f33f74ea-7768-45f5-a777-c076bdc0c6f3_1024x1024-337x337.webp","galerii_large-width":337,"galerii_large-height":337,"galerii_large_retina":"https:\/\/kind.ee\/wp-content\/uploads\/2023\/04\/2_f33f74ea-7768-45f5-a777-c076bdc0c6f3_1024x1024-674x674.webp","galerii_large_retina-width":674,"galerii_large_retina-height":674,"woocommerce_thumbnail":"https:\/\/kind.ee\/wp-content\/uploads\/2023\/04\/2_f33f74ea-7768-45f5-a777-c076bdc0c6f3_1024x1024-300x300.webp","woocommerce_thumbnail-width":300,"woocommerce_thumbnail-height":300,"woocommerce_single":"https:\/\/kind.ee\/wp-content\/uploads\/2023\/04\/2_f33f74ea-7768-45f5-a777-c076bdc0c6f3_1024x1024-600x780.webp","woocommerce_single-width":600,"woocommerce_single-height":780,"woocommerce_gallery_thumbnail":"https:\/\/kind.ee\/wp-content\/uploads\/2023\/04\/2_f33f74ea-7768-45f5-a777-c076bdc0c6f3_1024x1024-100x100.webp","woocommerce_gallery_thumbnail-width":100,"woocommerce_gallery_thumbnail-height":100}}],"varvikood":false,"varvid-native":false,"varvid-stedman":false,"varvikood-neutral":585,"varvid-sols":false,"midoceani_varvid":false,"purewaste":false,"beechfield-varvid":false,"bagbase":false,"mepal":false}],"kanga-info":"80% organic cotton, 20% recycled polyester (fabric thickness 300 g\/m2)","loige":"Lohva","min_kogus":"5","paksus":"300","tooteinfo":"A loose-fitting sweatshirt with a rounded neckline. The sweatshirt is made of durable and warm material. Suitable for both men and women.  ","suuruste_tabel":{"ID":4269,"id":4269,"title":"neutral_suurused","filename":"neutral_suurused.png","filesize":11807,"url":"https:\/\/kind.ee\/wp-content\/uploads\/2023\/04\/neutral_suurused.png","link":"https:\/\/kind.ee\/en\/?attachment_id=4269","alt":"","author":"1","description":"","caption":"","name":"neutral_suurused-2","status":"inherit","uploaded_to":36213,"date":"2023-04-12 13:13:48","modified":"2025-06-18 19:11:40","menu_order":0,"mime_type":"image\/png","type":"image","subtype":"png","icon":"https:\/\/kind.ee\/wp-includes\/images\/media\/default.png","width":793,"height":165,"sizes":{"thumbnail":"https:\/\/kind.ee\/wp-content\/uploads\/2023\/04\/neutral_suurused-150x150.png","thumbnail-width":150,"thumbnail-height":150,"medium":"https:\/\/kind.ee\/wp-content\/uploads\/2023\/04\/neutral_suurused-300x62.png","medium-width":300,"medium-height":62,"medium_large":"https:\/\/kind.ee\/wp-content\/uploads\/2023\/04\/neutral_suurused-768x160.png","medium_large-width":768,"medium_large-height":160,"large":"https:\/\/kind.ee\/wp-content\/uploads\/2023\/04\/neutral_suurused.png","large-width":793,"large-height":165,"1536x1536":"https:\/\/kind.ee\/wp-content\/uploads\/2023\/04\/neutral_suurused.png","1536x1536-width":793,"1536x1536-height":165,"2048x2048":"https:\/\/kind.ee\/wp-content\/uploads\/2023\/04\/neutral_suurused.png","2048x2048-width":793,"2048x2048-height":165,"galerii_large":"https:\/\/kind.ee\/wp-content\/uploads\/2023\/04\/neutral_suurused-337x165.png","galerii_large-width":337,"galerii_large-height":165,"galerii_large_retina":"https:\/\/kind.ee\/wp-content\/uploads\/2023\/04\/neutral_suurused-674x165.png","galerii_large_retina-width":674,"galerii_large_retina-height":165,"woocommerce_thumbnail":"https:\/\/kind.ee\/wp-content\/uploads\/2023\/04\/neutral_suurused-300x165.png","woocommerce_thumbnail-width":300,"woocommerce_thumbnail-height":165,"woocommerce_single":"https:\/\/kind.ee\/wp-content\/uploads\/2023\/04\/neutral_suurused-600x125.png","woocommerce_single-width":600,"woocommerce_single-height":125,"woocommerce_gallery_thumbnail":"https:\/\/kind.ee\/wp-content\/uploads\/2023\/04\/neutral_suurused-100x100.png","woocommerce_gallery_thumbnail-width":100,"woocommerce_gallery_thumbnail-height":100}}},"_links":{"self":[{"href":"https:\/\/kind.ee\/en\/wp-json\/wp\/v2\/product\/36224","targetHints":{"allow":["GET"]}}],"collection":[{"href":"https:\/\/kind.ee\/en\/wp-json\/wp\/v2\/product"}],"about":[{"href":"https:\/\/kind.ee\/en\/wp-json\/wp\/v2\/types\/product"}],"wp:featuredmedia":[{"embeddable":true,"href":"https:\/\/kind.ee\/en\/wp-json\/wp\/v2\/media\/11743"}],"wp:attachment":[{"href":"https:\/\/kind.ee\/en\/wp-json\/wp\/v2\/media?parent=36224"}],"wp:term":[{"taxonomy":"product_brand","embeddable":true,"href":"https:\/\/kind.ee\/en\/wp-json\/wp\/v2\/product_brand?post=36224"},{"taxonomy":"product_cat","embeddable":true,"href":"https:\/\/kind.ee\/en\/wp-json\/wp\/v2\/product_cat?post=36224"},{"taxonomy":"product_tag","embeddable":true,"href":"https:\/\/kind.ee\/en\/wp-json\/wp\/v2\/product_tag?post=36224"}],"curies":[{"name":"wp","href":"https:\/\/api.w.org\/{rel}","templated":true}]}}