{"id":36108,"date":"2025-06-18T18:54:46","date_gmt":"2025-06-18T18:54:46","guid":{"rendered":"https:\/\/kind.ee\/pood\/womens-big-dress-t-shirt-neutral\/"},"modified":"2026-02-03T14:43:14","modified_gmt":"2026-02-03T14:43:14","slug":"womens-big-dress-t-shirt-neutral","status":"publish","type":"product","link":"https:\/\/kind.ee\/en\/toode\/womens-big-dress-t-shirt-neutral\/","title":{"rendered":"women&#8217;s big dress T-Shirt Neutral"},"content":{"rendered":"","protected":false},"excerpt":{"rendered":"","protected":false},"featured_media":20914,"template":"","meta":[],"product_brand":[],"product_cat":[945,951],"product_tag":[],"class_list":{"0":"post-36108","1":"product","2":"type-product","3":"status-publish","4":"has-post-thumbnail","6":"product_cat-clothing","7":"product_cat-dress","9":"first","10":"instock","11":"shipping-taxable","12":"purchasable","13":"product-type-simple"},"acf":{"muugi_argumendid":["suur v\u00e4rvivalik","laos olemas","\u00f6kos\u00f5bralik"],"sertifikaadid":["Orgaaniline materjal","EU Ecolabel","Fairtrade","OEKO-Tex"],"toote_pildid_varvide_kaupa":[{"pildid":[{"ID":20910,"id":20910,"title":"1_ca2fb21f-47bc-4f58-9220-91c5ca9381c6_1024x1024","filename":"1_ca2fb21f-47bc-4f58-9220-91c5ca9381c6_1024x1024.webp","filesize":7454,"url":"https:\/\/kind.ee\/wp-content\/uploads\/2024\/03\/1_ca2fb21f-47bc-4f58-9220-91c5ca9381c6_1024x1024.webp","link":"https:\/\/kind.ee\/en\/?attachment_id=20910","alt":"","author":"1","description":"","caption":"","name":"1_ca2fb21f-47bc-4f58-9220-91c5ca9381c6_1024x1024-2","status":"inherit","uploaded_to":36108,"date":"2024-03-21 17:04:09","modified":"2025-06-18 18:54:47","menu_order":0,"mime_type":"image\/webp","type":"image","subtype":"webp","icon":"https:\/\/kind.ee\/wp-includes\/images\/media\/default.png","width":788,"height":1024,"sizes":{"thumbnail":"https:\/\/kind.ee\/wp-content\/uploads\/2024\/03\/1_ca2fb21f-47bc-4f58-9220-91c5ca9381c6_1024x1024-150x150.webp","thumbnail-width":150,"thumbnail-height":150,"medium":"https:\/\/kind.ee\/wp-content\/uploads\/2024\/03\/1_ca2fb21f-47bc-4f58-9220-91c5ca9381c6_1024x1024-231x300.webp","medium-width":231,"medium-height":300,"medium_large":"https:\/\/kind.ee\/wp-content\/uploads\/2024\/03\/1_ca2fb21f-47bc-4f58-9220-91c5ca9381c6_1024x1024-768x998.webp","medium_large-width":768,"medium_large-height":998,"large":"https:\/\/kind.ee\/wp-content\/uploads\/2024\/03\/1_ca2fb21f-47bc-4f58-9220-91c5ca9381c6_1024x1024.webp","large-width":788,"large-height":1024,"1536x1536":"https:\/\/kind.ee\/wp-content\/uploads\/2024\/03\/1_ca2fb21f-47bc-4f58-9220-91c5ca9381c6_1024x1024.webp","1536x1536-width":788,"1536x1536-height":1024,"2048x2048":"https:\/\/kind.ee\/wp-content\/uploads\/2024\/03\/1_ca2fb21f-47bc-4f58-9220-91c5ca9381c6_1024x1024.webp","2048x2048-width":788,"2048x2048-height":1024,"galerii_large":"https:\/\/kind.ee\/wp-content\/uploads\/2024\/03\/1_ca2fb21f-47bc-4f58-9220-91c5ca9381c6_1024x1024-337x337.webp","galerii_large-width":337,"galerii_large-height":337,"galerii_large_retina":"https:\/\/kind.ee\/wp-content\/uploads\/2024\/03\/1_ca2fb21f-47bc-4f58-9220-91c5ca9381c6_1024x1024-674x674.webp","galerii_large_retina-width":674,"galerii_large_retina-height":674,"woocommerce_thumbnail":"https:\/\/kind.ee\/wp-content\/uploads\/2024\/03\/1_ca2fb21f-47bc-4f58-9220-91c5ca9381c6_1024x1024-300x300.webp","woocommerce_thumbnail-width":300,"woocommerce_thumbnail-height":300,"woocommerce_single":"https:\/\/kind.ee\/wp-content\/uploads\/2024\/03\/1_ca2fb21f-47bc-4f58-9220-91c5ca9381c6_1024x1024-600x780.webp","woocommerce_single-width":600,"woocommerce_single-height":780,"woocommerce_gallery_thumbnail":"https:\/\/kind.ee\/wp-content\/uploads\/2024\/03\/1_ca2fb21f-47bc-4f58-9220-91c5ca9381c6_1024x1024-100x100.webp","woocommerce_gallery_thumbnail-width":100,"woocommerce_gallery_thumbnail-height":100}}],"varvikood":false,"varvid-native":false,"varvid-stedman":false,"varvikood-neutral":556,"varvid-sols":false,"midoceani_varvid":false,"purewaste":false,"beechfield-varvid":false,"bagbase":false,"mepal":false},{"pildid":[{"ID":20912,"id":20912,"title":"2_0e0daa9c-298a-49df-ab6b-fa2bcf452df1_1024x1024","filename":"2_0e0daa9c-298a-49df-ab6b-fa2bcf452df1_1024x1024.webp","filesize":9140,"url":"https:\/\/kind.ee\/wp-content\/uploads\/2024\/03\/2_0e0daa9c-298a-49df-ab6b-fa2bcf452df1_1024x1024.webp","link":"https:\/\/kind.ee\/en\/?attachment_id=20912","alt":"","author":"1","description":"","caption":"","name":"2_0e0daa9c-298a-49df-ab6b-fa2bcf452df1_1024x1024-2","status":"inherit","uploaded_to":36108,"date":"2024-03-21 17:04:24","modified":"2025-06-18 18:54:47","menu_order":0,"mime_type":"image\/webp","type":"image","subtype":"webp","icon":"https:\/\/kind.ee\/wp-includes\/images\/media\/default.png","width":788,"height":1024,"sizes":{"thumbnail":"https:\/\/kind.ee\/wp-content\/uploads\/2024\/03\/2_0e0daa9c-298a-49df-ab6b-fa2bcf452df1_1024x1024-150x150.webp","thumbnail-width":150,"thumbnail-height":150,"medium":"https:\/\/kind.ee\/wp-content\/uploads\/2024\/03\/2_0e0daa9c-298a-49df-ab6b-fa2bcf452df1_1024x1024-231x300.webp","medium-width":231,"medium-height":300,"medium_large":"https:\/\/kind.ee\/wp-content\/uploads\/2024\/03\/2_0e0daa9c-298a-49df-ab6b-fa2bcf452df1_1024x1024-768x998.webp","medium_large-width":768,"medium_large-height":998,"large":"https:\/\/kind.ee\/wp-content\/uploads\/2024\/03\/2_0e0daa9c-298a-49df-ab6b-fa2bcf452df1_1024x1024.webp","large-width":788,"large-height":1024,"1536x1536":"https:\/\/kind.ee\/wp-content\/uploads\/2024\/03\/2_0e0daa9c-298a-49df-ab6b-fa2bcf452df1_1024x1024.webp","1536x1536-width":788,"1536x1536-height":1024,"2048x2048":"https:\/\/kind.ee\/wp-content\/uploads\/2024\/03\/2_0e0daa9c-298a-49df-ab6b-fa2bcf452df1_1024x1024.webp","2048x2048-width":788,"2048x2048-height":1024,"galerii_large":"https:\/\/kind.ee\/wp-content\/uploads\/2024\/03\/2_0e0daa9c-298a-49df-ab6b-fa2bcf452df1_1024x1024-337x337.webp","galerii_large-width":337,"galerii_large-height":337,"galerii_large_retina":"https:\/\/kind.ee\/wp-content\/uploads\/2024\/03\/2_0e0daa9c-298a-49df-ab6b-fa2bcf452df1_1024x1024-674x674.webp","galerii_large_retina-width":674,"galerii_large_retina-height":674,"woocommerce_thumbnail":"https:\/\/kind.ee\/wp-content\/uploads\/2024\/03\/2_0e0daa9c-298a-49df-ab6b-fa2bcf452df1_1024x1024-300x300.webp","woocommerce_thumbnail-width":300,"woocommerce_thumbnail-height":300,"woocommerce_single":"https:\/\/kind.ee\/wp-content\/uploads\/2024\/03\/2_0e0daa9c-298a-49df-ab6b-fa2bcf452df1_1024x1024-600x780.webp","woocommerce_single-width":600,"woocommerce_single-height":780,"woocommerce_gallery_thumbnail":"https:\/\/kind.ee\/wp-content\/uploads\/2024\/03\/2_0e0daa9c-298a-49df-ab6b-fa2bcf452df1_1024x1024-100x100.webp","woocommerce_gallery_thumbnail-width":100,"woocommerce_gallery_thumbnail-height":100}}],"varvikood":false,"varvid-native":false,"varvid-stedman":false,"varvikood-neutral":581,"varvid-sols":false,"midoceani_varvid":false,"purewaste":false,"beechfield-varvid":false,"bagbase":false,"mepal":false},{"pildid":[{"ID":20914,"id":20914,"title":"3_04493006-607f-4bda-bbc0-63ed33566375_1024x1024","filename":"3_04493006-607f-4bda-bbc0-63ed33566375_1024x1024.webp","filesize":9764,"url":"https:\/\/kind.ee\/wp-content\/uploads\/2024\/03\/3_04493006-607f-4bda-bbc0-63ed33566375_1024x1024.webp","link":"https:\/\/kind.ee\/en\/?attachment_id=20914","alt":"","author":"1","description":"","caption":"","name":"3_04493006-607f-4bda-bbc0-63ed33566375_1024x1024-2","status":"inherit","uploaded_to":36108,"date":"2024-03-21 17:04:45","modified":"2025-06-18 18:54:47","menu_order":0,"mime_type":"image\/webp","type":"image","subtype":"webp","icon":"https:\/\/kind.ee\/wp-includes\/images\/media\/default.png","width":788,"height":1024,"sizes":{"thumbnail":"https:\/\/kind.ee\/wp-content\/uploads\/2024\/03\/3_04493006-607f-4bda-bbc0-63ed33566375_1024x1024-150x150.webp","thumbnail-width":150,"thumbnail-height":150,"medium":"https:\/\/kind.ee\/wp-content\/uploads\/2024\/03\/3_04493006-607f-4bda-bbc0-63ed33566375_1024x1024-231x300.webp","medium-width":231,"medium-height":300,"medium_large":"https:\/\/kind.ee\/wp-content\/uploads\/2024\/03\/3_04493006-607f-4bda-bbc0-63ed33566375_1024x1024-768x998.webp","medium_large-width":768,"medium_large-height":998,"large":"https:\/\/kind.ee\/wp-content\/uploads\/2024\/03\/3_04493006-607f-4bda-bbc0-63ed33566375_1024x1024.webp","large-width":788,"large-height":1024,"1536x1536":"https:\/\/kind.ee\/wp-content\/uploads\/2024\/03\/3_04493006-607f-4bda-bbc0-63ed33566375_1024x1024.webp","1536x1536-width":788,"1536x1536-height":1024,"2048x2048":"https:\/\/kind.ee\/wp-content\/uploads\/2024\/03\/3_04493006-607f-4bda-bbc0-63ed33566375_1024x1024.webp","2048x2048-width":788,"2048x2048-height":1024,"galerii_large":"https:\/\/kind.ee\/wp-content\/uploads\/2024\/03\/3_04493006-607f-4bda-bbc0-63ed33566375_1024x1024-337x337.webp","galerii_large-width":337,"galerii_large-height":337,"galerii_large_retina":"https:\/\/kind.ee\/wp-content\/uploads\/2024\/03\/3_04493006-607f-4bda-bbc0-63ed33566375_1024x1024-674x674.webp","galerii_large_retina-width":674,"galerii_large_retina-height":674,"woocommerce_thumbnail":"https:\/\/kind.ee\/wp-content\/uploads\/2024\/03\/3_04493006-607f-4bda-bbc0-63ed33566375_1024x1024-300x300.webp","woocommerce_thumbnail-width":300,"woocommerce_thumbnail-height":300,"woocommerce_single":"https:\/\/kind.ee\/wp-content\/uploads\/2024\/03\/3_04493006-607f-4bda-bbc0-63ed33566375_1024x1024-600x780.webp","woocommerce_single-width":600,"woocommerce_single-height":780,"woocommerce_gallery_thumbnail":"https:\/\/kind.ee\/wp-content\/uploads\/2024\/03\/3_04493006-607f-4bda-bbc0-63ed33566375_1024x1024-100x100.webp","woocommerce_gallery_thumbnail-width":100,"woocommerce_gallery_thumbnail-height":100}}],"varvikood":false,"varvid-native":false,"varvid-stedman":false,"varvikood-neutral":585,"varvid-sols":false,"midoceani_varvid":false,"purewaste":false,"beechfield-varvid":false,"bagbase":false,"mepal":false},{"pildid":[{"ID":20916,"id":20916,"title":"O81020_RED_1024x1024","filename":"O81020_RED_1024x1024.webp","filesize":11624,"url":"https:\/\/kind.ee\/wp-content\/uploads\/2024\/03\/O81020_RED_1024x1024.webp","link":"https:\/\/kind.ee\/en\/?attachment_id=20916","alt":"","author":"1","description":"","caption":"","name":"o81020_red_1024x1024-2","status":"inherit","uploaded_to":36108,"date":"2024-03-21 17:04:55","modified":"2025-06-18 18:54:47","menu_order":0,"mime_type":"image\/webp","type":"image","subtype":"webp","icon":"https:\/\/kind.ee\/wp-includes\/images\/media\/default.png","width":788,"height":1024,"sizes":{"thumbnail":"https:\/\/kind.ee\/wp-content\/uploads\/2024\/03\/O81020_RED_1024x1024-150x150.webp","thumbnail-width":150,"thumbnail-height":150,"medium":"https:\/\/kind.ee\/wp-content\/uploads\/2024\/03\/O81020_RED_1024x1024-231x300.webp","medium-width":231,"medium-height":300,"medium_large":"https:\/\/kind.ee\/wp-content\/uploads\/2024\/03\/O81020_RED_1024x1024-768x998.webp","medium_large-width":768,"medium_large-height":998,"large":"https:\/\/kind.ee\/wp-content\/uploads\/2024\/03\/O81020_RED_1024x1024.webp","large-width":788,"large-height":1024,"1536x1536":"https:\/\/kind.ee\/wp-content\/uploads\/2024\/03\/O81020_RED_1024x1024.webp","1536x1536-width":788,"1536x1536-height":1024,"2048x2048":"https:\/\/kind.ee\/wp-content\/uploads\/2024\/03\/O81020_RED_1024x1024.webp","2048x2048-width":788,"2048x2048-height":1024,"galerii_large":"https:\/\/kind.ee\/wp-content\/uploads\/2024\/03\/O81020_RED_1024x1024-337x337.webp","galerii_large-width":337,"galerii_large-height":337,"galerii_large_retina":"https:\/\/kind.ee\/wp-content\/uploads\/2024\/03\/O81020_RED_1024x1024-674x674.webp","galerii_large_retina-width":674,"galerii_large_retina-height":674,"woocommerce_thumbnail":"https:\/\/kind.ee\/wp-content\/uploads\/2024\/03\/O81020_RED_1024x1024-300x300.webp","woocommerce_thumbnail-width":300,"woocommerce_thumbnail-height":300,"woocommerce_single":"https:\/\/kind.ee\/wp-content\/uploads\/2024\/03\/O81020_RED_1024x1024-600x780.webp","woocommerce_single-width":600,"woocommerce_single-height":780,"woocommerce_gallery_thumbnail":"https:\/\/kind.ee\/wp-content\/uploads\/2024\/03\/O81020_RED_1024x1024-100x100.webp","woocommerce_gallery_thumbnail-width":100,"woocommerce_gallery_thumbnail-height":100}}],"varvikood":false,"varvid-native":false,"varvid-stedman":false,"varvikood-neutral":578,"varvid-sols":false,"midoceani_varvid":false,"purewaste":false,"beechfield-varvid":false,"bagbase":false,"mepal":false},{"pildid":[{"ID":20918,"id":20918,"title":"O81020_MIL_1024x1024","filename":"O81020_MIL_1024x1024.webp","filesize":10500,"url":"https:\/\/kind.ee\/wp-content\/uploads\/2024\/03\/O81020_MIL_1024x1024.webp","link":"https:\/\/kind.ee\/en\/?attachment_id=20918","alt":"","author":"1","description":"","caption":"","name":"o81020_mil_1024x1024-2","status":"inherit","uploaded_to":36108,"date":"2024-03-21 17:05:07","modified":"2025-06-18 18:54:47","menu_order":0,"mime_type":"image\/webp","type":"image","subtype":"webp","icon":"https:\/\/kind.ee\/wp-includes\/images\/media\/default.png","width":788,"height":1024,"sizes":{"thumbnail":"https:\/\/kind.ee\/wp-content\/uploads\/2024\/03\/O81020_MIL_1024x1024-150x150.webp","thumbnail-width":150,"thumbnail-height":150,"medium":"https:\/\/kind.ee\/wp-content\/uploads\/2024\/03\/O81020_MIL_1024x1024-231x300.webp","medium-width":231,"medium-height":300,"medium_large":"https:\/\/kind.ee\/wp-content\/uploads\/2024\/03\/O81020_MIL_1024x1024-768x998.webp","medium_large-width":768,"medium_large-height":998,"large":"https:\/\/kind.ee\/wp-content\/uploads\/2024\/03\/O81020_MIL_1024x1024.webp","large-width":788,"large-height":1024,"1536x1536":"https:\/\/kind.ee\/wp-content\/uploads\/2024\/03\/O81020_MIL_1024x1024.webp","1536x1536-width":788,"1536x1536-height":1024,"2048x2048":"https:\/\/kind.ee\/wp-content\/uploads\/2024\/03\/O81020_MIL_1024x1024.webp","2048x2048-width":788,"2048x2048-height":1024,"galerii_large":"https:\/\/kind.ee\/wp-content\/uploads\/2024\/03\/O81020_MIL_1024x1024-337x337.webp","galerii_large-width":337,"galerii_large-height":337,"galerii_large_retina":"https:\/\/kind.ee\/wp-content\/uploads\/2024\/03\/O81020_MIL_1024x1024-674x674.webp","galerii_large_retina-width":674,"galerii_large_retina-height":674,"woocommerce_thumbnail":"https:\/\/kind.ee\/wp-content\/uploads\/2024\/03\/O81020_MIL_1024x1024-300x300.webp","woocommerce_thumbnail-width":300,"woocommerce_thumbnail-height":300,"woocommerce_single":"https:\/\/kind.ee\/wp-content\/uploads\/2024\/03\/O81020_MIL_1024x1024-600x780.webp","woocommerce_single-width":600,"woocommerce_single-height":780,"woocommerce_gallery_thumbnail":"https:\/\/kind.ee\/wp-content\/uploads\/2024\/03\/O81020_MIL_1024x1024-100x100.webp","woocommerce_gallery_thumbnail-width":100,"woocommerce_gallery_thumbnail-height":100}}],"varvikood":false,"varvid-native":false,"varvid-stedman":false,"varvikood-neutral":579,"varvid-sols":false,"midoceani_varvid":false,"purewaste":false,"beechfield-varvid":false,"bagbase":false,"mepal":false},{"pildid":[{"ID":20920,"id":20920,"title":"O81020_GREY_1024x1024","filename":"O81020_GREY_1024x1024.jpg","filesize":71645,"url":"https:\/\/kind.ee\/wp-content\/uploads\/2024\/03\/O81020_GREY_1024x1024.jpg","link":"https:\/\/kind.ee\/en\/?attachment_id=20920","alt":"","author":"1","description":"","caption":"","name":"o81020_grey_1024x1024-2","status":"inherit","uploaded_to":36108,"date":"2024-03-21 17:05:19","modified":"2025-06-18 18:54:47","menu_order":0,"mime_type":"image\/jpeg","type":"image","subtype":"jpeg","icon":"https:\/\/kind.ee\/wp-includes\/images\/media\/default.png","width":788,"height":1024,"sizes":{"thumbnail":"https:\/\/kind.ee\/wp-content\/uploads\/2024\/03\/O81020_GREY_1024x1024-150x150.jpg","thumbnail-width":150,"thumbnail-height":150,"medium":"https:\/\/kind.ee\/wp-content\/uploads\/2024\/03\/O81020_GREY_1024x1024-231x300.jpg","medium-width":231,"medium-height":300,"medium_large":"https:\/\/kind.ee\/wp-content\/uploads\/2024\/03\/O81020_GREY_1024x1024-768x998.jpg","medium_large-width":768,"medium_large-height":998,"large":"https:\/\/kind.ee\/wp-content\/uploads\/2024\/03\/O81020_GREY_1024x1024.jpg","large-width":788,"large-height":1024,"1536x1536":"https:\/\/kind.ee\/wp-content\/uploads\/2024\/03\/O81020_GREY_1024x1024.jpg","1536x1536-width":788,"1536x1536-height":1024,"2048x2048":"https:\/\/kind.ee\/wp-content\/uploads\/2024\/03\/O81020_GREY_1024x1024.jpg","2048x2048-width":788,"2048x2048-height":1024,"galerii_large":"https:\/\/kind.ee\/wp-content\/uploads\/2024\/03\/O81020_GREY_1024x1024-337x337.jpg","galerii_large-width":337,"galerii_large-height":337,"galerii_large_retina":"https:\/\/kind.ee\/wp-content\/uploads\/2024\/03\/O81020_GREY_1024x1024-674x674.jpg","galerii_large_retina-width":674,"galerii_large_retina-height":674,"woocommerce_thumbnail":"https:\/\/kind.ee\/wp-content\/uploads\/2024\/03\/O81020_GREY_1024x1024-300x300.jpg","woocommerce_thumbnail-width":300,"woocommerce_thumbnail-height":300,"woocommerce_single":"https:\/\/kind.ee\/wp-content\/uploads\/2024\/03\/O81020_GREY_1024x1024-600x780.jpg","woocommerce_single-width":600,"woocommerce_single-height":780,"woocommerce_gallery_thumbnail":"https:\/\/kind.ee\/wp-content\/uploads\/2024\/03\/O81020_GREY_1024x1024-100x100.jpg","woocommerce_gallery_thumbnail-width":100,"woocommerce_gallery_thumbnail-height":100}}],"varvikood":false,"varvid-native":false,"varvid-stedman":false,"varvikood-neutral":566,"varvid-sols":false,"midoceani_varvid":false,"purewaste":false,"beechfield-varvid":false,"bagbase":false,"mepal":false},{"pildid":[{"ID":20922,"id":20922,"title":"O81020_DMIN_1024x1024","filename":"O81020_DMIN_1024x1024.webp","filesize":9596,"url":"https:\/\/kind.ee\/wp-content\/uploads\/2024\/03\/O81020_DMIN_1024x1024.webp","link":"https:\/\/kind.ee\/en\/?attachment_id=20922","alt":"","author":"1","description":"","caption":"","name":"o81020_dmin_1024x1024-2","status":"inherit","uploaded_to":36108,"date":"2024-03-21 17:05:34","modified":"2025-06-18 18:54:47","menu_order":0,"mime_type":"image\/webp","type":"image","subtype":"webp","icon":"https:\/\/kind.ee\/wp-includes\/images\/media\/default.png","width":788,"height":1024,"sizes":{"thumbnail":"https:\/\/kind.ee\/wp-content\/uploads\/2024\/03\/O81020_DMIN_1024x1024-150x150.webp","thumbnail-width":150,"thumbnail-height":150,"medium":"https:\/\/kind.ee\/wp-content\/uploads\/2024\/03\/O81020_DMIN_1024x1024-231x300.webp","medium-width":231,"medium-height":300,"medium_large":"https:\/\/kind.ee\/wp-content\/uploads\/2024\/03\/O81020_DMIN_1024x1024-768x998.webp","medium_large-width":768,"medium_large-height":998,"large":"https:\/\/kind.ee\/wp-content\/uploads\/2024\/03\/O81020_DMIN_1024x1024.webp","large-width":788,"large-height":1024,"1536x1536":"https:\/\/kind.ee\/wp-content\/uploads\/2024\/03\/O81020_DMIN_1024x1024.webp","1536x1536-width":788,"1536x1536-height":1024,"2048x2048":"https:\/\/kind.ee\/wp-content\/uploads\/2024\/03\/O81020_DMIN_1024x1024.webp","2048x2048-width":788,"2048x2048-height":1024,"galerii_large":"https:\/\/kind.ee\/wp-content\/uploads\/2024\/03\/O81020_DMIN_1024x1024-337x337.webp","galerii_large-width":337,"galerii_large-height":337,"galerii_large_retina":"https:\/\/kind.ee\/wp-content\/uploads\/2024\/03\/O81020_DMIN_1024x1024-674x674.webp","galerii_large_retina-width":674,"galerii_large_retina-height":674,"woocommerce_thumbnail":"https:\/\/kind.ee\/wp-content\/uploads\/2024\/03\/O81020_DMIN_1024x1024-300x300.webp","woocommerce_thumbnail-width":300,"woocommerce_thumbnail-height":300,"woocommerce_single":"https:\/\/kind.ee\/wp-content\/uploads\/2024\/03\/O81020_DMIN_1024x1024-600x780.webp","woocommerce_single-width":600,"woocommerce_single-height":780,"woocommerce_gallery_thumbnail":"https:\/\/kind.ee\/wp-content\/uploads\/2024\/03\/O81020_DMIN_1024x1024-100x100.webp","woocommerce_gallery_thumbnail-width":100,"woocommerce_gallery_thumbnail-height":100}}],"varvikood":false,"varvid-native":false,"varvid-stedman":false,"varvikood-neutral":559,"varvid-sols":false,"midoceani_varvid":false,"purewaste":false,"beechfield-varvid":false,"bagbase":false,"mepal":false},{"pildid":[{"ID":20924,"id":20924,"title":"O81020_DIND_1024x1024","filename":"O81020_DIND_1024x1024.webp","filesize":9142,"url":"https:\/\/kind.ee\/wp-content\/uploads\/2024\/03\/O81020_DIND_1024x1024.webp","link":"https:\/\/kind.ee\/en\/?attachment_id=20924","alt":"","author":"1","description":"","caption":"","name":"o81020_dind_1024x1024-2","status":"inherit","uploaded_to":36108,"date":"2024-03-21 17:05:49","modified":"2025-06-18 18:54:47","menu_order":0,"mime_type":"image\/webp","type":"image","subtype":"webp","icon":"https:\/\/kind.ee\/wp-includes\/images\/media\/default.png","width":788,"height":1024,"sizes":{"thumbnail":"https:\/\/kind.ee\/wp-content\/uploads\/2024\/03\/O81020_DIND_1024x1024-150x150.webp","thumbnail-width":150,"thumbnail-height":150,"medium":"https:\/\/kind.ee\/wp-content\/uploads\/2024\/03\/O81020_DIND_1024x1024-231x300.webp","medium-width":231,"medium-height":300,"medium_large":"https:\/\/kind.ee\/wp-content\/uploads\/2024\/03\/O81020_DIND_1024x1024-768x998.webp","medium_large-width":768,"medium_large-height":998,"large":"https:\/\/kind.ee\/wp-content\/uploads\/2024\/03\/O81020_DIND_1024x1024.webp","large-width":788,"large-height":1024,"1536x1536":"https:\/\/kind.ee\/wp-content\/uploads\/2024\/03\/O81020_DIND_1024x1024.webp","1536x1536-width":788,"1536x1536-height":1024,"2048x2048":"https:\/\/kind.ee\/wp-content\/uploads\/2024\/03\/O81020_DIND_1024x1024.webp","2048x2048-width":788,"2048x2048-height":1024,"galerii_large":"https:\/\/kind.ee\/wp-content\/uploads\/2024\/03\/O81020_DIND_1024x1024-337x337.webp","galerii_large-width":337,"galerii_large-height":337,"galerii_large_retina":"https:\/\/kind.ee\/wp-content\/uploads\/2024\/03\/O81020_DIND_1024x1024-674x674.webp","galerii_large_retina-width":674,"galerii_large_retina-height":674,"woocommerce_thumbnail":"https:\/\/kind.ee\/wp-content\/uploads\/2024\/03\/O81020_DIND_1024x1024-300x300.webp","woocommerce_thumbnail-width":300,"woocommerce_thumbnail-height":300,"woocommerce_single":"https:\/\/kind.ee\/wp-content\/uploads\/2024\/03\/O81020_DIND_1024x1024-600x780.webp","woocommerce_single-width":600,"woocommerce_single-height":780,"woocommerce_gallery_thumbnail":"https:\/\/kind.ee\/wp-content\/uploads\/2024\/03\/O81020_DIND_1024x1024-100x100.webp","woocommerce_gallery_thumbnail-width":100,"woocommerce_gallery_thumbnail-height":100}}],"varvikood":false,"varvid-native":false,"varvid-stedman":false,"varvikood-neutral":570,"varvid-sols":false,"midoceani_varvid":false,"purewaste":false,"beechfield-varvid":false,"bagbase":false,"mepal":false}],"kanga-info":"100% organic cotton, fabric thickness 155 g\/m2","min_kogus":"5","paksus":"155","tooteinfo":"Loose-fitting t-shirt with a long dress length. Slightly lowered shoulders, regular short sleeves and a wider rounded neckline. The quality is soft and light.  ","season":[],"suuruste_tabel":{"ID":38576,"id":38576,"title":"naiste-suurustabel","filename":"naiste-suurustabel-3.jpg","filesize":24576,"url":"https:\/\/kind.ee\/wp-content\/uploads\/2025\/06\/naiste-suurustabel-3.jpg","link":"https:\/\/kind.ee\/en\/?attachment_id=38576","alt":"","author":"4","description":"","caption":"","name":"naiste-suurustabel-10-2","status":"inherit","uploaded_to":36108,"date":"2026-02-19 23:19:53","modified":"2026-02-19 23:19:53","menu_order":0,"mime_type":"image\/jpeg","type":"image","subtype":"jpeg","icon":"https:\/\/kind.ee\/wp-includes\/images\/media\/default.png","width":1024,"height":295,"sizes":{"thumbnail":"https:\/\/kind.ee\/wp-content\/uploads\/2025\/06\/naiste-suurustabel-3-150x150.jpg","thumbnail-width":150,"thumbnail-height":150,"medium":"https:\/\/kind.ee\/wp-content\/uploads\/2025\/06\/naiste-suurustabel-3-300x86.jpg","medium-width":300,"medium-height":86,"medium_large":"https:\/\/kind.ee\/wp-content\/uploads\/2025\/06\/naiste-suurustabel-3-768x221.jpg","medium_large-width":768,"medium_large-height":221,"large":"https:\/\/kind.ee\/wp-content\/uploads\/2025\/06\/naiste-suurustabel-3.jpg","large-width":1024,"large-height":295,"1536x1536":"https:\/\/kind.ee\/wp-content\/uploads\/2025\/06\/naiste-suurustabel-3.jpg","1536x1536-width":1024,"1536x1536-height":295,"2048x2048":"https:\/\/kind.ee\/wp-content\/uploads\/2025\/06\/naiste-suurustabel-3.jpg","2048x2048-width":1024,"2048x2048-height":295,"galerii_large":"https:\/\/kind.ee\/wp-content\/uploads\/2025\/06\/naiste-suurustabel-3-800x230.jpg","galerii_large-width":800,"galerii_large-height":230,"galerii_large_retina":"https:\/\/kind.ee\/wp-content\/uploads\/2025\/06\/naiste-suurustabel-3.jpg","galerii_large_retina-width":1024,"galerii_large_retina-height":295,"woocommerce_thumbnail":"https:\/\/kind.ee\/wp-content\/uploads\/2025\/06\/naiste-suurustabel-3-300x295.jpg","woocommerce_thumbnail-width":300,"woocommerce_thumbnail-height":295,"woocommerce_single":"https:\/\/kind.ee\/wp-content\/uploads\/2025\/06\/naiste-suurustabel-3-600x173.jpg","woocommerce_single-width":600,"woocommerce_single-height":173,"woocommerce_gallery_thumbnail":"https:\/\/kind.ee\/wp-content\/uploads\/2025\/06\/naiste-suurustabel-3-100x100.jpg","woocommerce_gallery_thumbnail-width":100,"woocommerce_gallery_thumbnail-height":100}}},"_links":{"self":[{"href":"https:\/\/kind.ee\/en\/wp-json\/wp\/v2\/product\/36108","targetHints":{"allow":["GET"]}}],"collection":[{"href":"https:\/\/kind.ee\/en\/wp-json\/wp\/v2\/product"}],"about":[{"href":"https:\/\/kind.ee\/en\/wp-json\/wp\/v2\/types\/product"}],"wp:featuredmedia":[{"embeddable":true,"href":"https:\/\/kind.ee\/en\/wp-json\/wp\/v2\/media\/20914"}],"wp:attachment":[{"href":"https:\/\/kind.ee\/en\/wp-json\/wp\/v2\/media?parent=36108"}],"wp:term":[{"taxonomy":"product_brand","embeddable":true,"href":"https:\/\/kind.ee\/en\/wp-json\/wp\/v2\/product_brand?post=36108"},{"taxonomy":"product_cat","embeddable":true,"href":"https:\/\/kind.ee\/en\/wp-json\/wp\/v2\/product_cat?post=36108"},{"taxonomy":"product_tag","embeddable":true,"href":"https:\/\/kind.ee\/en\/wp-json\/wp\/v2\/product_tag?post=36108"}],"curies":[{"name":"wp","href":"https:\/\/api.w.org\/{rel}","templated":true}]}}